{"id":59,"date":"2014-01-19T15:37:44","date_gmt":"2014-01-19T14:37:44","guid":{"rendered":"http:\/\/e-adams.pl\/?page_id=59"},"modified":"2020-02-25T09:47:20","modified_gmt":"2020-02-25T08:47:20","slug":"angebot","status":"publish","type":"page","link":"https:\/\/e-adams.pl\/de\/angebot\/","title":{"rendered":"Angebot"},"content":{"rendered":"<p>[vc_row][vc_column][woodmart_title size=&#8220;medium&#8220; woodmart_css_id=&#8220;5e54dbf31e6f0&#8243; title=&#8220;ADAMS BAUZENTRUM&#8220; title_width=&#8220;100&#8243; after_title=&#8220;UNSER SORTIMENTANGEBOT&#8220; subtitle=&#8220;G\u00f3rno\u015bl\u0105ska 17 Stra\u00dfe, 68-200 \u017bary&#8220; woodmart_empty_space=&#8220;&#8220;][\/vc_column][\/vc_row][vc_row content_placement=&#8220;middle&#8220; mobile_bg_img_hidden=&#8220;no&#8220; tablet_bg_img_hidden=&#8220;no&#8220; woodmart_parallax=&#8220;0&#8243; woodmart_gradient_switch=&#8220;no&#8220; row_reverse_mobile=&#8220;0&#8243; row_reverse_tablet=&#8220;0&#8243; woodmart_disable_overflow=&#8220;0&#8243;][vc_column width=&#8220;1\/4&#8243; mobile_bg_img_hidden=&#8220;no&#8220; tablet_bg_img_hidden=&#8220;no&#8220; woodmart_parallax=&#8220;0&#8243; woodmart_sticky_column=&#8220;false&#8220; parallax_scroll=&#8220;no&#8220; mobile_reset_margin=&#8220;no&#8220; tablet_reset_margin=&#8220;no&#8220;][woodmart_gallery images=&#8220;9039&#8243; view=&#8220;grid&#8220; spacing=&#8220;0&#8243; horizontal_align=&#8220;center&#8220; vertical_align=&#8220;middle&#8220; on_click=&#8220;links&#8220; img_size=&#8220;full&#8220; columns=&#8220;1&#8243; target_blank=&#8220;0&#8243; custom_links=&#8220;#E-8_aHR0cHMlM0ElMkYlMkZlLWFkYW1zLnBsJTJGZGUlMkZhbmdlYm90JTJGYmF1c3RvZmZlJTJG&#8220; lazy_loading=&#8220;yes&#8220; woodmart_empty_space=&#8220;&#8220;][vc_column_text text_larger=&#8220;no&#8220;]<\/p>\n<p style=\"text-align: center;\"><strong>Baustoffe<\/strong><\/p>\n<p>[\/vc_column_text][vc_column_text text_larger=&#8220;no&#8220;][\/vc_column_text][\/vc_column][vc_column width=&#8220;1\/4&#8243;][woodmart_gallery images=&#8220;9035&#8243; view=&#8220;grid&#8220; spacing=&#8220;0&#8243; horizontal_align=&#8220;center&#8220; vertical_align=&#8220;middle&#8220; on_click=&#8220;links&#8220; img_size=&#8220;full&#8220; columns=&#8220;1&#8243; target_blank=&#8220;0&#8243; custom_links=&#8220;#E-8_aHR0cHMlM0ElMkYlMkZlLWFkYW1zLnBsJTJGZGUlMkZhbmdlYm90JTJGZmFyYmUtdW5kLXB1dHplJTJG&#8220; lazy_loading=&#8220;yes&#8220; woodmart_empty_space=&#8220;&#8220;][vc_column_text text_larger=&#8220;no&#8220;]<\/p>\n<p style=\"text-align: center;\"><strong>Farbe, Putze, Tappetten<\/strong><\/p>\n<p>[\/vc_column_text][\/vc_column][vc_column width=&#8220;1\/4&#8243;][woodmart_gallery images=&#8220;7595&#8243; view=&#8220;grid&#8220; spacing=&#8220;0&#8243; horizontal_align=&#8220;center&#8220; vertical_align=&#8220;middle&#8220; on_click=&#8220;links&#8220; img_size=&#8220;full&#8220; columns=&#8220;1&#8243; target_blank=&#8220;0&#8243; custom_links=&#8220;#E-8_aHR0cHMlM0ElMkYlMkZlLWFkYW1zLnBsJTJGZGUlMkZhbmdlYm90JTJGZmxpZXNlbi11bmQtYXJtYXR1cmVuJTJG&#8220; lazy_loading=&#8220;yes&#8220; woodmart_empty_space=&#8220;&#8220;][vc_column_text text_larger=&#8220;no&#8220;]<\/p>\n<p style=\"text-align: center;\"><strong>Fliesen und Armaturen<\/strong><\/p>\n<p>[\/vc_column_text][\/vc_column][vc_column width=&#8220;1\/4&#8243;][woodmart_gallery images=&#8220;9038&#8243; view=&#8220;grid&#8220; spacing=&#8220;0&#8243; horizontal_align=&#8220;center&#8220; vertical_align=&#8220;middle&#8220; on_click=&#8220;links&#8220; img_size=&#8220;full&#8220; columns=&#8220;1&#8243; target_blank=&#8220;0&#8243; custom_links=&#8220;#E-8_aHR0cHMlM0ElMkYlMkZlLWFkYW1zLnBsJTJGZGUlMkZhbmdlYm90JTJGcGZsYXN0ZXJzdGVpbmUtZ3Jhbml0ZS10YXJhc2VuJTJG&#8220; lazy_loading=&#8220;yes&#8220; woodmart_empty_space=&#8220;&#8220;][vc_column_text text_larger=&#8220;no&#8220;]<\/p>\n<p style=\"text-align: center;\"><strong>Pflastersteine, Granite, Tarasen<\/strong><\/p>\n<p>[\/vc_column_text][\/vc_column][\/vc_row][vc_row content_placement=&#8220;middle&#8220; mobile_bg_img_hidden=&#8220;no&#8220; tablet_bg_img_hidden=&#8220;no&#8220; woodmart_parallax=&#8220;0&#8243; woodmart_gradient_switch=&#8220;no&#8220; row_reverse_mobile=&#8220;0&#8243; row_reverse_tablet=&#8220;0&#8243; woodmart_disable_overflow=&#8220;0&#8243;][vc_column width=&#8220;1\/4&#8243;][woodmart_gallery images=&#8220;9036&#8243; view=&#8220;grid&#8220; spacing=&#8220;0&#8243; horizontal_align=&#8220;center&#8220; vertical_align=&#8220;middle&#8220; on_click=&#8220;links&#8220; img_size=&#8220;full&#8220; columns=&#8220;1&#8243; target_blank=&#8220;0&#8243; custom_links=&#8220;#E-8_aHR0cHMlM0ElMkYlMkZlLWFkYW1zLnBsJTJGZGUlMkZhbmdlYm90JTJGaHlkcmF1bGlrJTJG&#8220; lazy_loading=&#8220;yes&#8220; woodmart_empty_space=&#8220;&#8220;][vc_column_text text_larger=&#8220;no&#8220;]<\/p>\n<p style=\"text-align: center;\"><strong>Hydraulik, Abwasserrohre<\/strong><\/p>\n<p>[\/vc_column_text][vc_column_text text_larger=&#8220;no&#8220;][\/vc_column_text][\/vc_column][vc_column width=&#8220;1\/4&#8243;][woodmart_gallery images=&#8220;7597&#8243; view=&#8220;grid&#8220; spacing=&#8220;0&#8243; horizontal_align=&#8220;center&#8220; vertical_align=&#8220;middle&#8220; on_click=&#8220;links&#8220; img_size=&#8220;full&#8220; columns=&#8220;1&#8243; target_blank=&#8220;0&#8243; custom_links=&#8220;#E-8_aHR0cHMlM0ElMkYlMkZlLWFkYW1zLnBsJTJGZGUlMkZhbmdlYm90JTJGaGVpenVuZ3N0ZWNobmlrLXVuZC1oZWl6ZW4lMkY=&#8220; lazy_loading=&#8220;yes&#8220; woodmart_empty_space=&#8220;&#8220;][vc_column_text text_larger=&#8220;no&#8220;]<\/p>\n<p style=\"text-align: center;\"><strong>Heizungstechnik und Heizen<\/strong><\/p>\n<p>[\/vc_column_text][\/vc_column][vc_column width=&#8220;1\/4&#8243;][woodmart_gallery images=&#8220;9040&#8243; view=&#8220;grid&#8220; spacing=&#8220;0&#8243; horizontal_align=&#8220;center&#8220; vertical_align=&#8220;middle&#8220; on_click=&#8220;links&#8220; img_size=&#8220;full&#8220; columns=&#8220;1&#8243; target_blank=&#8220;0&#8243; custom_links=&#8220;#E-8_aHR0cHMlM0ElMkYlMkZlLWFkYW1zLnBsJTJGZGUlMkZhbmdlYm90JTJGd2Vya3pldWdlLXNjaHJhdWJlJTJG&#8220; lazy_loading=&#8220;yes&#8220; woodmart_empty_space=&#8220;&#8220;][vc_column_text text_larger=&#8220;no&#8220;]<\/p>\n<p style=\"text-align: center;\"><strong>Werkzeuge, Schraube, Arbeitskleidung<\/strong><\/p>\n<p>[\/vc_column_text][\/vc_column][vc_column width=&#8220;1\/4&#8243;][woodmart_gallery images=&#8220;9037&#8243; view=&#8220;grid&#8220; spacing=&#8220;0&#8243; horizontal_align=&#8220;center&#8220; vertical_align=&#8220;middle&#8220; on_click=&#8220;links&#8220; img_size=&#8220;full&#8220; columns=&#8220;1&#8243; target_blank=&#8220;0&#8243; custom_links=&#8220;#E-8_aHR0cHMlM0ElMkYlMkZlLWFkYW1zLnBsJTJGZGUlMkZrb21mb3J0LXBsYXR0ZW4tZXRhZ2VuLXRlcHBpY2hlJTJG&#8220; lazy_loading=&#8220;yes&#8220; woodmart_empty_space=&#8220;&#8220;][vc_column_text text_larger=&#8220;no&#8220;]<\/p>\n<p style=\"text-align: center;\"><strong>KOMFORT \u2013 Platten, Etagen, Teppiche<br \/>\n<\/strong><\/p>\n<p>[\/vc_column_text][\/vc_column][\/vc_row][vc_row content_placement=&#8220;middle&#8220; mobile_bg_img_hidden=&#8220;no&#8220; tablet_bg_img_hidden=&#8220;no&#8220; woodmart_parallax=&#8220;0&#8243; woodmart_gradient_switch=&#8220;no&#8220; row_reverse_mobile=&#8220;0&#8243; row_reverse_tablet=&#8220;0&#8243; woodmart_disable_overflow=&#8220;0&#8243;][vc_column width=&#8220;1\/4&#8243;][woodmart_gallery images=&#8220;9041&#8243; view=&#8220;grid&#8220; spacing=&#8220;0&#8243; horizontal_align=&#8220;center&#8220; vertical_align=&#8220;middle&#8220; on_click=&#8220;links&#8220; img_size=&#8220;full&#8220; columns=&#8220;1&#8243; target_blank=&#8220;0&#8243; custom_links=&#8220;#E-8_aHR0cHMlM0ElMkYlMkZlLWFkYW1zLnBsJTJGZGUlMkZhbmdlYm90JTJGbWFya2lzZW4tcGVyZ29sYXMtcmFmZnN0b3JlbiUyRg==&#8220; lazy_loading=&#8220;yes&#8220; woodmart_empty_space=&#8220;&#8220;][vc_column_text text_larger=&#8220;no&#8220;]<\/p>\n<p style=\"text-align: center;\"><strong>Markisen, Pergolas, Raffstoren<\/strong><\/p>\n<p>[\/vc_column_text][vc_column_text text_larger=&#8220;no&#8220;][\/vc_column_text][\/vc_column][vc_column width=&#8220;1\/4&#8243;][woodmart_gallery images=&#8220;7596&#8243; view=&#8220;grid&#8220; spacing=&#8220;0&#8243; horizontal_align=&#8220;center&#8220; vertical_align=&#8220;middle&#8220; on_click=&#8220;links&#8220; img_size=&#8220;full&#8220; columns=&#8220;1&#8243; target_blank=&#8220;0&#8243; custom_links=&#8220;#E-8_aHR0cHMlM0ElMkYlMkZlLWFkYW1zLnBsJTJGZGUlMkZhbmdlYm90JTJGcm9sbGFkZW4tamFsb3VzaWVuLWZsaWVnZW5naXR0ZXIlMkY=&#8220; lazy_loading=&#8220;yes&#8220; woodmart_empty_space=&#8220;&#8220;][vc_column_text text_larger=&#8220;no&#8220;]<\/p>\n<p style=\"text-align: center;\"><strong>Roll\u00e4den, Jalousien, Fliegengitter, Vorh\u00e4nge<\/strong><\/p>\n<p>[\/vc_column_text][\/vc_column][vc_column width=&#8220;1\/4&#8243;][woodmart_gallery images=&#8220;8655&#8243; view=&#8220;grid&#8220; spacing=&#8220;0&#8243; horizontal_align=&#8220;center&#8220; vertical_align=&#8220;middle&#8220; on_click=&#8220;links&#8220; img_size=&#8220;full&#8220; columns=&#8220;1&#8243; target_blank=&#8220;0&#8243; custom_links=&#8220;#E-8_aHR0cHMlM0ElMkYlMkZlLWFkYW1zLnBsJTJGZGUlMkZhbmdlYm90JTJGdHVyZW4tdm9yZGFjaGVyLXBvbHljYXJib25hdCUyRg==&#8220; lazy_loading=&#8220;yes&#8220; woodmart_empty_space=&#8220;&#8220;][vc_column_text text_larger=&#8220;no&#8220;]<\/p>\n<p style=\"text-align: center;\"><strong>T\u00fcren und Vord\u00e4cher<\/strong><\/p>\n<p>[\/vc_column_text][\/vc_column][vc_column width=&#8220;1\/4&#8243;][woodmart_gallery images=&#8220;15069&#8243; view=&#8220;grid&#8220; spacing=&#8220;0&#8243; horizontal_align=&#8220;center&#8220; vertical_align=&#8220;middle&#8220; on_click=&#8220;links&#8220; img_size=&#8220;full&#8220; columns=&#8220;1&#8243; target_blank=&#8220;0&#8243; custom_links=&#8220;#E-8_aHR0cHMlM0ElMkYlMkZlLWFkYW1zLnBsJTJGZGUlMkZtb2ViZWwtdm94JTJG&#8220; lazy_loading=&#8220;yes&#8220; woodmart_empty_space=&#8220;&#8220;][vc_column_text text_larger=&#8220;no&#8220;]<\/p>\n<p style=\"text-align: center;\"><strong>Moebel VOX<br \/>\n<\/strong><\/p>\n<p>[\/vc_column_text][\/vc_column][\/vc_row][vc_row content_placement=&#8220;middle&#8220; mobile_bg_img_hidden=&#8220;no&#8220; tablet_bg_img_hidden=&#8220;no&#8220; woodmart_parallax=&#8220;0&#8243; woodmart_gradient_switch=&#8220;no&#8220; row_reverse_mobile=&#8220;0&#8243; row_reverse_tablet=&#8220;0&#8243; woodmart_disable_overflow=&#8220;0&#8243;][vc_column width=&#8220;1\/4&#8243;][woodmart_gallery images=&#8220;7554&#8243; view=&#8220;grid&#8220; spacing=&#8220;0&#8243; horizontal_align=&#8220;center&#8220; vertical_align=&#8220;middle&#8220; on_click=&#8220;links&#8220; img_size=&#8220;full&#8220; columns=&#8220;1&#8243; target_blank=&#8220;0&#8243; custom_links=&#8220;#E-8_aHR0cHMlM0ElMkYlMkZlLWFkYW1zLnBsJTJGZGUlMkZhbmdlYm90JTJGbW9iZWwtdW5kLWt1Y2hlbiUyRg==&#8220; lazy_loading=&#8220;yes&#8220; woodmart_empty_space=&#8220;&#8220;][vc_column_text text_larger=&#8220;no&#8220;]<\/p>\n<p style=\"text-align: center;\"><strong>K\u00fcchen<\/strong><\/p>\n<p>[\/vc_column_text][vc_column_text text_larger=&#8220;no&#8220;][\/vc_column_text][\/vc_column][vc_column width=&#8220;1\/4&#8243;][woodmart_gallery images=&#8220;7569&#8243; view=&#8220;grid&#8220; spacing=&#8220;0&#8243; horizontal_align=&#8220;center&#8220; vertical_align=&#8220;middle&#8220; on_click=&#8220;links&#8220; img_size=&#8220;full&#8220; columns=&#8220;1&#8243; target_blank=&#8220;0&#8243; custom_links=&#8220;#E-8_aHR0cCUzQSUyRiUyRndpc25pb3dza2kuYnJhbXktYWRhbXMucGwlMkY=&#8220; lazy_loading=&#8220;yes&#8220; woodmart_empty_space=&#8220;&#8220;][vc_column_text text_larger=&#8220;no&#8220;]<\/p>\n<p style=\"text-align: center;\"><strong>Fenster, T\u00fcr, Tore, Zaunsysteme<\/strong><\/p>\n<p>[\/vc_column_text][\/vc_column][vc_column width=&#8220;1\/4&#8243;][woodmart_gallery images=&#8220;7594&#8243; view=&#8220;grid&#8220; spacing=&#8220;0&#8243; horizontal_align=&#8220;center&#8220; vertical_align=&#8220;middle&#8220; on_click=&#8220;links&#8220; img_size=&#8220;full&#8220; columns=&#8220;1&#8243; target_blank=&#8220;0&#8243; custom_links=&#8220;#E-8_aHR0cHMlM0ElMkYlMkZlLWFkYW1zLnBsJTJGZGUlMkZhbmdlYm90JTJGYmVsZXVjaHR1bmclMkY=&#8220; lazy_loading=&#8220;yes&#8220; woodmart_empty_space=&#8220;&#8220;][vc_column_text text_larger=&#8220;no&#8220;]<\/p>\n<p style=\"text-align: center;\"><strong>Beleuchtung<\/strong><\/p>\n<p>[\/vc_column_text][\/vc_column][vc_column width=&#8220;1\/4&#8243;][woodmart_info_box style=&#8220;border&#8220; alignment=&#8220;center&#8220; btn_position=&#8220;static&#8220; btn_color=&#8220;primary&#8220; woodmart_css_id=&#8220;5e54de710ea18&#8243; title=&#8220;\u00dcBER FIRMA ADAMS&#8220; btn_text=&#8220;Weitere Informationen&#8220; svg_animation=&#8220;no&#8220; info_box_inline=&#8220;no&#8220; link=&#8220;url:https%3A%2F%2Fe-adams.pl%2Fde%2Fuber-uns%2F|||&#8220; woodmart_empty_space=&#8220;&#8220;][\/woodmart_info_box][\/vc_column][\/vc_row][vc_row][vc_column width=&#8220;1\/2&#8243;][woodmart_info_box style=&#8220;border&#8220; alignment=&#8220;center&#8220; btn_position=&#8220;static&#8220; btn_color=&#8220;primary&#8220; woodmart_css_id=&#8220;5e54deb6a008b&#8220; title=&#8220;Interessiert an unserem Angebot?&#8220; btn_text=&#8220;Kontaktieren Sie uns&#8220; svg_animation=&#8220;no&#8220; info_box_inline=&#8220;no&#8220; link=&#8220;url:https%3A%2F%2Fe-adams.pl%2Fde%2Fkontakt-de%2F|||&#8220; woodmart_empty_space=&#8220;&#8220;][\/woodmart_info_box][\/vc_column][vc_column width=&#8220;1\/2&#8243;][woodmart_info_box style=&#8220;border&#8220; alignment=&#8220;center&#8220; btn_position=&#8220;static&#8220; btn_color=&#8220;primary&#8220; woodmart_css_id=&#8220;5e54dee415861&#8243; title=&#8220;Siehe Fotogalerie&#8220; btn_text=&#8220;Klicken Sie hier&#8220; svg_animation=&#8220;no&#8220; info_box_inline=&#8220;no&#8220; link=&#8220;url:https%3A%2F%2Fe-adams.pl%2Fde%2Fbilde%2F|||&#8220; woodmart_empty_space=&#8220;&#8220;][\/woodmart_info_box][\/vc_column][\/vc_row]<\/p>\n","protected":false},"excerpt":{"rendered":"<p>[vc_row][vc_column][woodmart_title size=&#8220;medium&#8220; woodmart_css_id=&#8220;5e54dbf31e6f0&#8243; title=&#8220;ADAMS BAUZENTRUM&#8220; title_width=&#8220;100&#8243; after_title=&#8220;UNSER SORTIMENTANGEBOT&#8220; subtitle=&#8220;G\u00f3rno\u015bl\u0105ska 17 Stra\u00dfe, 68-200 \u017bary&#8220; woodmart_empty_space=&#8220;&#8220;][\/vc_column][\/vc_row][vc_row content_placement=&#8220;middle&#8220; mobile_bg_img_hidden=&#8220;no&#8220; tablet_bg_img_hidden=&#8220;no&#8220; woodmart_parallax=&#8220;0&#8243; woodmart_gradient_switch=&#8220;no&#8220; row_reverse_mobile=&#8220;0&#8243; row_reverse_tablet=&#8220;0&#8243; woodmart_disable_overflow=&#8220;0&#8243;][vc_column width=&#8220;1\/4&#8243; mobile_bg_img_hidden=&#8220;no&#8220; tablet_bg_img_hidden=&#8220;no&#8220; woodmart_parallax=&#8220;0&#8243; woodmart_sticky_column=&#8220;false&#8220; parallax_scroll=&#8220;no&#8220; mobile_reset_margin=&#8220;no&#8220; tablet_reset_margin=&#8220;no&#8220;][woodmart_gallery images=&#8220;9039&#8243; view=&#8220;grid&#8220; spacing=&#8220;0&#8243; horizontal_align=&#8220;center&#8220; vertical_align=&#8220;middle&#8220;&#8230;<\/p>\n<div class=\"text-center\"><a class=\"button-link\" href=\"https:\/\/e-adams.pl\/de\/angebot\/\">Czytaj wi\u0119cej<\/a><\/div>\n","protected":false},"author":1,"featured_media":0,"parent":0,"menu_order":0,"comment_status":"closed","ping_status":"closed","template":"","meta":{"_acf_changed":false,"inline_featured_image":false,"footnotes":""},"class_list":["post-59","page","type-page","status-publish","hentry"],"acf":[],"_links":{"self":[{"href":"https:\/\/e-adams.pl\/de\/wp-json\/wp\/v2\/pages\/59","targetHints":{"allow":["GET"]}}],"collection":[{"href":"https:\/\/e-adams.pl\/de\/wp-json\/wp\/v2\/pages"}],"about":[{"href":"https:\/\/e-adams.pl\/de\/wp-json\/wp\/v2\/types\/page"}],"author":[{"embeddable":true,"href":"https:\/\/e-adams.pl\/de\/wp-json\/wp\/v2\/users\/1"}],"replies":[{"embeddable":true,"href":"https:\/\/e-adams.pl\/de\/wp-json\/wp\/v2\/comments?post=59"}],"version-history":[{"count":2,"href":"https:\/\/e-adams.pl\/de\/wp-json\/wp\/v2\/pages\/59\/revisions"}],"predecessor-version":[{"id":17527,"href":"https:\/\/e-adams.pl\/de\/wp-json\/wp\/v2\/pages\/59\/revisions\/17527"}],"wp:attachment":[{"href":"https:\/\/e-adams.pl\/de\/wp-json\/wp\/v2\/media?parent=59"}],"curies":[{"name":"wp","href":"https:\/\/api.w.org\/{rel}","templated":true}]}}