{"id":9106,"date":"2018-11-16T14:09:31","date_gmt":"2018-11-16T13:09:31","guid":{"rendered":"https:\/\/e-adams.pl\/?page_id=9106"},"modified":"2020-02-20T15:48:56","modified_gmt":"2020-02-20T14:48:56","slug":"aufmass-und-montage","status":"publish","type":"page","link":"https:\/\/e-adams.pl\/de\/angebot\/markisen-pergolas-raffstoren\/aufmass-und-montage\/","title":{"rendered":"Aufmass und Montage"},"content":{"rendered":"<p>[vc_row][vc_column][woodmart_title woodmart_css_id=&#8220;5e4e9c0e4463b&#8220; title=&#8220;Aufmass und Montage&#8220; title_width=&#8220;100&#8243; woodmart_empty_space=&#8220;&#8220; after_title=&#8220;Rund um \u017bary&#8220;][\/vc_column][\/vc_row][vc_row][vc_column][vc_column_text text_larger=&#8220;no&#8220;]<\/p>\n<div id=\"pl-8507\" class=\"panel-layout\">\n<div id=\"pg-8507-1\" class=\"panel-grid panel-no-style\" data-style=\"{&quot;background_image_attachment&quot;:false,&quot;background_display&quot;:&quot;tile&quot;,&quot;cell_alignment&quot;:&quot;flex-start&quot;}\" data-ratio=\"1\" data-ratio-direction=\"right\">\n<div id=\"pgc-8507-1-0\" class=\"panel-grid-cell\" data-weight=\"1\">\n<div id=\"panel-8507-1-0-0\" class=\"so-panel widget widget_sow-editor panel-first-child panel-last-child\" data-index=\"1\" data-style=\"{&quot;background_image_attachment&quot;:false,&quot;background_display&quot;:&quot;tile&quot;}\">\n<div class=\"so-widget-sow-editor so-widget-sow-editor-base\">\n<h3 class=\"widget-title\">Aufmass bestellen<\/h3>\n<div class=\"siteorigin-widget-tinymce textwidget\">\n<div class=\"wpcf7 no-js\" id=\"wpcf7-f14601-o1\" lang=\"pl-PL\" dir=\"ltr\" data-wpcf7-id=\"14601\">\n<div class=\"screen-reader-response\"><p role=\"status\" aria-live=\"polite\" aria-atomic=\"true\"><\/p> <ul><\/ul><\/div>\n<form action=\"\/de\/wp-json\/wp\/v2\/pages\/9106#wpcf7-f14601-o1\" method=\"post\" class=\"wpcf7-form init\" aria-label=\"Formularz kontaktowy\" novalidate=\"novalidate\" data-status=\"init\">\n<fieldset class=\"hidden-fields-container\"><input type=\"hidden\" name=\"_wpcf7\" value=\"14601\" \/><input type=\"hidden\" name=\"_wpcf7_version\" value=\"6.1\" \/><input type=\"hidden\" name=\"_wpcf7_locale\" value=\"pl_PL\" \/><input type=\"hidden\" name=\"_wpcf7_unit_tag\" value=\"wpcf7-f14601-o1\" \/><input type=\"hidden\" name=\"_wpcf7_container_post\" value=\"0\" \/><input type=\"hidden\" name=\"_wpcf7_posted_data_hash\" value=\"\" \/><input type=\"hidden\" name=\"_wpcf7_recaptcha_response\" value=\"\" \/>\n<\/fieldset>\n<div class=\"formcont\">\n\t<div class=\"form-one-half\">\n\t\t<p><label>Imi\u0119 i Nazwisko (wymagane)<br \/>\n<span class=\"wpcf7-form-control-wrap\" data-name=\"your-name\"><input size=\"40\" maxlength=\"400\" class=\"wpcf7-form-control wpcf7-text wpcf7-validates-as-required\" aria-required=\"true\" aria-invalid=\"false\" value=\"\" type=\"text\" name=\"your-name\" \/><\/span> <\/label>\n\t\t<\/p>\n\t\t<p><label> Numer telefonu (wymagane)<br \/>\n<span class=\"wpcf7-form-control-wrap\" data-name=\"telefon\"><input size=\"40\" maxlength=\"400\" class=\"wpcf7-form-control wpcf7-tel wpcf7-validates-as-required wpcf7-text wpcf7-validates-as-tel\" aria-required=\"true\" aria-invalid=\"false\" value=\"\" type=\"tel\" name=\"telefon\" \/><\/span> <\/label>\n\t\t<\/p>\n\t\t<p><label> Adres email (wymagane)<br \/>\n<span class=\"wpcf7-form-control-wrap\" data-name=\"your-email\"><input size=\"40\" maxlength=\"400\" class=\"wpcf7-form-control wpcf7-email wpcf7-validates-as-required wpcf7-text wpcf7-validates-as-email\" aria-required=\"true\" aria-invalid=\"false\" value=\"\" type=\"email\" name=\"your-email\" \/><\/span> <\/label>\n\t\t<\/p>\n\t\t<p><label> Uwagi<br \/>\n<span class=\"wpcf7-form-control-wrap\" data-name=\"uwagi\"><textarea cols=\"40\" rows=\"10\" maxlength=\"2000\" class=\"wpcf7-form-control wpcf7-textarea\" aria-invalid=\"false\" name=\"uwagi\"><\/textarea><\/span> <\/label>\n\t\t<\/p>\n\t<\/div>\n\t<div class=\"form-one-half\">\n\t\t<p><label> Adres pomiaru (wymagane)<br \/>\n<span class=\"wpcf7-form-control-wrap\" data-name=\"adres\"><input size=\"40\" maxlength=\"400\" class=\"wpcf7-form-control wpcf7-text wpcf7-validates-as-required\" aria-required=\"true\" aria-invalid=\"false\" value=\"\" type=\"text\" name=\"adres\" \/><\/span> <\/label>\n\t\t<\/p>\n\t\t<p><label> Data pomiaru<br \/>\n<span class=\"wpcf7-form-control-wrap\" data-name=\"data\"><input class=\"wpcf7-form-control wpcf7-date wpcf7-validates-as-date\" aria-invalid=\"false\" value=\"\" type=\"date\" name=\"data\" \/><\/span> <\/label>\n\t\t<\/p>\n\t\t<p><label> Co jest przedmiotem pomiaru (wymagane)<br \/>\n<span class=\"wpcf7-form-control-wrap\" data-name=\"co\"><select class=\"wpcf7-form-control wpcf7-select wpcf7-validates-as-required\" aria-required=\"true\" aria-invalid=\"false\" name=\"co\"><option value=\"\">&#8212;Prosz\u0119 wybra\u0107 opcj\u0119&#8212;<\/option><option value=\"Markiza tarasowa\">Markiza tarasowa<\/option><option value=\"Markiza balkonowa\">Markiza balkonowa<\/option><option value=\"Markiza koszowa\">Markiza koszowa<\/option><option value=\"Markizoleta\">Markizoleta<\/option><option value=\"Markiza boczna\">Markiza boczna<\/option><option value=\"Pergola\">Pergola<\/option><option value=\"Refleksol\">Refleksol<\/option><option value=\"\u017baluzja fasadowa\">\u017baluzja fasadowa<\/option><option value=\"Inny produkt (szczeg\u00f3\u0142y prosz\u0119 opisa\u0107 w uwagach)\">Inny produkt (szczeg\u00f3\u0142y prosz\u0119 opisa\u0107 w uwagach)<\/option><\/select><\/span> <\/label>\n\t\t<\/p>\n\t\t<p><input class=\"wpcf7-form-control wpcf7-submit has-spinner\" type=\"submit\" value=\"Zam\u00f3w pomiar\" \/>\n\t\t<\/p>\n\t<\/div>\n<\/div><div class=\"wpcf7-response-output\" aria-hidden=\"true\"><\/div>\n<\/form>\n<\/div>\n<\/div>\n<\/div>\n<\/div>\n<\/div>\n<\/div>\n<div id=\"pg-8507-2\" class=\"panel-grid panel-no-style\" data-style=\"{&quot;background_image_attachment&quot;:false,&quot;background_display&quot;:&quot;tile&quot;,&quot;cell_alignment&quot;:&quot;flex-start&quot;}\" data-ratio=\"1\" data-ratio-direction=\"right\">\n<div id=\"pgc-8507-2-0\" class=\"panel-grid-cell\" data-weight=\"1\">\n<div id=\"panel-8507-2-0-0\" class=\"so-panel widget widget_sow-editor panel-first-child panel-last-child\" data-index=\"2\" data-style=\"{&quot;background_image_attachment&quot;:false,&quot;background_display&quot;:&quot;tile&quot;}\">\n<div class=\"so-widget-sow-editor so-widget-sow-editor-base\">\n<div class=\"siteorigin-widget-tinymce textwidget\">\n<p style=\"text-align: justify;\">Adams Shopping Center in \u017bary Bietet eine breite Palette von Dienstleistungen im Bereich der Messung an Fenstern, T\u00fcren und W\u00e4nden des Kunden, bevor Produkte vom Festzelt, Au\u00dfenjalousien, Pergolas bestellt werden. Adams befasst sich auch mit der Montage von Produkten wie Sonnenblenden, Markisen, Reflektoren, Pergolen, Jalousien und mehr. Wir bieten Dienstleistungen haupts\u00e4chlich in der Provinz. Lubuskie, insbesondere in den St\u00e4dten: Leknica, Przewoz, Podroze, Slubice, Bad muskau, Lipinki, Weisswasser, Budziszyn, Cottbus, Chosebuz Guben, Gorlitz, Franfurt Oder, Forst, Lausitz, Wei\u00dfwasser, Spremberg, Oberlausitz, Sorau, Zielona Gora und Zagan m\u00f6glich. Wir bieten auch Dienstleistungen im Bereich der Reparatur und Wartung von Rollos, Jalousien, Markisen, Moskitonetzen, Pergolen usw. an. Wir bieten die M\u00f6glichkeit, Ersatzteile f\u00fcr Rollos und Jalousien zu bestellen und professionell auszutauschen. Wenn Sie an Transportdienstleistungen und der Montage eines anderen Sortiments interessiert sind, wenden Sie sich bitte an eine bestimmte Abteilung.<\/p>\n<\/div>\n<\/div>\n<\/div>\n<\/div>\n<\/div>\n<\/div>\n<p>[\/vc_column_text][\/vc_column][\/vc_row][vc_row][vc_column][vc_column_text text_larger=&#8220;no&#8220;][\/vc_column_text][woodmart_info_box style=&#8220;border&#8220; woodmart_color_scheme=&#8220;dark&#8220; alignment=&#8220;center&#8220; btn_position=&#8220;static&#8220; btn_color=&#8220;primary&#8220; woodmart_css_id=&#8220;5e4e94f99cb6a&#8220; title=&#8220;Interessieren Sie sich f\u00fcr unser Angebot?&#8220; svg_animation=&#8220;no&#8220; info_box_inline=&#8220;no&#8220; btn_text=&#8220;KONTAKTIEREN SIE UNS&#8220; title_font_size=&#8220;eyJwYXJhbV90eXBlIjoid29vZG1hcnRfcmVzcG9uc2l2ZV9zaXplIiwiY3NzX2FyZ3MiOnsiZm9udC1zaXplIjpbIiAuaW5mby1ib3gtdGl0bGUiXX0sInNlbGVjdG9yX2lkIjoiNWU0ZTk0Zjk5Y2I2YSIsImRhdGEiOnsiZGVza3RvcCI6IjMwcHgifX0=&#8220; custom_text_size=&#8220;eyJwYXJhbV90eXBlIjoid29vZG1hcnRfcmVzcG9uc2l2ZV9zaXplIiwiY3NzX2FyZ3MiOnsiZm9udC1zaXplIjpbIiAuaW5mby1ib3gtaW5uZXIiXX0sInNlbGVjdG9yX2lkIjoiNWU0ZTk0Zjk5Y2I2YSIsImRhdGEiOnsiZGVza3RvcCI6IjE2cHgifX0=&#8220; link=&#8220;url:mailto%3Asklep%40e-markizy.pl|||&#8220;][\/woodmart_info_box][\/vc_column][\/vc_row]<\/p>\n","protected":false},"excerpt":{"rendered":"<p>[vc_row][vc_column][woodmart_title woodmart_css_id=&#8220;5e4e9c0e4463b&#8220; title=&#8220;Aufmass und Montage&#8220; title_width=&#8220;100&#8243; woodmart_empty_space=&#8220;&#8220; after_title=&#8220;Rund um \u017bary&#8220;][\/vc_column][\/vc_row][vc_row][vc_column][vc_column_text text_larger=&#8220;no&#8220;] Aufmass bestellen Adams Shopping Center in \u017bary Bietet eine breite Palette von Dienstleistungen im Bereich der Messung an Fenstern, T\u00fcren und W\u00e4nden des Kunden,&#8230;<\/p>\n<div class=\"text-center\"><a class=\"button-link\" href=\"https:\/\/e-adams.pl\/de\/angebot\/markisen-pergolas-raffstoren\/aufmass-und-montage\/\">Czytaj wi\u0119cej<\/a><\/div>\n","protected":false},"author":2,"featured_media":0,"parent":5825,"menu_order":0,"comment_status":"closed","ping_status":"closed","template":"","meta":{"_acf_changed":false,"inline_featured_image":false,"footnotes":""},"class_list":["post-9106","page","type-page","status-publish","hentry"],"acf":[],"_links":{"self":[{"href":"https:\/\/e-adams.pl\/de\/wp-json\/wp\/v2\/pages\/9106","targetHints":{"allow":["GET"]}}],"collection":[{"href":"https:\/\/e-adams.pl\/de\/wp-json\/wp\/v2\/pages"}],"about":[{"href":"https:\/\/e-adams.pl\/de\/wp-json\/wp\/v2\/types\/page"}],"author":[{"embeddable":true,"href":"https:\/\/e-adams.pl\/de\/wp-json\/wp\/v2\/users\/2"}],"replies":[{"embeddable":true,"href":"https:\/\/e-adams.pl\/de\/wp-json\/wp\/v2\/comments?post=9106"}],"version-history":[{"count":2,"href":"https:\/\/e-adams.pl\/de\/wp-json\/wp\/v2\/pages\/9106\/revisions"}],"predecessor-version":[{"id":17382,"href":"https:\/\/e-adams.pl\/de\/wp-json\/wp\/v2\/pages\/9106\/revisions\/17382"}],"up":[{"embeddable":true,"href":"https:\/\/e-adams.pl\/de\/wp-json\/wp\/v2\/pages\/5825"}],"wp:attachment":[{"href":"https:\/\/e-adams.pl\/de\/wp-json\/wp\/v2\/media?parent=9106"}],"curies":[{"name":"wp","href":"https:\/\/api.w.org\/{rel}","templated":true}]}}