{"id":11627,"date":"2018-11-21T10:33:59","date_gmt":"2018-11-21T09:33:59","guid":{"rendered":"https:\/\/e-adams.pl\/?post_type=product&#038;p=11627"},"modified":"2022-09-05T13:11:19","modified_gmt":"2022-09-05T11:11:19","slug":"cement-wieloskladnikowy-eko-325-gorazdze-25kg","status":"publish","type":"product","link":"https:\/\/e-adams.pl\/de\/produkt\/cement-wieloskladnikowy-eko-325-gorazdze-25kg\/","title":{"rendered":"Cement wielosk\u0142adnikowy EKO+ 32,5 G\u00d3RA\u017bD\u017bE &#8211; 25kg"},"content":{"rendered":"<h3>Cement EKO+ 32,5 &#8211; 225kg<\/h3>\n<p><strong>EKO+ 32,5 (cement wielosk\u0142adnikowy CEM V\/A (S-V) 32,5R-LH\/HSR\/NA) G\u00f3ra\u017cd\u017ce<br \/>\n<\/strong><\/p>\n<p>Cement EKO+ 32,5 to nowoczesne i ekologiczne spoiwo w klasie 32,5R.\u00a0Zastosowanie energooszcz\u0119dnej technologii produkcji oraz du\u017cej ilo\u015bci wysokiej jako\u015bci dodatk\u00f3w mineralnych powoduje, \u017ce EKO+ 32,5 jest najbardziej proekologicznym spoiwem w swojej klasie.<\/p>\n<p><img loading=\"lazy\" decoding=\"async\" class=\"size-full wp-image-11633 aligncenter\" src=\"https:\/\/e-adams.pl\/wp-content\/uploads\/2018\/11\/Cement-eko-gorazdze-325-25kg.jpg\" alt=\"Cement eko 32,5 \u017bary, Cement EKO+ 32,5, G\u00f3ra\u017cd\u017ce \u017bary, cementy workowane, spoiwo cementowe, cement wielosk\u0142adnikowy, 25kg\" width=\"400\" height=\"400\" title=\"\"><\/p>\n<p style=\"text-align: justify;\">Cement <strong>G\u00f3ra\u017cd\u017ce Eko+ 32,5<\/strong> zosta\u0142 zaprojektowany z my\u015bl\u0105 o <strong>uniwersalnym zastosowaniu<\/strong>. Znakomicie sprawdzi si\u0119 na ka\u017cdej budowie i w trakcie ka\u017cdego remontu. Gwarantuje wysok\u0105 jako\u015b\u0107 zapraw murarskich, tynkarskich czy podsypek pod kostk\u0119 brukow\u0105. Niski skurcz tego spoiwa, a tak\u017ce odporno\u015b\u0107 na agresj\u0119 chemiczn\u0105 (np. z w\u00f3d gruntowych) sprawiaj\u0105, \u017ce <strong>EKO+ 32,5<\/strong>\u00a0wykorzystany do budowy fundament\u00f3w czy obiekt\u00f3w inwentarskich nadaje im wieloletni\u0105 trwa\u0142o\u015b\u0107.<\/p>\n<h3>Zastosowanie:<\/h3>\n<ul>\n<li>Idealny do budowy domu<\/li>\n<li>Przydatny przy ka\u017cdym remoncie<\/li>\n<li>Znakomity do murowania i tynkowania<\/li>\n<li>Rekomendowany do produkcji betonu zwyk\u0142ego klas od C 8\/10 do C 20\/25<\/li>\n<li>Polecany do betonu na fundamenty, wie\u0144ce, nadpro\u017ca<\/li>\n<li>\u015awietny do stabilizacji pod kostk\u0119 brukow\u0105<\/li>\n<li>Zalecany do budowy infrastruktury rolniczej (szamba, zbiorniki)<\/li>\n<\/ul>\n<h3>Efekty stosowania cementu EKO+ 32,5:<\/h3>\n<ul>\n<li>Dobra urabialno\u015b\u0107 zapraw i mieszanek betonowych<\/li>\n<li>D\u0142ugi czas zachowania konsystencji mieszanek i zapraw<\/li>\n<li>Niski skurcz<\/li>\n<li>Wysoka trwa\u0142o\u015b\u0107 wykonanych zapraw i beton\u00f3w<\/li>\n<\/ul>\n<p><em>Cement EKO+ 32,5 jest oferowany przez G\u00d3RA\u017bD\u017bE CEMENT SA w workach 25 kg na paletach ofoliowanych.<\/em><br \/>\n<em>Okres gwarancji na cement EKO+ 32,5 wynosi 120 dni od daty umieszczonej na worku.<\/em><\/p>\n","protected":false},"excerpt":{"rendered":"<h3 style=\"color: #0099cc;\">Sprawd\u017a cen\u0119 i aktualny stan w sklepie<br \/>\n<strong>Kontakt:<\/strong> <a href=\"mailto:info@e-adams.pl\"><u><b>info@e-adams.pl<\/b><\/u><\/a><\/h3>\n","protected":false},"featured_media":11633,"comment_status":"closed","ping_status":"closed","template":"","meta":{"_acf_changed":false,"inline_featured_image":false},"product_cat":[277],"product_tag":[958,959,950],"class_list":{"0":"post-11627","1":"product","2":"type-product","3":"status-publish","4":"has-post-thumbnail","6":"product_cat-cementy-wapna","7":"product_tag-cement","8":"product_tag-gorazdze","9":"product_tag-materialy-budowlane","11":"first","12":"onbackorder","13":"shipping-taxable","14":"product-type-simple"},"acf":[],"_links":{"self":[{"href":"https:\/\/e-adams.pl\/de\/wp-json\/wp\/v2\/product\/11627","targetHints":{"allow":["GET"]}}],"collection":[{"href":"https:\/\/e-adams.pl\/de\/wp-json\/wp\/v2\/product"}],"about":[{"href":"https:\/\/e-adams.pl\/de\/wp-json\/wp\/v2\/types\/product"}],"replies":[{"embeddable":true,"href":"https:\/\/e-adams.pl\/de\/wp-json\/wp\/v2\/comments?post=11627"}],"wp:featuredmedia":[{"embeddable":true,"href":"https:\/\/e-adams.pl\/de\/wp-json\/wp\/v2\/media\/11633"}],"wp:attachment":[{"href":"https:\/\/e-adams.pl\/de\/wp-json\/wp\/v2\/media?parent=11627"}],"wp:term":[{"taxonomy":"product_cat","embeddable":true,"href":"https:\/\/e-adams.pl\/de\/wp-json\/wp\/v2\/product_cat?post=11627"},{"taxonomy":"product_tag","embeddable":true,"href":"https:\/\/e-adams.pl\/de\/wp-json\/wp\/v2\/product_tag?post=11627"}],"curies":[{"name":"wp","href":"https:\/\/api.w.org\/{rel}","templated":true}]}}