{"id":11628,"date":"2018-11-22T10:04:19","date_gmt":"2018-11-22T09:04:19","guid":{"rendered":"https:\/\/e-adams.pl\/?post_type=product&#038;p=11628"},"modified":"2024-07-15T11:31:33","modified_gmt":"2024-07-15T09:31:33","slug":"wapno-budowlane-hydratyzowane-lhoist-25kg","status":"publish","type":"product","link":"https:\/\/e-adams.pl\/de\/produkt\/wapno-budowlane-hydratyzowane-lhoist-25kg\/","title":{"rendered":"Wapno budowlane hydratyzowane LHOIST &#8211; 25kg"},"content":{"rendered":"<h3>Wapno budowlane hydratyzowane LHOIST &#8211; 25kg<\/h3>\n<p><strong>Uniwersalne wapno budowlane Classic<\/strong><br \/>\nUniwersalne wapno do zastosowania w zaprawach murarskich i tynkarskich. Niezb\u0119dny sk\u0142adnik umo\u017cliwiaj\u0105cy uzyska\u0107 zaprawie wymagan\u0105 urabialno\u015b\u0107, retencj\u0119 wody, czas u\u017cytkowania. Nadaje murom naturaln\u0105 odporno\u015b\u0107 na korozj\u0119 biologiczn\u0105.<\/p>\n<p><img loading=\"lazy\" decoding=\"async\" class=\"aligncenter size-full wp-image-11700\" src=\"https:\/\/e-adams.pl\/wp-content\/uploads\/2018\/11\/wapno-budowlane-hydratyzowane-lhoist-25kg.jpg\" alt=\"wapno budowlane, wapno hydratyzowane, wapno lhoist 25kg, wapno classic, wapno do zapraw, sk\u0142ady budowlane \u017cary, wapno sk\u0142ad budowlany\" width=\"400\" height=\"400\" title=\"\"><\/p>\n<p style=\"text-align: justify;\">W\u0142a\u015bciwo\u015bci tynk\u00f3w i zapraw wytworzonych z wykorzystaniem wapna \u201eClassic\u201d charakteryzuj\u0105 si\u0119 wi\u0119ksz\u0105 odporno\u015bci\u0105 na zmiany wymiar\u00f3w liniowych muru. Zaprawa lepiej zachowuje si\u0119 podczas zmian temperatur i wilgotno\u015bci powoduj\u0105cych napr\u0119\u017cenia powierzchni, dzi\u0119ki czemu ryzyko powstawania p\u0119kni\u0119\u0107 zostaje zredukowane. Dodatkow\u0105 w\u0142a\u015bciwo\u015bci\u0105 zapraw wapienno-cementowych bez dodawanych ulepszaczy jest wyst\u0119powanie tzw. efektu samozabli\u017aniania mikrop\u0119kni\u0119\u0107. Wielko\u015b\u0107 czasek wapna zapewnia wype\u0142nienie wszelkich nier\u00f3wno\u015bci i utworzenie lepszej warstwy czepnej zaprawy. Zaprawa dobrze wsp\u00f3\u0142pracuje z pod\u0142o\u017cem, a praca staje si\u0119 bardziej komfortowa.<\/p>\n<p>&#8211; Uniwersalne spoiwo do zapraw budowlanych<br \/>\n&#8211; Trwa\u0142e mury, odporne na warunki atmosferyczne<br \/>\n&#8211; Wywo\u0142uje efekt samozabli\u017aniania muru<\/p>\n","protected":false},"excerpt":{"rendered":"<h3 style=\"color: #0099cc;\">Sprawd\u017a cen\u0119 i aktualny stan w sklepie<br \/>\n<strong>Kontakt:<\/strong> <a href=\"mailto:info@e-adams.pl\"><u><b>info@e-adams.pl<\/b><\/u><\/a><\/h3>\n","protected":false},"featured_media":11700,"comment_status":"closed","ping_status":"closed","template":"","meta":{"_acf_changed":false,"inline_featured_image":false},"product_cat":[277],"product_tag":[951,950,952],"class_list":{"0":"post-11628","1":"product","2":"type-product","3":"status-publish","4":"has-post-thumbnail","6":"product_cat-cementy-wapna","7":"product_tag-lhoist","8":"product_tag-materialy-budowlane","9":"product_tag-wapno","11":"first","12":"outofstock","13":"shipping-taxable","14":"purchasable","15":"product-type-simple"},"acf":[],"_links":{"self":[{"href":"https:\/\/e-adams.pl\/de\/wp-json\/wp\/v2\/product\/11628","targetHints":{"allow":["GET"]}}],"collection":[{"href":"https:\/\/e-adams.pl\/de\/wp-json\/wp\/v2\/product"}],"about":[{"href":"https:\/\/e-adams.pl\/de\/wp-json\/wp\/v2\/types\/product"}],"replies":[{"embeddable":true,"href":"https:\/\/e-adams.pl\/de\/wp-json\/wp\/v2\/comments?post=11628"}],"wp:featuredmedia":[{"embeddable":true,"href":"https:\/\/e-adams.pl\/de\/wp-json\/wp\/v2\/media\/11700"}],"wp:attachment":[{"href":"https:\/\/e-adams.pl\/de\/wp-json\/wp\/v2\/media?parent=11628"}],"wp:term":[{"taxonomy":"product_cat","embeddable":true,"href":"https:\/\/e-adams.pl\/de\/wp-json\/wp\/v2\/product_cat?post=11628"},{"taxonomy":"product_tag","embeddable":true,"href":"https:\/\/e-adams.pl\/de\/wp-json\/wp\/v2\/product_tag?post=11628"}],"curies":[{"name":"wp","href":"https:\/\/api.w.org\/{rel}","templated":true}]}}