{"id":11629,"date":"2018-11-21T10:57:18","date_gmt":"2018-11-21T09:57:18","guid":{"rendered":"https:\/\/e-adams.pl\/?post_type=product&#038;p=11629"},"modified":"2023-08-18T10:40:58","modified_gmt":"2023-08-18T08:40:58","slug":"cement-wieloskladnikowy-multi-325-gorazdze-25kg","status":"publish","type":"product","link":"https:\/\/e-adams.pl\/de\/produkt\/cement-wieloskladnikowy-multi-325-gorazdze-25kg\/","title":{"rendered":"Cement wielosk\u0142adnikowy MULTI 32,5 G\u00d3RA\u017bD\u017bE &#8211; 25kg"},"content":{"rendered":"<h3>Cement MULTI 32,5 &#8211; 25kg<\/h3>\n<p><strong>Cement wielosk\u0142adnikowy MULTI 32,5 G\u00f3ra\u017cd\u017ce<\/strong><\/p>\n<p><img loading=\"lazy\" decoding=\"async\" class=\"size-full wp-image-11633 aligncenter\" src=\"https:\/\/e-adams.pl\/wp-content\/uploads\/2018\/11\/Cement-multi-gorazdze-325-25kg.jpg\" alt=\"Cement Multi 32,5 \u017bary, Cement Multi 32,5 czerwony, G\u00f3ra\u017cd\u017ce \u017bary, cementy workowane, spoiwo cementowe, cement wielosk\u0142adnikowy, 25kg\" width=\"400\" height=\"400\" title=\"\"><\/p>\n<p style=\"text-align: justify;\">Cement <strong>G\u00f3ra\u017cd\u017ce<\/strong> <strong>MULTI 32,5<\/strong> to cement o bardzo wielu zastosowaniach. W okresie wiosenno-letnim idealnie nadaje si\u0119 do <strong>wszystkich prac budowlanych<\/strong>. Mo\u017cna z niego wykonywa\u0107 beton towarowy przeznaczony na stropy, \u0142awy fundamentowe, schody czy tarasy. To cement o podwy\u017cszonej odporno\u015bci na dzia\u0142anie \u015brodowisk agresywnych chemicznie. Idealnie nadaje si\u0119 tak\u017ce do produkcji zapraw, podsypek pod nawierzchnie z kostki brukowej, a tak\u017ce stabilizacji grunt\u00f3w i produkcji tzw. &#8222;chudych beton\u00f3w&#8220;. To nieodzowne spoiwo do drobnych prac remontowych i naprawczych w Pa\u0144stwa domach.<\/p>\n<h3>Zastosowanie:<\/h3>\n<ul>\n<li>Produkcja betonu zwyk\u0142ego klas C 8\/10 do C 30\/37<\/li>\n<li>Wykonywanie \u0142aw fundamentowych, strop\u00f3w, wie\u0144c\u00f3w i nadpro\u017cy, schod\u00f3w, taras\u00f3w, \u015bcian oporowych<\/li>\n<li>Produkcja prefabrykat\u00f3w drobnowymiarowych (bloczki betonowe, pustaki \u015bcienne i stropowe)<\/li>\n<li>Wykonywanie wylewek i jastrych\u00f3w betonowych<\/li>\n<li>Produkcja element\u00f3w poddanych niskoci\u015bnieniowej obr\u00f3bce cieplnej<\/li>\n<li>Stabilizacja grunt\u00f3w<\/li>\n<li>Chudy beton na podbudowy<\/li>\n<li>Posypki pod nawierzchnie z kostki brukowej<\/li>\n<li>Produkcja zapraw murarskich i tynkarskich<\/li>\n<\/ul>\n<h3>Efekty stosowania cementu MULTI 32,5:<\/h3>\n<ul>\n<li>Bardzo dobra urabialno\u015b\u0107 zapraw i mieszanek betonowych<\/li>\n<li>D\u0142ugi okres zachowania konsystencji zapraw i mieszanek betonowych<\/li>\n<li>Umiarkowana dynamika narastania wytrzyma\u0142o\u015bci zapraw i beton\u00f3w<\/li>\n<li>Podwy\u017cszona odporno\u015b\u0107 zapraw i beton\u00f3w na agresj\u0119 chemiczn\u0105<\/li>\n<li>Niski skurcz<\/li>\n<\/ul>\n<p><em>Cement MULTI 32,5 jest oferowany przez G\u00d3RA\u017bD\u017bE CEMENT SA w workach 25 kg na paletach ofoliowanych.<\/em><br \/>\n<em>Okres gwarancji na cement MULTI 32,5 wynosi 120 dni od daty umieszczonej na worku.<\/em><\/p>\n","protected":false},"excerpt":{"rendered":"<h3 style=\"color: #0099cc;\">Sprawd\u017a cen\u0119 i aktualny stan w sklepie<br \/>\n<strong>Kontakt:<\/strong> <a href=\"mailto:info@e-adams.pl\"><u><b>info@e-adams.pl<\/b><\/u><\/a><\/h3>\n","protected":false},"featured_media":11636,"comment_status":"closed","ping_status":"closed","template":"","meta":{"_acf_changed":false,"inline_featured_image":false},"product_cat":[277],"product_tag":[958,959,950],"class_list":{"0":"post-11629","1":"product","2":"type-product","3":"status-publish","4":"has-post-thumbnail","6":"product_cat-cementy-wapna","7":"product_tag-cement","8":"product_tag-gorazdze","9":"product_tag-materialy-budowlane","11":"first","12":"onbackorder","13":"shipping-taxable","14":"product-type-simple"},"acf":[],"_links":{"self":[{"href":"https:\/\/e-adams.pl\/de\/wp-json\/wp\/v2\/product\/11629","targetHints":{"allow":["GET"]}}],"collection":[{"href":"https:\/\/e-adams.pl\/de\/wp-json\/wp\/v2\/product"}],"about":[{"href":"https:\/\/e-adams.pl\/de\/wp-json\/wp\/v2\/types\/product"}],"replies":[{"embeddable":true,"href":"https:\/\/e-adams.pl\/de\/wp-json\/wp\/v2\/comments?post=11629"}],"wp:featuredmedia":[{"embeddable":true,"href":"https:\/\/e-adams.pl\/de\/wp-json\/wp\/v2\/media\/11636"}],"wp:attachment":[{"href":"https:\/\/e-adams.pl\/de\/wp-json\/wp\/v2\/media?parent=11629"}],"wp:term":[{"taxonomy":"product_cat","embeddable":true,"href":"https:\/\/e-adams.pl\/de\/wp-json\/wp\/v2\/product_cat?post=11629"},{"taxonomy":"product_tag","embeddable":true,"href":"https:\/\/e-adams.pl\/de\/wp-json\/wp\/v2\/product_tag?post=11629"}],"curies":[{"name":"wp","href":"https:\/\/api.w.org\/{rel}","templated":true}]}}