{"id":11631,"date":"2018-11-21T10:12:09","date_gmt":"2018-11-21T09:12:09","guid":{"rendered":"https:\/\/e-adams.pl\/?post_type=product&#038;p=11631"},"modified":"2022-09-05T13:11:02","modified_gmt":"2022-09-05T11:11:02","slug":"zaprawa-szybkowiazaca-cx5-ceresit-25kg","status":"publish","type":"product","link":"https:\/\/e-adams.pl\/de\/produkt\/zaprawa-szybkowiazaca-cx5-ceresit-25kg\/","title":{"rendered":"Zaprawa szybkowi\u0105\u017c\u0105ca CX5 CERESIT &#8211; 25kg"},"content":{"rendered":"<p>Zaprawa Szybkowi\u0105\u017c\u0105ca <strong>CERESIT CX5 25kg<\/strong><\/p>\n<p>&#8211; szybko twardniej\u0105cy<br \/>\n&#8211; o wysokiej wytrzyma\u0142o\u015bci<br \/>\n&#8211; wodoszczelny<br \/>\n&#8211; mrozoodporny<br \/>\n&#8211; nie zawiera chlork\u00f3w<\/p>\n<p style=\"font-size: 18px; font-weight: bold;\">Dost\u0119pne pojemniki: wiaderko 2kg i 5kg, worki 5kg i 25kg.<\/p>\n<p><img decoding=\"async\" class=\"aligncenter\" src=\"https:\/\/e-adams.pl\/wp-content\/uploads\/2018\/12\/Zaprawa-szybkowiazaca-CX5-CERESIT-25kg.jpg\" alt=\"Zaprawa szybkowi\u0105\u017c\u0105ca CERESIT \u017bary ADAMS\" title=\"\"><br \/>\n<strong>Materia\u0142 do szybkiego monta\u017cu i osadzania element\u00f3w stalowych i plastikowych w betonie oraz do tamowania lokalnych s\u0105cze\u0144 wody <\/strong><\/p>\n<p style=\"line-height: 30px; font-size: 18px; color: #666666; margin-left: 20px; margin-right: 20px; text-align: justify;\">Zaprawa szybkowi\u0105\u017c\u0105ca <strong>Ceresit CX 5<\/strong> s\u0142u\u017cy do szybkiego osadzania element\u00f3w metalowych i plastikowych w betonie, murze lub w tynku cementowym. Mog\u0105 to by\u0107 kraty, por\u0119cze, wsporniki, szafki instalacyjne, puszki, przewody itp. Prze\u015bwit mi\u0119dzy elementem kotwionym, a powierzchni\u0105 otworu monta\u017cowego nie powinien by\u0107 wi\u0119kszy ni\u017c 20 mm. Przy wi\u0119kszych prze\u015bwitach materia\u0142 nale\u017cy miesza\u0107 z piaskiem. Cement monta\u017cowy mo\u017ce by\u0107 stosowany <strong>wewn\u0105trz i na zewn\u0105trz budynk\u00f3w<\/strong>. Nadaje si\u0119 te\u017c do wype\u0142niania ubytk\u00f3w i wyokr\u0105glania naro\u017cy. Wodoszczelne w\u0142a\u015bciwo\u015bci CX 5 pozwalaj\u0105 stosowa\u0107 go do miejscowego uszczelniania konstrukcji betonowych oraz do tamowania lokalnych przeciek\u00f3w wody. Do monta\u017cu ci\u0119\u017ckich konstrukcji i maszyn nale\u017cy stosowa\u0107 zapraw\u0119 monta\u017cow\u0105 Ceresit CX 15. Do tamowania intensywnych wyciek\u00f3w wody trzeba stosowa\u0107 materia\u0142 o jeszcze szybszym dzia\u0142aniu \u2013 Ceresit CX 1. Do powierzchniowego uszczelniania wn\u0119trz zbiornik\u00f3w na wod\u0119 zaleca si\u0119 stosowanie zapraw wodoszczelnych <a href=\"https:\/\/e-adams.pl\/tag\/ceresit\/\" target=\"_blank\" rel=\"noopener noreferrer\">Ceresit<\/a>: CR 65 i CR 166.<\/p>\n<p style=\"text-align: center;\"><img decoding=\"async\" style=\"width: 757px; height: 182px;\" src=\"https:\/\/e-adams.pl\/wp-content\/uploads\/2018\/11\/Zaprawa-szybkowiazaca-CX5-CERESIT-wlasciwosci.jpg\" alt=\"sklep materia\u0142y budowlane \u017cary, budowlanka lubuskie, produkty ceresit \u017cary\" title=\"\"><\/p>\n<p style=\"text-align: center;\"><img decoding=\"async\" style=\"width: 936px; height: 475px;\" src=\"https:\/\/e-adams.pl\/wp-content\/uploads\/2018\/11\/Zaprawa-szybkowiazaca-CX5-CERESIT-daneTechniczne.jpg\" alt=\"zaprawy \u017cary, tynki \u017cary, kleje \u017cary, materia\u0142y budowlane \u017cary\" title=\"\"><\/p>\n<h1 style=\"clear: both; text-align: center;\">PRZYGOTOWANIE POD\u0141O\u017bA<\/h1>\n<p style=\"font-size: 16px; color: #444444; margin-left: 10px; margin-right: 10px; padding-bottom: 10px; text-align: justify;\">Zaprawa szybkowi\u0105\u017c\u0105ca CX 5 mo\u017ce by\u0107 stosowany na zwarte, no\u015bne i czyste pod\u0142o\u017ca wolne od substancji obni\u017caj\u0105cych przyczepno\u015b\u0107, takich jak: t\u0142uszcze, bitumy, py\u0142y. W pod\u0142o\u017cu nale\u017cy wyku\u0107 lub wywierci\u0107 otw\u00f3r monta\u017cowy o odpowiedniej \u015brednicy. W przypadku tamowania lokalnych s\u0105cze\u0144 wody istniej\u0105c\u0105 szczelin\u0119 nale\u017cy rozku\u0107 w ten spos\u00f3b, by stworzy\u0107 mo\u017cliwo\u015b\u0107 zakleszczenia si\u0119 w niej wype\u0142nienia z CX 5.<\/p>\n<p style=\"font-size: 16px; color: #444444; margin-left: 10px; margin-right: 10px; padding-bottom: 10px; text-align: justify;\">Pod\u0142o\u017ca nale\u017cy obficie zwil\u017cy\u0107 wod\u0105, nie tworz\u0105c ka\u0142u\u017c.<\/p>\n<h1 style=\"clear: both; text-align: center;\">WYKONANIE<\/h1>\n<p style=\"font-size: 16px; color: #444444; margin-left: 10px; margin-right: 10px; text-align: justify;\">Materia\u0142 wsypywa\u0107 do odmierzonej ilo\u015bci wody i miesza\u0107, a\u017c do uzyskania jednorodnej masy bez grudek.<\/p>\n<p style=\"font-size: 16px; color: #444444; margin-left: 10px; margin-right: 10px; text-align: justify;\">Przy wype\u0142nianiu otwor\u00f3w o szeroko\u015bci ponad 20 mm nale\u017cy CX 5 wymiesza\u0107 z czystym piaskiem w proporcji 1:1 i nast\u0119pnie zarobi\u0107 wod\u0105 do wymaganej konsystencji. Dodatek piasku nie ma wp\u0142ywu na czas wi\u0105zania, ale obni\u017ca wytrzyma\u0142o\u015b\u0107 zakotwienia.<\/p>\n<p style=\"font-size: 16px; color: #444444; margin-left: 10px; margin-right: 10px; padding-bottom: 10px; text-align: justify;\">W przypadku tamowania s\u0105czenia wody nale\u017cy przygotowa\u0107 odpowiedniej wielko\u015b\u0107 porcj\u0119 materia\u0142u o konsystencji plastycznej. Gdy materia\u0142 zacznie wi\u0105za\u0107, wtedy nale\u017cy mocno go wcisn\u0105\u0107 w rozkut\u0105 szczelin\u0119 i przytrzyma\u0107 kilka minut do stwardnienia.<\/p>\n","protected":false},"excerpt":{"rendered":"<h3 style=\"color: #0099cc;\">Sprawd\u017a cen\u0119 i aktualny stan w sklepie<br \/>\n<strong>Kontakt:<\/strong> <a href=\"mailto:info@e-adams.pl\"><u><b>info@e-adams.pl<\/b><\/u><\/a><\/h3>\n","protected":false},"featured_media":12296,"comment_status":"closed","ping_status":"closed","template":"","meta":{"_acf_changed":false,"inline_featured_image":false},"product_cat":[277,281],"product_tag":[158,950,957],"class_list":{"0":"post-11631","1":"product","2":"type-product","3":"status-publish","4":"has-post-thumbnail","6":"product_cat-cementy-wapna","7":"product_cat-wylewki-posadzkowe","8":"product_tag-ceresit","9":"product_tag-materialy-budowlane","10":"product_tag-zaprawa","12":"first","13":"onbackorder","14":"shipping-taxable","15":"product-type-simple"},"acf":[],"_links":{"self":[{"href":"https:\/\/e-adams.pl\/de\/wp-json\/wp\/v2\/product\/11631","targetHints":{"allow":["GET"]}}],"collection":[{"href":"https:\/\/e-adams.pl\/de\/wp-json\/wp\/v2\/product"}],"about":[{"href":"https:\/\/e-adams.pl\/de\/wp-json\/wp\/v2\/types\/product"}],"replies":[{"embeddable":true,"href":"https:\/\/e-adams.pl\/de\/wp-json\/wp\/v2\/comments?post=11631"}],"wp:featuredmedia":[{"embeddable":true,"href":"https:\/\/e-adams.pl\/de\/wp-json\/wp\/v2\/media\/12296"}],"wp:attachment":[{"href":"https:\/\/e-adams.pl\/de\/wp-json\/wp\/v2\/media?parent=11631"}],"wp:term":[{"taxonomy":"product_cat","embeddable":true,"href":"https:\/\/e-adams.pl\/de\/wp-json\/wp\/v2\/product_cat?post=11631"},{"taxonomy":"product_tag","embeddable":true,"href":"https:\/\/e-adams.pl\/de\/wp-json\/wp\/v2\/product_tag?post=11631"}],"curies":[{"name":"wp","href":"https:\/\/api.w.org\/{rel}","templated":true}]}}