{"id":11639,"date":"2018-11-21T11:23:01","date_gmt":"2018-11-21T10:23:01","guid":{"rendered":"https:\/\/e-adams.pl\/?post_type=product&#038;p=11639"},"modified":"2024-07-15T11:31:12","modified_gmt":"2024-07-15T09:31:12","slug":"wlokna-do-zapraw-fibrehard-jurga-06kg","status":"publish","type":"product","link":"https:\/\/e-adams.pl\/de\/produkt\/wlokna-do-zapraw-fibrehard-jurga-06kg\/","title":{"rendered":"W\u0142\u00f3kna do zapraw FIBREHARD JURGA &#8211; 0,6kg"},"content":{"rendered":"<h3>W\u0142\u00f3kna do zapraw FIBREHARD JURGA &#8211; 0,6kg<\/h3>\n<p><strong>W\u0142\u00f3kna polimerowe do betonu<\/strong><\/p>\n<p style=\"text-align: justify;\">Twarde w\u0142\u00f3kna polimerowe s\u0142u\u017c\u0105ce jako dodatek zbroj\u0105co-wzmacniaj\u0105cy do produkcji r\u00f3\u017cnego rodzaju posadzek betonowych, prefabrykat\u00f3w, \u017celbet\u00f3w, wyrob\u00f3w betonowych. Gotowy wyr\u00f3b jest bardziej odporny na skurcz i p\u0119kni\u0119cia, dodatkowo podnosi si\u0119 jego wytrzyma\u0142o\u015b\u0107 oraz odporno\u015b\u0107 na uszkodzenia mechaniczne. W\u0142\u00f3kna polimerowe nie powoduj\u0105 korozji wewn\u0105trz betonu.<\/p>\n<p><img loading=\"lazy\" decoding=\"async\" class=\"size-full wp-image-11655 aligncenter\" src=\"https:\/\/e-adams.pl\/wp-content\/uploads\/2018\/11\/wlokna-do-zapraw-fibrehard-jurga-06kg.jpg\" alt=\"w\u0142\u00f3kna do zapraw fibrehard jurga 0,6kg, W\u0142\u00f3kna polipropylenowe, dodatek zbroj\u0105co-wzmacniaj\u0105cy, w\u0142\u00f3kna do betonu\" width=\"400\" height=\"400\" title=\"\"><\/p>\n<p style=\"text-align: justify;\"><strong>Fibrehard<\/strong> to twarde w\u0142\u00f3kna polimerowe s\u0142u\u017c\u0105ce jako <strong>dodatek zbroj\u0105co-wzmacniaj\u0105cy<\/strong> do wykonywania wszelkiego rodzaju posadzek betonowych,w tym wylewek cienkowarstwowych i przeznaczonych pod ogrzewanie pod\u0142ogowe, prefabrykat\u00f3wi galanterii betonowej (bloczki, p\u0142yty, p\u0142oty, kraw\u0119\u017cniki, nadpro\u017ca, rury, szamba, zbiorniki itp.). Gotowy beton jest bardziej odporny na p\u0119kni\u0119cia i uszkodzenia wynikaj\u0105ce z eksploatacji. W\u0142\u00f3kna zwi\u0119kszaj\u0105 trwa\u0142o\u015b\u0107 betonu, zmniejszaj\u0105 jego skurcz oraz osiadanie. <strong>W\u0142\u00f3kna FIBREHARD<\/strong> s\u0105 w ca\u0142o\u015bci wykonane z polipropylenu i dlatego nie powoduj\u0105 korozji wewn\u0105trz betonu.<\/p>\n<h3>Dozowanie<\/h3>\n<div>FIBREHARD powinien by\u0107 dozowany r\u00f3wnocze\u015bnie z wod\u0105 zarobow\u0105. Zaleca si\u0119 dozowanie w ilo\u015bci od 600g do 900g na 1m\u00b3 betonu (1m\u00b3 betonu zawiera 250-300kg cementu). Dok\u0142adnie wymiesza\u0107.<\/div>\n<div>UWAGA: Konieczna jest pr\u00f3ba technologiczna dla danego zastosowania!<\/div>\n<h3>Przechowywanie<\/h3>\n<div>Przechowywa\u0107 i transportowa\u0107 w suchym i zacienionym miejscu w oryginalnych szczelnie zamkni\u0119tych pojemnikach, w temperaturach od +5\u00b0C do +25\u00b0C.<\/div>\n","protected":false},"excerpt":{"rendered":"<h3 style=\"color: #0099cc;\">Sprawd\u017a cen\u0119 i aktualny stan w sklepie<br \/>\n<strong>Kontakt:<\/strong> <a href=\"mailto:info@e-adams.pl\"><u><b>info@e-adams.pl<\/b><\/u><\/a><\/h3>\n","protected":false},"featured_media":11655,"comment_status":"closed","ping_status":"closed","template":"","meta":{"_acf_changed":false,"inline_featured_image":false},"product_cat":[280,278],"product_tag":[953,950],"class_list":{"0":"post-11639","1":"product","2":"type-product","3":"status-publish","4":"has-post-thumbnail","6":"product_cat-dodatki-do-zapraw-i-betonow","7":"product_cat-zbrojenie","8":"product_tag-jurga","9":"product_tag-materialy-budowlane","11":"first","12":"instock","13":"shipping-taxable","14":"purchasable","15":"product-type-simple"},"acf":[],"_links":{"self":[{"href":"https:\/\/e-adams.pl\/de\/wp-json\/wp\/v2\/product\/11639","targetHints":{"allow":["GET"]}}],"collection":[{"href":"https:\/\/e-adams.pl\/de\/wp-json\/wp\/v2\/product"}],"about":[{"href":"https:\/\/e-adams.pl\/de\/wp-json\/wp\/v2\/types\/product"}],"replies":[{"embeddable":true,"href":"https:\/\/e-adams.pl\/de\/wp-json\/wp\/v2\/comments?post=11639"}],"wp:featuredmedia":[{"embeddable":true,"href":"https:\/\/e-adams.pl\/de\/wp-json\/wp\/v2\/media\/11655"}],"wp:attachment":[{"href":"https:\/\/e-adams.pl\/de\/wp-json\/wp\/v2\/media?parent=11639"}],"wp:term":[{"taxonomy":"product_cat","embeddable":true,"href":"https:\/\/e-adams.pl\/de\/wp-json\/wp\/v2\/product_cat?post=11639"},{"taxonomy":"product_tag","embeddable":true,"href":"https:\/\/e-adams.pl\/de\/wp-json\/wp\/v2\/product_tag?post=11639"}],"curies":[{"name":"wp","href":"https:\/\/api.w.org\/{rel}","templated":true}]}}