{"id":11641,"date":"2018-11-21T11:37:47","date_gmt":"2018-11-21T10:37:47","guid":{"rendered":"https:\/\/e-adams.pl\/?post_type=product&#038;p=11641"},"modified":"2024-07-15T11:31:12","modified_gmt":"2024-07-15T09:31:12","slug":"plastyfikator-w-plynie-admix-liquid-jurga-5l","status":"publish","type":"product","link":"https:\/\/e-adams.pl\/de\/produkt\/plastyfikator-w-plynie-admix-liquid-jurga-5l\/","title":{"rendered":"Plastyfikator w p\u0142ynie JURGA ADMIX LIQUID &#8211; 5l"},"content":{"rendered":"<h3>Opis:<\/h3>\n<p>Plastyfikator w p\u0142ynie JURGA ADMIX LIQUID do zapraw cementowych to istotny dodatek w budownictwie. Umo\u017cliwia on uplastycznienie zapraw, popraw\u0119 przyczepno\u015bci i kleisto\u015bci, zapobieganie rozwarstwianiu oraz redukcj\u0119 wykwit\u00f3w solnych. Co wi\u0119cej, zwi\u0119ksza obj\u0119to\u015b\u0107 mieszanki o oko\u0142o 15%, co przek\u0142ada si\u0119 na oszcz\u0119dno\u015bci materia\u0142owe. Ten produkt jest niezast\u0105piony dla profesjonalist\u00f3w budowlanych, pomagaj\u0105c uzyska\u0107 doskona\u0142e efekty prac murarskich i tynkarskich.<\/p>\n<h3>W\u0142a\u015bciwo\u015bci:<\/h3>\n<p>ADMIX LIQUID gotowa do u\u017cycia, p\u0142ynna domieszka uplastyczniaj\u0105ca i napowietrzaj\u0105ca zaprawy murarskie i tynkarskie. Poprawia urabialno\u015b\u0107 zapraw, co u\u0142atwia nak\u0142adanie i formowanie jej na murach i \u015bcianach. Plastyfikator zwi\u0119ksza jednorodno\u015b\u0107, kleisto\u015b\u0107 i przyczepno\u015b\u0107 gotowej zaprawy do pod\u0142o\u017ca. Nie sp\u0142ywa z powierzchni. Ogranicza powstawianie wykwit\u00f3w na tynkowanych i wymurowanych elementach. Redukuje u\u017cycie wody zarobowej. Napowietrza zaprawy, zwi\u0119ksza ich obj\u0119to\u015b\u0107 oraz odporno\u015b\u0107 gotowego wyrobu na niskie temperatury. Mieszanka z dodatkiem ADMIX LIQUID nie osiada pod ci\u0119\u017carem cegie\u0142 lub bloczk\u00f3w. Domieszk\u0119 mo\u017cna stosowa\u0107 z wszystkimi cementami normowymi. ADMIX LIQUID charakteryzuje si\u0119 wysok\u0105 wydajno\u015bci\u0105, obni\u017ca koszty. Jest to domieszka bezchlorkowa, nie powoduje korozji element\u00f3w metalowych.<\/p>\n<h2>Jak u\u017cywa\u0107 JURGA ADMIX LIQUID:<\/h2>\n<p>ADMIX Liquid powinien by\u0107 dozowany r\u00f3wnocze\u015bnie z wod\u0105 zarobow\u0105. Zaleca si\u0119 dozowanie w ilo\u015bci od 0,3% do 0,4% w stosunku do wagi cementu ( tj. ok. 75 &#8211; 100ml na 25kg cementu ). Dok\u0142adnie wymiesza\u0107.<\/p>\n<p>UWAGA: Ze wzgl\u0119du na r\u00f3\u017cne typy cement\u00f3w konieczna jest pr\u00f3ba technologiczna dla danego zastosowania.<\/p>\n<h3>Informacje techniczne:<\/h3>\n<ul>\n<li>Sk\u0142ad: Mieszanina \u017cywic i niejonowych \u015brodk\u00f3w powierzchniowo czynnych<\/li>\n<li>Kolor i posta\u0107: Czerwony p\u0142yn<\/li>\n<li>G\u0119sto\u015b\u0107: 0,996 do 1,036 g\/cm\u00b3<\/li>\n<li>pH: 6,40-8,40<\/li>\n<li>Opakowania: Butelka 1l, kanister 5l<\/li>\n<\/ul>\n","protected":false},"excerpt":{"rendered":"<p>Plastyfikator w p\u0142ynie JURGA ADMIX LIQUID do zapraw cementowych \u2013 murarskich i tynkarskich. Uplastycznia zaprawy, poprawia kleisto\u015b\u0107 i przyczepno\u015b\u0107, zapobiega ich rozwarstwianiu, redukuje wykwity, zwi\u0119ksza obj\u0119to\u015b\u0107 mieszanki ok. 15%.<\/p>\n","protected":false},"featured_media":20775,"comment_status":"closed","ping_status":"closed","template":"","meta":{"_acf_changed":false,"inline_featured_image":false},"product_cat":[280],"product_tag":[1636,1638,1635,1637],"class_list":{"0":"post-11641","1":"product","2":"type-product","3":"status-publish","4":"has-post-thumbnail","6":"product_cat-dodatki-do-zapraw-i-betonow","7":"product_tag-jurga-admix-liquid","8":"product_tag-plastyfikator-do-zapraw","9":"product_tag-plastyfikator-w-plynie","10":"product_tag-plynna-domieszka","12":"first","13":"instock","14":"shipping-taxable","15":"purchasable","16":"product-type-simple"},"acf":[],"_links":{"self":[{"href":"https:\/\/e-adams.pl\/de\/wp-json\/wp\/v2\/product\/11641","targetHints":{"allow":["GET"]}}],"collection":[{"href":"https:\/\/e-adams.pl\/de\/wp-json\/wp\/v2\/product"}],"about":[{"href":"https:\/\/e-adams.pl\/de\/wp-json\/wp\/v2\/types\/product"}],"replies":[{"embeddable":true,"href":"https:\/\/e-adams.pl\/de\/wp-json\/wp\/v2\/comments?post=11641"}],"wp:featuredmedia":[{"embeddable":true,"href":"https:\/\/e-adams.pl\/de\/wp-json\/wp\/v2\/media\/20775"}],"wp:attachment":[{"href":"https:\/\/e-adams.pl\/de\/wp-json\/wp\/v2\/media?parent=11641"}],"wp:term":[{"taxonomy":"product_cat","embeddable":true,"href":"https:\/\/e-adams.pl\/de\/wp-json\/wp\/v2\/product_cat?post=11641"},{"taxonomy":"product_tag","embeddable":true,"href":"https:\/\/e-adams.pl\/de\/wp-json\/wp\/v2\/product_tag?post=11641"}],"curies":[{"name":"wp","href":"https:\/\/api.w.org\/{rel}","templated":true}]}}