{"id":11642,"date":"2018-11-21T11:50:10","date_gmt":"2018-11-21T10:50:10","guid":{"rendered":"https:\/\/e-adams.pl\/?post_type=product&#038;p=11642"},"modified":"2024-07-15T11:31:12","modified_gmt":"2024-07-15T09:31:12","slug":"plastyfikator-do-betonu-betonmix-jurga-5l","status":"publish","type":"product","link":"https:\/\/e-adams.pl\/de\/produkt\/plastyfikator-do-betonu-betonmix-jurga-5l\/","title":{"rendered":"Plastyfikator do betonu BETONMIX JURGA &#8211; 5l"},"content":{"rendered":"<h3>Plastyfikator do betonu BETONMIX JURGA &#8211; 5l<\/h3>\n<p><strong>BETON MIX P\u0142ynny plastyfikator do beton\u00f3w.<br \/>\nWydajno\u015b\u0107: <\/strong>od 125 ml do 250 ml na 25 kg cementu.<\/p>\n<p style=\"text-align: justify;\">P\u0142ynny plastyfikator do beton\u00f3w. Uplastycznia, redukuje u\u017cycie wody, zwi\u0119ksza wytrzyma\u0142o\u015b\u0107, lekko op\u00f3\u017ania wi\u0105zanie, obni\u017ca skurcz i p\u0119kanie betonu. BETONMIX jest przeznaczony g\u0142\u00f3wnie do produkcji wyrob\u00f3w betonowych: p\u0142yty, kraw\u0119\u017cniki, p\u0142oty, kostka, kr\u0119gi, posadzki, ale r\u00f3wnie\u017c do wylewek pod ogrzewanie pod\u0142ogowe, wylewek na tarasach i balkonach.<\/p>\n<p><img loading=\"lazy\" decoding=\"async\" class=\"size-full wp-image-11664 aligncenter\" src=\"https:\/\/e-adams.pl\/wp-content\/uploads\/2018\/11\/plastyfikator-do-betonu-betonmix-jurga-5l.jpg\" alt=\"plastyfikator do betonu, betonmix jurga 5l, P\u0142ynny plastyfikator do beton\u00f3w,\" width=\"400\" height=\"400\" title=\"\"><\/p>\n<p style=\"text-align: justify;\"><strong>BETONMIX<\/strong> jest to gotowa do u\u017cycia p\u0142ynna domieszka, kt\u00f3ra uplastycznia i ogranicza u\u017cycie wody zarobowej. Poprawia urabialno\u015b\u0107 mieszanki betonowej, kt\u00f3r\u0105 si\u0119 lepiej pompuje, podaje i zaciera. U\u0142atwia dok\u0142adne po\u0142\u0105czenie \u017cwiru i cementu, dlatego mieszanka betonowa jest lepiej zag\u0119szczona i jednorodna.<strong> Podnosi to wytrzyma\u0142o\u015b\u0107 betonu, redukuje skurcz, osiadanie i p\u0119kanie.<\/strong> Zwi\u0119kszona jest szczelno\u015b\u0107 elementu oraz jego odporno\u015b\u0107 na dzia\u0142anie mrozu i soli odladzaj\u0105cych. Domieszka bezchlorkowa nie powoduje korozji stali w mieszance betonowej. Preparat przeznaczony jest g\u0142\u00f3wnie do produkcji wyrob\u00f3w betonowych typu: posadzki, p\u0142yty, kraw\u0119\u017cniki, nadpro\u017ca, kostka, kr\u0119gi, p\u0142oty betonowe, stropy, \u015bciany i \u0142awy fundamentowe itp. Betonmix jest odpowiedni do wylewek pod ogrzewanie pod\u0142ogowe, wylewek na tarasach i balkonach.<\/p>\n<h3>Spos\u00f3b u\u017cycia<\/h3>\n<p>BETONMIX powinien by\u0107 dozowany r\u00f3wnocze\u015bnie z wod\u0105 zarobow\u0105. Zaleca si\u0119 dozowanie w ilo\u015bci od 0,5% do 1% w stosunku do wagi cementu ( od 125 ml do 250 ml na 25 kg cementu ). Dok\u0142adnie wymiesza\u0107.UWAGA! Ze wzgl\u0119du na r\u00f3\u017cne typy cement\u00f3w konieczna jest pr\u00f3ba technologiczna dla danego zastosowania!<\/p>\n<h3>Przechowywanie<\/h3>\n<p>Przechowywa\u0107 i transportowa\u0107 w suchym i zacienionym miejscu w oryginalnych szczelnie zamkni\u0119tych pojemnikach, w temperaturach od +5\u00b0C do +25\u00b0C.<\/p>\n<h3>Zalecenia bezpiecze\u0144stwa<\/h3>\n<p>Chroni\u0107 przed dzie\u0107mi. Unika\u0107 zanieczyszczenia sk\u00f3ry i oczu. Nie po\u0142yka\u0107. W przypadku dostania si\u0119 go do oczu, nale\u017cy niezw\u0142ocznie przemy\u0107 du\u017c\u0105 ilo\u015bci\u0105 czystej wody i w razie potrzeby skontaktowa\u0107 si\u0119 z lekarzem.<\/p>\n<h3>Okres wa\u017cno\u015bci<\/h3>\n<p>Preparat zu\u017cy\u0107 w ci\u0105gu 12 miesi\u0119cy od daty produkcji umieszczonej na opakowaniu. Data produkcji jest numerem partii.<\/p>\n","protected":false},"excerpt":{"rendered":"<h3 style=\"color: #0099cc;\">Sprawd\u017a cen\u0119 i aktualny stan w sklepie<br \/>\n<strong>Kontakt:<\/strong> <a href=\"mailto:info@e-adams.pl\"><u><b>info@e-adams.pl<\/b><\/u><\/a><\/h3>\n","protected":false},"featured_media":11664,"comment_status":"closed","ping_status":"closed","template":"","meta":{"_acf_changed":false,"inline_featured_image":false},"product_cat":[280],"product_tag":[953,950,954],"class_list":{"0":"post-11642","1":"product","2":"type-product","3":"status-publish","4":"has-post-thumbnail","6":"product_cat-dodatki-do-zapraw-i-betonow","7":"product_tag-jurga","8":"product_tag-materialy-budowlane","9":"product_tag-plastyfikator","11":"first","12":"instock","13":"shipping-taxable","14":"purchasable","15":"product-type-simple"},"acf":[],"_links":{"self":[{"href":"https:\/\/e-adams.pl\/de\/wp-json\/wp\/v2\/product\/11642","targetHints":{"allow":["GET"]}}],"collection":[{"href":"https:\/\/e-adams.pl\/de\/wp-json\/wp\/v2\/product"}],"about":[{"href":"https:\/\/e-adams.pl\/de\/wp-json\/wp\/v2\/types\/product"}],"replies":[{"embeddable":true,"href":"https:\/\/e-adams.pl\/de\/wp-json\/wp\/v2\/comments?post=11642"}],"wp:featuredmedia":[{"embeddable":true,"href":"https:\/\/e-adams.pl\/de\/wp-json\/wp\/v2\/media\/11664"}],"wp:attachment":[{"href":"https:\/\/e-adams.pl\/de\/wp-json\/wp\/v2\/media?parent=11642"}],"wp:term":[{"taxonomy":"product_cat","embeddable":true,"href":"https:\/\/e-adams.pl\/de\/wp-json\/wp\/v2\/product_cat?post=11642"},{"taxonomy":"product_tag","embeddable":true,"href":"https:\/\/e-adams.pl\/de\/wp-json\/wp\/v2\/product_tag?post=11642"}],"curies":[{"name":"wp","href":"https:\/\/api.w.org\/{rel}","templated":true}]}}