{"id":11644,"date":"2018-11-21T12:20:53","date_gmt":"2018-11-21T11:20:53","guid":{"rendered":"https:\/\/e-adams.pl\/?post_type=product&#038;p=11644"},"modified":"2023-08-18T10:35:50","modified_gmt":"2023-08-18T08:35:50","slug":"domieszka-przeciwmrozowa-fastproof-mix-liquid-jurga-1l","status":"publish","type":"product","link":"https:\/\/e-adams.pl\/de\/produkt\/domieszka-przeciwmrozowa-fastproof-mix-liquid-jurga-1l\/","title":{"rendered":"Domieszka przeciwmrozowa FASTPROOF MIX LIQUID JURGA &#8211; 1L"},"content":{"rendered":"<h3>Domieszka przeciwmrozowa FASTPROOF MIX LIQUID JURGA &#8211; 1L<\/h3>\n<p><strong>P\u0142ynna domieszka przyspieszaj\u0105ca twardnienie i poprawiaj\u0105ca urabialno\u015b\u0107<\/strong><br \/>\n<strong>Dozowanie:<\/strong> 1% do 2 % w stosunku do wagi cementu (od 250-500ml na 25kg cementu)<\/p>\n<p style=\"text-align: justify;\">P\u0142ynna domieszka przyspieszaj\u0105ca twardnienie i poprawiaj\u0105ca urabialno\u015b\u0107 do beton\u00f3w, zapraw i klej\u00f3w wykonanych na bazie cementu. Redukuje u\u017cycie wody zarobowej przez co podnosi wytrzyma\u0142o\u015b\u0107 i odporno\u015b\u0107 na skurcz i p\u0119kanie. Preparat z powodzeniem mo\u017ce by\u0107 stosowany w okresach obni\u017conych temperatur.<\/p>\n<p>&nbsp;<\/p>\n<p><img loading=\"lazy\" decoding=\"async\" class=\"size-full wp-image-11670 aligncenter\" src=\"https:\/\/e-adams.pl\/wp-content\/uploads\/2018\/11\/domieszka-przeciwmrozowa-fastproof-mix-liquid-jurga-1l.jpg\" alt=\"domieszka przeciwmrozowa do betonu, fastproof mix liquid jurga 1l, P\u0142ynna domieszka antymrozowa,\" width=\"400\" height=\"400\" title=\"\"><\/p>\n<p style=\"text-align: justify;\"><strong>FASTPROOF<\/strong> to p\u0142ynna domieszka, na bazie organicznych zwi\u0105zk\u00f3w chemicznych, kt\u00f3re maj\u0105 zadanie przyspieszy\u0107 twardnienie. <strong>Preparat poprawia urabialno\u015b\u0107 mieszanki oraz ogranicza u\u017cycie wody zarobowej<\/strong>, przez co poprawia odporno\u015b\u0107 mieszanki na destrukcyjne dzia\u0142anie mrozu. <strong>Powoduje przy\u015bpieszenie twardnienia zapraw i beton\u00f3w<\/strong> bez utraty wytrzyma\u0142o\u015bci pocz\u0105tkowej i ko\u0144cowej. Redukuje powstawanie napr\u0119\u017ce\u0144 termicznych i sp\u0119ka\u0144. Nie powoduje wykwit\u00f3w i bia\u0142ych nalot\u00f3w solnych. Szybkie dojrzewanie betonu lub zapraw bez utraty wytrzyma\u0142o\u015bci jest bardzo potrzebne w okresach obni\u017conych temperatur poniewa\u017c gotowe mieszanki nie s\u0105 d\u0142ugo wystawione na destrukcyjne dzia\u0142anie mrozu. Z powodzeniem umo\u017cliwia to betonowanie, murowanie i tynkowanie w warunkach obni\u017conych temperatur. Domieszka nie zawiera chlork\u00f3w dzi\u0119ki czemu nie powoduje korozji zbrojenia stalowego.<\/p>\n<h3>Zastosowanie<\/h3>\n<p>FASTPROOF przyspiesza twardnienie beton\u00f3w, zapraw murarskich i tynkarskich, klej\u00f3w gdzie materia\u0142em wi\u0105\u017c\u0105cym jest cement.<\/p>\n<h3>Zu\u017cycie<\/h3>\n<p>FASTPROOF powinien by\u0107 dozowany r\u00f3wnocze\u015bnie z wod\u0105 zarobow\u0105. Zaleca si\u0119 dozowanie w ilo\u015bci od 1% do 2% w stosunku do wagi cementu. Nale\u017cy dok\u0142adnie wymiesza\u0107.<br \/>\nUWAGA: Zwi\u0119kszaj\u0105c dozowanie nast\u0119puje przy\u015bpieszenie twardnienia, nale\u017cy powoli zwi\u0119ksza\u0107 dozowanie oraz uwa\u017ca\u0107 aby nie przedozowa\u0107 domieszki. \u015arednio przyspieszenie wi\u0105zania mieszanki z dodatkiem domieszki w stosunku do mieszanki kontrolnej 30-50%. Ze wzgl\u0119du na r\u00f3\u017cne typy cement\u00f3w, kruszywa konieczna jest pr\u00f3ba technologiczna dla danego zastosowania!<\/p>\n<p>FASTPROOF umo\u017cliwia betonowanie, murowanie oraz tynkowanie w warunkach obni\u017conych temperatur powietrza (dochodz\u0105cych nawet do -10\u00b0C) zachowuj\u0105c warunki wykonywania prac w warunkach zimowych oznaczonych instrukcj\u0105 ITB nr 282:<br \/>\n\u2022 Zastosowane kruszywo nie mo\u017ce by\u0107 zmro\u017cone<br \/>\n\u2022 Wymurowane i wybetonowane elementy nale\u017cy chroni\u0107 przed utrat\u0105 ciep\u0142a poprzez zastosowanie os\u0142on z materia\u0142\u00f3w izolacyjnych \/maty, we\u0142na mineralna, styropian itp.\/<br \/>\n\u2022 Betonowane elementy i pod\u0142o\u017ce nie mo\u017ce by\u0107 zamarzni\u0119te<br \/>\n\u2022 Nale\u017cy usun\u0105\u0107 \u015bnieg i l\u00f3d z szalunk\u00f3w<br \/>\n\u2022 Zaleca si\u0119 stosowanie podgrzanej wody zarobowej Zaleca si\u0119 zapoznanie i wykonanie prac w obni\u017conych temperaturach zgodnie z instrukcj\u0105 ITB nr 282 !!!<\/p>\n<p>W przypadku niemo\u017cliwo\u015bci spe\u0142nienia warunk\u00f3w ochrony \u015bwie\u017cego betonu podczas prac w warunkach obni\u017conych temperatur nale\u017cy skontaktowa\u0107 si\u0119 pisemnie z doradc\u0105 technicznym naszej firmy.<\/p>\n<h3>Bezpiecze\u0144stwo stosowania<\/h3>\n<p>Preparat przechowywa\u0107 w miejscu niedost\u0119pnym dla dzieci. Dok\u0142adnie umy\u0107 r\u0119ce po u\u017cyciu. Stosowa\u0107 r\u0119kawice ochronne, unika\u0107 zanieczyszczenia oczu i sk\u00f3ry.<\/p>\n<h3>Okres przydatno\u015bci<\/h3>\n<p>Preparat zu\u017cy\u0107 w ci\u0105gu 24 miesi\u0119cy od daty produkcji umieszczonej na opakowaniu. Data produkcji jest numerem partii.<\/p>\n","protected":false},"excerpt":{"rendered":"<h3 style=\"color: #0099cc;\">Sprawd\u017a cen\u0119 i aktualny stan w sklepie<br \/>\n<strong>Kontakt:<\/strong> <a href=\"mailto:info@e-adams.pl\"><u><b>info@e-adams.pl<\/b><\/u><\/a><\/h3>\n","protected":false},"featured_media":11670,"comment_status":"closed","ping_status":"closed","template":"","meta":{"_acf_changed":false,"inline_featured_image":false},"product_cat":[280],"product_tag":[953,950],"class_list":{"0":"post-11644","1":"product","2":"type-product","3":"status-publish","4":"has-post-thumbnail","6":"product_cat-dodatki-do-zapraw-i-betonow","7":"product_tag-jurga","8":"product_tag-materialy-budowlane","10":"first","11":"onbackorder","12":"shipping-taxable","13":"product-type-simple"},"acf":[],"_links":{"self":[{"href":"https:\/\/e-adams.pl\/de\/wp-json\/wp\/v2\/product\/11644","targetHints":{"allow":["GET"]}}],"collection":[{"href":"https:\/\/e-adams.pl\/de\/wp-json\/wp\/v2\/product"}],"about":[{"href":"https:\/\/e-adams.pl\/de\/wp-json\/wp\/v2\/types\/product"}],"replies":[{"embeddable":true,"href":"https:\/\/e-adams.pl\/de\/wp-json\/wp\/v2\/comments?post=11644"}],"wp:featuredmedia":[{"embeddable":true,"href":"https:\/\/e-adams.pl\/de\/wp-json\/wp\/v2\/media\/11670"}],"wp:attachment":[{"href":"https:\/\/e-adams.pl\/de\/wp-json\/wp\/v2\/media?parent=11644"}],"wp:term":[{"taxonomy":"product_cat","embeddable":true,"href":"https:\/\/e-adams.pl\/de\/wp-json\/wp\/v2\/product_cat?post=11644"},{"taxonomy":"product_tag","embeddable":true,"href":"https:\/\/e-adams.pl\/de\/wp-json\/wp\/v2\/product_tag?post=11644"}],"curies":[{"name":"wp","href":"https:\/\/api.w.org\/{rel}","templated":true}]}}