{"id":11647,"date":"2018-11-21T13:10:07","date_gmt":"2018-11-21T12:10:07","guid":{"rendered":"https:\/\/e-adams.pl\/?post_type=product&#038;p=11647"},"modified":"2024-07-15T11:31:12","modified_gmt":"2024-07-15T09:31:12","slug":"domieszka-uszczelniajaca-do-betonu-jurga-waterproof-5l","status":"publish","type":"product","link":"https:\/\/e-adams.pl\/de\/produkt\/domieszka-uszczelniajaca-do-betonu-jurga-waterproof-5l\/","title":{"rendered":"Domieszka uszczelniaj\u0105ca do betonu JURGA WATERPROOF &#8211; 5l"},"content":{"rendered":"<h3>Opis:<\/h3>\n<p>JURGA WATERPROOF to domieszka uszczelniaj\u0105ca do beton\u00f3w i zapraw. Podwy\u017csza wytrzyma\u0142o\u015b\u0107 wyrobu, ogranicza nasi\u0105kliwo\u015b\u0107, zwi\u0119ksza jego wodoszczelno\u015b\u0107, utrwala kolor i redukuje wykwity.<\/p>\n<h3>W\u0142a\u015bciwo\u015bci:<\/h3>\n<p>JURGA WATERPROOF jest \u015brodkiem aktywnym powierzchniowo, powoduje zamykanie por\u00f3w kapilarnych, przez co ogranicza w du\u017cym stopniu nasi\u0105kliwo\u015b\u0107 powierzchni. Zwi\u0119kszona jest szczelno\u015b\u0107 wyrobu oraz jego odporno\u015b\u0107 na dzia\u0142anie warunk\u00f3w atmosferycznych. Mieszanka jest lepiej zag\u0119szczona i homogeniczna, powierzchnia wyrobu jest optycznie zamkni\u0119ta, kolor wyrobu jest intensywny i \u015bwie\u017cy. U\u017cycie domieszki redukuje powstawanie wykwit\u00f3w, podwy\u017cszona jest wytrzyma\u0142o\u015b\u0107 wyrobu.<\/p>\n<h3>Zastosowanie:<\/h3>\n<p>JURGA WATERPROOF to domieszka zwi\u0119kszaj\u0105ca szczelno\u015b\u0107 beton\u00f3w. Idealnie nadaje si\u0119 do produkcji kolorowych element\u00f3w wibroprasowych o optycznie zamkni\u0119tej powierzchni takich jak kolorowa kostka brukowa, p\u0142ytki chodnikowe, palisady, obrze\u017ca. Ze wzgl\u0119du na dobre w\u0142a\u015bciwo\u015bci uszczelniaj\u0105ce mo\u017ce by\u0107 z powodzeniem stosowany do wyrob\u00f3w o wysokiej szczelno\u015bci i o ma\u0142ej nasi\u0105kliwo\u015bci takich jak rury, kr\u0119gi, szamba itp. Produkt mo\u017cna r\u00f3wnie\u017c zastosowa\u0107 do zmniejszenia nasi\u0105kliwo\u015bci zapraw murarskich i tynkarskich.<\/p>\n<h3>Spos\u00f3b u\u017cycia:<\/h3>\n<p>Domieszka powinna by\u0107 dozowana jednocze\u015bnie z wod\u0105 zarobow\u0105. Dok\u0142adnie wymiesza\u0107. UWAGA! Konieczna pr\u00f3ba technologiczna dla danego zastosowania! Dozowanie 1-2% w stosunku do wagi cementu. Zalecane dozowanie to 500 ml na 25 kg cementu.<\/p>\n<h3>Informacje techniczne:<\/h3>\n<ul>\n<li>Sk\u0142ad: Mieszanina \u015brodk\u00f3w powierzchniowo czynnych<\/li>\n<li>Kolor i posta\u0107: Jednorodna bia\u0142a ciecz<\/li>\n<li>G\u0119sto\u015b\u0107: Ok 1.00 g \/cm\u00b3<\/li>\n<li>Temperatura zamarzania: 0\u02daC<\/li>\n<li>pH: 5-6<\/li>\n<li>Opakowania: Butelka 1l, kanister 5l<\/li>\n<\/ul>\n","protected":false},"excerpt":{"rendered":"<p>JURGA WATERPROOF to dodatek uszczelniaj\u0105cy do beton\u00f3w i zapraw, poprawiaj\u0105cy wytrzyma\u0142o\u015b\u0107, wodoszczelno\u015b\u0107 i wygl\u0105d wyrobu oraz redukuj\u0105cy wykwity i nasi\u0105kliwo\u015b\u0107.<\/p>\n","protected":false},"featured_media":20769,"comment_status":"closed","ping_status":"closed","template":"","meta":{"_acf_changed":false,"inline_featured_image":false},"product_cat":[280],"product_tag":[1633,1631,1634,1632,1627],"class_list":{"0":"post-11647","1":"product","2":"type-product","3":"status-publish","4":"has-post-thumbnail","6":"product_cat-dodatki-do-zapraw-i-betonow","7":"product_tag-domieszka-do-betonow","8":"product_tag-domieszka-do-zapraw","9":"product_tag-domieszka-uszczelniajaca","10":"product_tag-domieszka-uszczelniajaca-do-betonow-i-zapraw","11":"product_tag-jurga-waterproof","13":"first","14":"instock","15":"shipping-taxable","16":"purchasable","17":"product-type-simple"},"acf":[],"_links":{"self":[{"href":"https:\/\/e-adams.pl\/de\/wp-json\/wp\/v2\/product\/11647","targetHints":{"allow":["GET"]}}],"collection":[{"href":"https:\/\/e-adams.pl\/de\/wp-json\/wp\/v2\/product"}],"about":[{"href":"https:\/\/e-adams.pl\/de\/wp-json\/wp\/v2\/types\/product"}],"replies":[{"embeddable":true,"href":"https:\/\/e-adams.pl\/de\/wp-json\/wp\/v2\/comments?post=11647"}],"wp:featuredmedia":[{"embeddable":true,"href":"https:\/\/e-adams.pl\/de\/wp-json\/wp\/v2\/media\/20769"}],"wp:attachment":[{"href":"https:\/\/e-adams.pl\/de\/wp-json\/wp\/v2\/media?parent=11647"}],"wp:term":[{"taxonomy":"product_cat","embeddable":true,"href":"https:\/\/e-adams.pl\/de\/wp-json\/wp\/v2\/product_cat?post=11647"},{"taxonomy":"product_tag","embeddable":true,"href":"https:\/\/e-adams.pl\/de\/wp-json\/wp\/v2\/product_tag?post=11647"}],"curies":[{"name":"wp","href":"https:\/\/api.w.org\/{rel}","templated":true}]}}