{"id":11650,"date":"2018-11-21T14:10:32","date_gmt":"2018-11-21T13:10:32","guid":{"rendered":"https:\/\/e-adams.pl\/?post_type=product&#038;p=11650"},"modified":"2024-07-15T11:31:13","modified_gmt":"2024-07-15T09:31:13","slug":"plastyfikator-do-betonu-jurga-betonmix-1l","status":"publish","type":"product","link":"https:\/\/e-adams.pl\/de\/produkt\/plastyfikator-do-betonu-jurga-betonmix-1l\/","title":{"rendered":"Plastyfikator do betonu JURGA BETONMIX &#8211; 1l"},"content":{"rendered":"<h3>Opis:<\/h3>\n<p>P\u0142ynny plastyfikator do beton\u00f3w JURGA BETONMIX. Uplastycznia, redukuje u\u017cycie wody, zwi\u0119ksza wytrzyma\u0142o\u015b\u0107, obni\u017ca skurcz i p\u0119kanie betonu. BETONMIX jest przeznaczony g\u0142\u00f3wnie do produkcji wyrob\u00f3w betonowych: p\u0142yty, kraw\u0119\u017cniki, p\u0142oty, kostka, kr\u0119gi, posadzki, ale r\u00f3wnie\u017c do wylewek pod ogrzewanie pod\u0142ogowe, wylewek na tarasach i balkonach. Domieszka bezchlorkowa.<\/p>\n<h3>W\u0142a\u015bciwo\u015bci i zastosowanie:<\/h3>\n<p>BETONMIX jest to gotowa do u\u017cycia p\u0142ynna domieszka, kt\u00f3ra uplastycznia i ogranicza u\u017cycie wody zarobowej. Poprawia urabialno\u015b\u0107 mieszanki betonowej, kt\u00f3r\u0105 si\u0119 lepiej pompuje, podaje i zaciera. U\u0142atwia dok\u0142adne po\u0142\u0105czenie \u017cwiru i cementu, dlatego\u00a0 mieszanka betonowa jest lepiej zag\u0119szczona i jednorodna. Podnosi to wytrzyma\u0142o\u015b\u0107 betonu, redukuje skurcz, osiadanie i p\u0119kanie. Zwi\u0119kszona jest szczelno\u015b\u0107 elementu oraz jego odporno\u015b\u0107 na dzia\u0142anie mrozu i soli odladzaj\u0105cych. Domieszka bezchlorkowa nie powoduje korozji stali w mieszance betonowej. Preparat przeznaczony jest g\u0142\u00f3wnie do produkcji wyrob\u00f3w betonowych typu: posadzki, p\u0142yty, kraw\u0119\u017cniki, nadpro\u017ca, kostka, kr\u0119gi, p\u0142oty betonowe, stropy, \u015bciany i \u0142awy fundamentowe itp. Betonmix jest odpowiedni do wylewek pod ogrzewanie pod\u0142ogowe, wylewek na tarasach i balkonach.<\/p>\n<h2>Jak u\u017cywa\u0107 JURGA BETONMIX:<\/h2>\n<p>BETONMIX powinien by\u0107 dozowany r\u00f3wnocze\u015bnie z wod\u0105 zarobow\u0105. Przed u\u017cyciem wstrz\u0105sn\u0105\u0107. Zaleca si\u0119 dozowanie w ilo\u015bci od 0,5% do 1% w stosunku do wagi cementu ( sugerowane 0,75% czyli ok. 190ml na 25 kg cementu). Dok\u0142adnie wymiesza\u0107.<br \/>\nUWAGA! Ze wzgl\u0119du na r\u00f3\u017cne typy cement\u00f3w konieczna jest pr\u00f3ba technologiczna dla danego zastosowania!<\/p>\n<h3>Informacje techniczne:<\/h3>\n<ul>\n<li>Sk\u0142ad: Mieszanina lignosulfonian\u00f3w<\/li>\n<li>Kolor i posta\u0107: Ciemnobrunatna ciecz<\/li>\n<li>G\u0119sto\u015b\u0107: 1,097-1,157 g\/cm\u00b3<\/li>\n<li>pH: 2,9-4,9<\/li>\n<li>Opakowania: Butelki 1l, kanister 5l<\/li>\n<\/ul>\n","protected":false},"excerpt":{"rendered":"<p>JURGA BETONMIX to p\u0142ynny plastyfikator do beton\u00f3w, kt\u00f3ry uplastycznia, redukuje u\u017cycie wody, zwi\u0119ksza wytrzyma\u0142o\u015b\u0107, obni\u017ca skurcz i p\u0119kanie betonu, idealny do produkcji wyrob\u00f3w betonowych oraz wylewek.<\/p>\n","protected":false},"featured_media":20771,"comment_status":"closed","ping_status":"closed","template":"","meta":{"_acf_changed":false,"inline_featured_image":false},"product_cat":[280],"product_tag":[],"class_list":{"0":"post-11650","1":"product","2":"type-product","3":"status-publish","4":"has-post-thumbnail","6":"product_cat-dodatki-do-zapraw-i-betonow","8":"first","9":"instock","10":"shipping-taxable","11":"purchasable","12":"product-type-simple"},"acf":[],"_links":{"self":[{"href":"https:\/\/e-adams.pl\/de\/wp-json\/wp\/v2\/product\/11650","targetHints":{"allow":["GET"]}}],"collection":[{"href":"https:\/\/e-adams.pl\/de\/wp-json\/wp\/v2\/product"}],"about":[{"href":"https:\/\/e-adams.pl\/de\/wp-json\/wp\/v2\/types\/product"}],"replies":[{"embeddable":true,"href":"https:\/\/e-adams.pl\/de\/wp-json\/wp\/v2\/comments?post=11650"}],"wp:featuredmedia":[{"embeddable":true,"href":"https:\/\/e-adams.pl\/de\/wp-json\/wp\/v2\/media\/20771"}],"wp:attachment":[{"href":"https:\/\/e-adams.pl\/de\/wp-json\/wp\/v2\/media?parent=11650"}],"wp:term":[{"taxonomy":"product_cat","embeddable":true,"href":"https:\/\/e-adams.pl\/de\/wp-json\/wp\/v2\/product_cat?post=11650"},{"taxonomy":"product_tag","embeddable":true,"href":"https:\/\/e-adams.pl\/de\/wp-json\/wp\/v2\/product_tag?post=11650"}],"curies":[{"name":"wp","href":"https:\/\/api.w.org\/{rel}","templated":true}]}}