{"id":11651,"date":"2018-11-21T14:23:43","date_gmt":"2018-11-21T13:23:43","guid":{"rendered":"https:\/\/e-adams.pl\/?post_type=product&#038;p=11651"},"modified":"2023-08-18T09:50:17","modified_gmt":"2023-08-18T07:50:17","slug":"domieszka-przeciwmrozowa-fastproof-jurga-100g","status":"publish","type":"product","link":"https:\/\/e-adams.pl\/de\/produkt\/domieszka-przeciwmrozowa-fastproof-jurga-100g\/","title":{"rendered":"Domieszka przeciwmrozowa FROSTPROOF JURGA &#8211; 100g"},"content":{"rendered":"<h3>Domieszka przeciwmrozowa FROSTPROOF JURGA &#8211; saszetka<\/h3>\n<p><strong>Proszkowa domieszka przyspieszaj\u0105ca twardnienie i poprawiaj\u0105ca urabialno\u015b\u0107 do beton\u00f3w, zapraw.<\/strong><br \/>\n<strong>Dozowanie:<\/strong> 1 saszetka (100g) na 25kg cementu<br \/>\nRedukuje u\u017cycie wody zarobowej przez co podnosi wytrzyma\u0142o\u015b\u0107 i odporno\u015b\u0107 na skurcz i p\u0119kanie. Preparat z powodzeniem mo\u017ce by\u0107 stosowany w okresach obni\u017conych temperatur.<\/p>\n<p><img loading=\"lazy\" decoding=\"async\" class=\"aligncenter size-full wp-image-11694\" src=\"https:\/\/e-adams.pl\/wp-content\/uploads\/2018\/11\/domieszka-przeciwmrozowa-fastproof-jurga-saszetka.jpg\" alt=\"domieszka przeciwmrozowa jurga, fastproof domieszka przeciwmrozowa w saszetce, saszetka przeciwmrozowa przy\u015bpieszaj\u0105ca twardnienie, 100g\" width=\"400\" height=\"400\" title=\"\"><\/p>\n<p style=\"text-align: justify;\">FROSTPROOF to proszkowa domieszka na bazie mr\u00f3wczan\u00f3w przyspieszaj\u0105ca twardnienie i poprawiaj\u0105ca urabialno\u015b\u0107. Mo\u017cna j\u0105 stosowa\u0107 do beton\u00f3w, zapraw murarskich i tynkarskich, klej\u00f3w wykonanych na bazie cementu. Ogranicza u\u017cycie wody zarobowej, przez co zwi\u0119ksza odporno\u015b\u0107 gotowego betonu lub zaprawy na destrukcyjne dzia\u0142anie mrozu. Redukuje powstawanie napr\u0119\u017ce\u0144 termicznych i sp\u0119ka\u0144. Nie wywo\u0142uje wykwit\u00f3w. Z powodzeniem umo\u017cliwia betonowanie, murowanie i tynkowanie w warunkach obni\u017conych temperatur. Domieszka nie zawiera chlork\u00f3w dzi\u0119ki czemu nie powoduje korozji zbrojenia stalowego.<\/p>\n<h3>Spos\u00f3b u\u017cycia<\/h3>\n<p>FROSTPROOF powinien by\u0107 dozowany r\u00f3wnocze\u015bnie z wod\u0105 zarobow\u0105. Zaleca si\u0119 dozowanie w ilo\u015bci od 1 do 2 saszetek na 25kg cementu (1 saszetka do -5\u00b0C, poni\u017cej zwi\u0119kszy\u0107 do 2 saszetek ). Dok\u0142adnie wymiesza\u0107.<br \/>\nUWAGA! FROSTPROOF umo\u017cliwia betonowanie w warunkach obni\u017conych temperatur powietrza (dochodz\u0105cych nawet do -10\u00b0C) zachowuj\u0105c warunki wykonywania prac w warunkach zimowych oznaczonych instrukcj\u0105 ITB nr 282:<br \/>\n\u2022 Zastosowane kruszywo nie mo\u017ce by\u0107 zmro\u017cone<br \/>\n\u2022 Wymurowane i wybetonowane elementy nale\u017cy chroni\u0107 przed utrat\u0105 ciep\u0142a poprzez zastosowanie os\u0142on z materia\u0142\u00f3w izolacyjnych (maty, we\u0142na mineralna, styropian itp.)<br \/>\n\u2022 Betonowane elementy i pod\u0142o\u017ce nie mo\u017ce by\u0107 zamarzni\u0119te<br \/>\n\u2022 Nale\u017cy usun\u0105\u0107 \u015bnieg i l\u00f3d z szalunk\u00f3w<br \/>\n\u2022 Zaleca si\u0119 stosowanie podgrzanej wody zarobowej<br \/>\nZaleca si\u0119 zapoznanie i wykonanie prac w obni\u017conych temperaturach zgodnie z instrukcj\u0105 ITB nr 282 !!!<br \/>\nW przypadku niemo\u017cliwo\u015bci spe\u0142nienia warunk\u00f3w ochrony \u015bwie\u017cego betonu podczas prac w warunkach obni\u017conych temperatur nale\u017cy skontaktowa\u0107 si\u0119 z doradc\u0105 technicznym naszej firmy. Ze wzgl\u0119du na r\u00f3\u017cne typy cement\u00f3w konieczna jest pr\u00f3ba technologiczna dla danego zastosowania!<\/p>\n<h3>Okres przydatno\u015bci<\/h3>\n<p>Preparat zu\u017cy\u0107 w ci\u0105gu 24 miesi\u0119cy od daty produkcji umieszczonej na opakowaniu. Data produkcji jest numerem partii.<\/p>\n<h3>Przechowywanie<\/h3>\n<p>Przechowywa\u0107 i transportowa\u0107 w suchym i zacienionym miejscu w oryginalnych szczelnie zamkni\u0119tych pojemnikach, w temperaturach od +5\u00b0 C do +25\u00b0C. Pomieszczenia magazynowe musz\u0105 by\u0107 wentylowane. Zapobiega\u0107 powstawaniu py\u0142\u00f3w, nie dopu\u015bci\u0107 do jakichkolwiek rozsyp\u00f3w.<\/p>\n","protected":false},"excerpt":{"rendered":"<h3 style=\"color: #0099cc;\">Sprawd\u017a cen\u0119 i aktualny stan w sklepie<br \/>\n<strong>Kontakt:<\/strong> <a href=\"mailto:info@e-adams.pl\"><u><b>info@e-adams.pl<\/b><\/u><\/a><\/h3>\n","protected":false},"featured_media":11694,"comment_status":"closed","ping_status":"closed","template":"","meta":{"_acf_changed":false,"inline_featured_image":false},"product_cat":[280],"product_tag":[953,950],"class_list":{"0":"post-11651","1":"product","2":"type-product","3":"status-publish","4":"has-post-thumbnail","6":"product_cat-dodatki-do-zapraw-i-betonow","7":"product_tag-jurga","8":"product_tag-materialy-budowlane","10":"first","11":"onbackorder","12":"shipping-taxable","13":"product-type-simple"},"acf":[],"_links":{"self":[{"href":"https:\/\/e-adams.pl\/de\/wp-json\/wp\/v2\/product\/11651","targetHints":{"allow":["GET"]}}],"collection":[{"href":"https:\/\/e-adams.pl\/de\/wp-json\/wp\/v2\/product"}],"about":[{"href":"https:\/\/e-adams.pl\/de\/wp-json\/wp\/v2\/types\/product"}],"replies":[{"embeddable":true,"href":"https:\/\/e-adams.pl\/de\/wp-json\/wp\/v2\/comments?post=11651"}],"wp:featuredmedia":[{"embeddable":true,"href":"https:\/\/e-adams.pl\/de\/wp-json\/wp\/v2\/media\/11694"}],"wp:attachment":[{"href":"https:\/\/e-adams.pl\/de\/wp-json\/wp\/v2\/media?parent=11651"}],"wp:term":[{"taxonomy":"product_cat","embeddable":true,"href":"https:\/\/e-adams.pl\/de\/wp-json\/wp\/v2\/product_cat?post=11651"},{"taxonomy":"product_tag","embeddable":true,"href":"https:\/\/e-adams.pl\/de\/wp-json\/wp\/v2\/product_tag?post=11651"}],"curies":[{"name":"wp","href":"https:\/\/api.w.org\/{rel}","templated":true}]}}