{"id":11652,"date":"2018-11-21T14:03:37","date_gmt":"2018-11-21T13:03:37","guid":{"rendered":"https:\/\/e-adams.pl\/?post_type=product&#038;p=11652"},"modified":"2022-09-05T13:15:01","modified_gmt":"2022-09-05T11:15:01","slug":"plastyfikator-do-betonu-plastimix-m-den-braven-1l","status":"publish","type":"product","link":"https:\/\/e-adams.pl\/de\/produkt\/plastyfikator-do-betonu-plastimix-m-den-braven-1l\/","title":{"rendered":"Plastyfikator do betonu PLASTIMIX M DEN BRAVEN &#8211; 1L"},"content":{"rendered":"<h3>Plastyfikator do betonu PLASTIMIX M DEN BRAVEN &#8211; 1L<\/h3>\n<p><strong>P\u0142ynny plastyfikator do zapraw murarskich i tynkarskich<\/strong><br \/>\n<strong>Dozowanie:<\/strong> 0,3 \u2013 0,5% wagowo w stosunku do cementu, czyli 300 \u2013 500 ml na 100 kg cementu<br \/>\nUplastycznia i napowietrza zaprawy cementowe, redukuje ilo\u015b\u0107 wody zarobowej, potrzebnej do uzyskania po\u017c\u0105danej konsystencji mieszanki.<\/p>\n<p><img loading=\"lazy\" decoding=\"async\" class=\"size-full wp-image-11687 aligncenter\" src=\"https:\/\/e-adams.pl\/wp-content\/uploads\/2018\/11\/plastyfikator-do-betonu-plastimix-m-den-braven-1l.jpg\" alt=\"plastyfikator do betonu, DenBraven \u017bary, plastyfikator den braven, PLASTYFIKATOR W P\u0141YNIE, p\u0142ynny plastyfikator do zapraw murarskich, plastyfikator do zapraw tynkarskich, Centrum Handlowe Adams, Plastmix M, Den Braven \u017bary\" width=\"400\" height=\"400\" title=\"\"><\/p>\n<p style=\"text-align: justify;\">Jako p\u0142ynna forma plastyfikatora proszkowego, Plastyfikator do betonu PLASTIMIX M DEN BRAVEN czyni \u0142atwiejszym ni\u017c proszek uzyskanie wysokiej jednorodno\u015bci mieszanki przy temperaturze otoczenia bliskiej 0\u00b0C, gdy woda ma tendencj\u0119 do zamarzania. Uplastycznia i napowietrza cementowe zaprawy murarskie i tynkarskie, daj\u0105c mo\u017cliwo\u015b\u0107 prowadzenia rob\u00f3t w okresach obni\u017conych temperatur (do -2\u00b0C) oraz gdy warunki pogodowe i brak zaplecza budowlanego uniemo\u017cliwiaj\u0105 sk\u0142adowanie wapna hydratyzowanego.<\/p>\n<h3>W\u0142a\u015bciwo\u015bci<\/h3>\n<p>&#8211; uplastycznia i napowietrza zaprawy cementowe<br \/>\n&#8211; poprawia mrozoodporno\u015b\u0107 utwardzonej zaprawy<br \/>\n&#8211; zwi\u0119ksza odporno\u015b\u0107 \u015bwie\u017cej zaprawy na mr\u00f3z (do -2\u00b0C)<br \/>\n&#8211; poprawia twardo\u015b\u0107 tynku<br \/>\n&#8211; przeciwdzia\u0142a p\u0119kni\u0119ciom tynku<br \/>\n&#8211; wp\u0142ywa na popraw\u0119 przyczepno\u015bci zaprawy do ceg\u0142y<br \/>\n&#8211; podnosi komfort pracy (\u0142atwe nak\u0142adanie, uk\u0142adanie, rozprowadzanie zaprawy; zaprawa d\u0142u\u017cej zachowuje plastyczno\u015b\u0107, ma wy\u017csz\u0105 penetracj\u0119, nie sp\u0142ywa i nie rozwarstwia si\u0119)<br \/>\n&#8211; redukuje ilo\u015b\u0107 wody zarobowej, potrzebnej do uzyskania po\u017c\u0105danej konsystencji mieszanki<br \/>\n&#8211; obni\u017ca skurcz zaprawy<br \/>\n&#8211; zaprawa jest bardziej odporna na rysy, p\u0119kni\u0119cia, mniej nasi\u0105kliwa, bardziej odporna na opady atmosferyczne i cykle zamarzania\/rozmarzania<br \/>\n&#8211; podwy\u017csza wydajno\u015b\u0107 i produktywno\u015b\u0107 mieszanki<br \/>\n&#8211; zmniejsza ryzyko wykwit\u00f3w i zaciek\u00f3w<br \/>\n&#8211; zapewnia \u0142atwe i kontrolowane dozowanie \u2013 minimalizacja odpad\u00f3w<br \/>\n&#8211; do zastosowania w wi\u0119kszo\u015bci zapraw murarskich i tynkarskich, niezale\u017cnie od kruszywa<\/p>\n<h3>Zalecenia<\/h3>\n<p>Zamiesza\u0107 przed u\u017cyciem. Dodawa\u0107 bezpo\u015brednio do betoniarki z wod\u0105 zarobow\u0105 lub rozprowadzi\u0107 w wodzie wcze\u015bniej, przed jej dodaniem do betoniarki. Miesza\u0107 do uzyskania jednorodnej konsystencji. Przy mieszaniu r\u0119cznym, szczeg\u00f3lnie starannie wymiesza\u0107 w celu uzyskania dobrej plastyczno\u015bci. Dla uzyskania optymalnego efektu, nale\u017cy wykona\u0107 kilka mieszanek pr\u00f3bnych z docelowego piasku i cementu, dozuj\u0105c r\u00f3\u017cne ilo\u015bci plastyfikatora. Do ostatecznego zastosowania wybra\u0107 mieszank\u0119 o prawid\u0142owych parametrach ciek\u0142o\u015bci i najmniejszej ilo\u015bci dodatku &#8211; patrz tabela poni\u017cej. Stosowa\u0107 przy temperaturze do -2\u00b0C. Nie mo\u017cna stosowa\u0107 z innymi dodatkami uszlachetniaj\u0105cymi lub przeciwmrozowymi.<\/p>\n<h3>Ograniczenia<\/h3>\n<p>Nie stosowa\u0107 przy temperaturze otoczenia poni\u017cej -2\u00b0C lub gdy prognozowany jest spadek do temperatury poni\u017cej -2\u00b0C w ci\u0105gu 24 godzin od zastosowania produktu. Przekroczenie ustalonej proporcji \u015brodka jest niepo\u017c\u0105dane.<\/p>\n<h3>Okres trwa\u0142o\u015bci<\/h3>\n<p>24 miesi\u0105ce. Przechowywa\u0107 w oryginalnie zamkni\u0119tym opakowaniu w temperaturze od +5\u00b0C do +25\u00b0C. Chroni\u0107 przed mrozem. Zabezpieczy\u0107 przed dzia\u0142aniem promieni s\u0142onecznych.<\/p>\n","protected":false},"excerpt":{"rendered":"<h3 style=\"color: #0099cc;\">Sprawd\u017a cen\u0119 i aktualny stan w sklepie<br \/>\n<strong>Kontakt:<\/strong> <a href=\"mailto:info@e-adams.pl\"><u><b>info@e-adams.pl<\/b><\/u><\/a><\/h3>\n","protected":false},"featured_media":11685,"comment_status":"closed","ping_status":"closed","template":"","meta":{"_acf_changed":false,"inline_featured_image":false},"product_cat":[280],"product_tag":[955,950,954],"class_list":{"0":"post-11652","1":"product","2":"type-product","3":"status-publish","4":"has-post-thumbnail","6":"product_cat-dodatki-do-zapraw-i-betonow","7":"product_tag-den-braven","8":"product_tag-materialy-budowlane","9":"product_tag-plastyfikator","11":"first","12":"onbackorder","13":"shipping-taxable","14":"product-type-simple"},"acf":[],"_links":{"self":[{"href":"https:\/\/e-adams.pl\/de\/wp-json\/wp\/v2\/product\/11652","targetHints":{"allow":["GET"]}}],"collection":[{"href":"https:\/\/e-adams.pl\/de\/wp-json\/wp\/v2\/product"}],"about":[{"href":"https:\/\/e-adams.pl\/de\/wp-json\/wp\/v2\/types\/product"}],"replies":[{"embeddable":true,"href":"https:\/\/e-adams.pl\/de\/wp-json\/wp\/v2\/comments?post=11652"}],"wp:featuredmedia":[{"embeddable":true,"href":"https:\/\/e-adams.pl\/de\/wp-json\/wp\/v2\/media\/11685"}],"wp:attachment":[{"href":"https:\/\/e-adams.pl\/de\/wp-json\/wp\/v2\/media?parent=11652"}],"wp:term":[{"taxonomy":"product_cat","embeddable":true,"href":"https:\/\/e-adams.pl\/de\/wp-json\/wp\/v2\/product_cat?post=11652"},{"taxonomy":"product_tag","embeddable":true,"href":"https:\/\/e-adams.pl\/de\/wp-json\/wp\/v2\/product_tag?post=11652"}],"curies":[{"name":"wp","href":"https:\/\/api.w.org\/{rel}","templated":true}]}}