{"id":11653,"date":"2018-11-21T14:41:12","date_gmt":"2018-11-21T13:41:12","guid":{"rendered":"https:\/\/e-adams.pl\/?post_type=product&#038;p=11653"},"modified":"2023-08-18T10:40:28","modified_gmt":"2023-08-18T08:40:28","slug":"letnia-domieszka-przyspieszajaca-twardnienie-fastproof-plus-jurga-1l","status":"publish","type":"product","link":"https:\/\/e-adams.pl\/de\/produkt\/letnia-domieszka-przyspieszajaca-twardnienie-fastproof-plus-jurga-1l\/","title":{"rendered":"Domieszka przyspieszaj\u0105ca twardnienie FASTPROOF PLUS JURGA &#8211; 1L"},"content":{"rendered":"<h3>Domieszka przyspieszaj\u0105ca twardnienie FASTPROOF PLUS JURGA &#8211; 1L<\/h3>\n<p><strong>P\u0142ynna domieszka przyspieszaj\u0105ca twardnienie beton\u00f3w, zapraw murarskich i tynkarskich<\/strong><br \/>\n<strong>Dozowanie:<\/strong> 1% do 2 % w stosunku do wagi cementu<br \/>\nP\u0142ynna letnia domieszka przyspieszaj\u0105ca twardnienie beton\u00f3w, zapraw murarskich i tynkarskich, klej\u00f3w, gdzie materia\u0142em wi\u0105\u017c\u0105cym jest cement. Poprawia urabialno\u015b\u0107 mieszanki oraz ogranicza u\u017cycie wody zarobowej. Powoduje przy\u015bpieszenie twardnienia zapraw i beton\u00f3w bez utraty wytrzyma\u0142o\u015bci pocz\u0105tkowej i ko\u0144cowej. Redukuje powstawanie napr\u0119\u017ce\u0144 termicznych i sp\u0119ka\u0144. Nie powoduje wykwit\u00f3w i bia\u0142ych nalot\u00f3w solnych. Domieszka bezchlorkowa, nie powoduje korozji zbrojenia stalowego.<\/p>\n<p><img loading=\"lazy\" decoding=\"async\" class=\"aligncenter size-full wp-image-11697\" src=\"https:\/\/e-adams.pl\/wp-content\/uploads\/2018\/11\/letnia-domieszka-przyspieszajaca-twardnienie-fastproof-plus-jurga-1l.jpg\" alt=\"letnia domieszka przyspieszaj\u0105ca twardnienie, fastproof plus jurga 1l, P\u0142ynna domieszka przyspieszaj\u0105ca twardnienie\" width=\"400\" height=\"400\" title=\"\"><\/p>\n<p style=\"text-align: justify;\">FASTPROOF PLUS to p\u0142ynna domieszka przyspieszaj\u0105ca twardnienie do beton\u00f3w, zapraw murarskich i tynkarskich, klej\u00f3w gdzie materia\u0142em wi\u0105\u017c\u0105cym jest cement. Preparat poprawia urabialno\u015b\u0107 mieszanki oraz ogranicza u\u017cycie wody zarobowej. Powoduje przy\u015bpieszenie twardnienia zapraw i beton\u00f3w bez utraty wytrzyma\u0142o\u015bci pocz\u0105tkowej i ko\u0144cowej. Redukuje powstawanie napr\u0119\u017ce\u0144 termicznych i sp\u0119ka\u0144. Nie powoduje wykwit\u00f3w i bia\u0142ych nalot\u00f3w solnych. Domieszka nie zawiera chlork\u00f3w dzi\u0119ki czemu nie powoduje korozji zbrojenia stalowego.<\/p>\n<h3>Spos\u00f3b u\u017cycia<\/h3>\n<p>FASTPROOF PLUS powinien by\u0107 dozowany r\u00f3wnocze\u015bnie z wod\u0105 zarobow\u0105, dok\u0142adnie wymiesza\u0107. Zaleca si\u0119 dozowanie w ilo\u015bci od 1% do 2 % w stosunku do wagi cementu. W przypadku klej\u00f3w cementowych, kt\u00f3re posiadaj\u0105 r\u00f3\u017cne ilo\u015bci i rodzaje cementu dok\u0142adne dozowanie nale\u017cy ustali\u0107 wykonuj\u0105c pr\u00f3by indywidualne dla danego zastosowania.<br \/>\nUWAGA: Zwi\u0119kszaj\u0105c dozowanie nast\u0119puje przy\u015bpieszenie twardnienia, nale\u017cy powoli zwi\u0119ksza\u0107 dozowanie oraz uwa\u017ca\u0107 aby nie przedozowa\u0107 domieszki. Ze wzgl\u0119du na r\u00f3\u017cne typy cement\u00f3w konieczna jest pr\u00f3ba technologiczna dla danego zastosowania!<\/p>\n<h3>Bezpiecze\u0144stwo stosowania<\/h3>\n<p>Preparat przechowywa\u0107 w miejscu niedost\u0119pnym dla dzieci. Dok\u0142adnie umy\u0107 r\u0119ce po u\u017cyciu. Stosowa\u0107 r\u0119kawice ochronne, unika\u0107 zanieczyszczenia oczu i sk\u00f3ry.<\/p>\n<h3>Okres przydatno\u015bci<\/h3>\n<p>Preparat zu\u017cy\u0107 w ci\u0105gu 24 miesi\u0119cy od daty produkcji umieszczonej na opakowaniu. Data produkcji jest numerem partii.<\/p>\n<h3>Przechowywanie<\/h3>\n<p>Przechowywa\u0107 i transportowa\u0107 w suchym i zacienionym miejscu w oryginalnych szczelnie zamkni\u0119tych pojemnikach, w temperaturach od +5\u00b0C do +25\u00b0C.<\/p>\n","protected":false},"excerpt":{"rendered":"<h3 style=\"color: #0099cc;\">Sprawd\u017a cen\u0119 i aktualny stan w sklepie<br \/>\n<strong>Kontakt:<\/strong> <a href=\"mailto:info@e-adams.pl\"><u><b>info@e-adams.pl<\/b><\/u><\/a><\/h3>\n","protected":false},"featured_media":11697,"comment_status":"closed","ping_status":"closed","template":"","meta":{"_acf_changed":false,"inline_featured_image":false},"product_cat":[280],"product_tag":[953,950],"class_list":{"0":"post-11653","1":"product","2":"type-product","3":"status-publish","4":"has-post-thumbnail","6":"product_cat-dodatki-do-zapraw-i-betonow","7":"product_tag-jurga","8":"product_tag-materialy-budowlane","10":"first","11":"onbackorder","12":"shipping-taxable","13":"product-type-simple"},"acf":[],"_links":{"self":[{"href":"https:\/\/e-adams.pl\/de\/wp-json\/wp\/v2\/product\/11653","targetHints":{"allow":["GET"]}}],"collection":[{"href":"https:\/\/e-adams.pl\/de\/wp-json\/wp\/v2\/product"}],"about":[{"href":"https:\/\/e-adams.pl\/de\/wp-json\/wp\/v2\/types\/product"}],"replies":[{"embeddable":true,"href":"https:\/\/e-adams.pl\/de\/wp-json\/wp\/v2\/comments?post=11653"}],"wp:featuredmedia":[{"embeddable":true,"href":"https:\/\/e-adams.pl\/de\/wp-json\/wp\/v2\/media\/11697"}],"wp:attachment":[{"href":"https:\/\/e-adams.pl\/de\/wp-json\/wp\/v2\/media?parent=11653"}],"wp:term":[{"taxonomy":"product_cat","embeddable":true,"href":"https:\/\/e-adams.pl\/de\/wp-json\/wp\/v2\/product_cat?post=11653"},{"taxonomy":"product_tag","embeddable":true,"href":"https:\/\/e-adams.pl\/de\/wp-json\/wp\/v2\/product_tag?post=11653"}],"curies":[{"name":"wp","href":"https:\/\/api.w.org\/{rel}","templated":true}]}}