{"id":11702,"date":"2018-11-22T10:40:11","date_gmt":"2018-11-22T09:40:11","guid":{"rendered":"https:\/\/e-adams.pl\/?post_type=product&#038;p=11702"},"modified":"2024-07-15T11:31:12","modified_gmt":"2024-07-15T09:31:12","slug":"tynk-mineralny-kamyczek-ceresit-ct137-25kg","status":"publish","type":"product","link":"https:\/\/e-adams.pl\/de\/produkt\/tynk-mineralny-kamyczek-ceresit-ct137-25kg\/","title":{"rendered":"Tynk Mineralny kamyczek CERESIT CT137 &#8211; 25kg"},"content":{"rendered":"<h2>Tynk Mineralny kamyczek Ceresit CT137 &#8211; 25KG<\/h2>\n<p style=\"font-weight: bold;\">Tynk mineralny kamyczek 1,5mm lub 2mm<\/p>\n<p>\u2013 wysoce paroprzepuszczalny (oddychaj\u0105cy)<br \/>\n\u2013 wysoce trwa\u0142y i odporny na warunki atmosferyczne<br \/>\n\u2013 naturalnie odporny na rozw\u00f3j grzyb\u00f3w, alg i ple\u015bni<br \/>\n\u2013 dekoracyjny tynk hydrofobowy<br \/>\n\u2013 mo\u017cliwo\u015b\u0107 aplikacji maszynowej<br \/>\n\u2013 produkowany w wersji bia\u0142ej i do malowania<br \/>\n\u2013 przeznaczony do malowania farbami elewacyjnymi Ceresit<\/p>\n<p><b>Spos\u00f3b nanoszenia:<\/b> Wiertarka z mieszad\u0142em koszykowym, kielnia, paca ze stali nierdzewnej<\/p>\n<p><img decoding=\"async\" class=\"aligncenter\" style=\"width: 400px; height: 400px;\" src=\"https:\/\/e-adams.pl\/wp-content\/uploads\/2018\/09\/Ceresit-CT137-Tynk-Mineralny.jpg\" alt=\"Ceresit CT137 Tynk Mineralny\" title=\"\"><\/p>\n<p style=\"margin: 15px; text-align: justify; font-size: 20px; color: #666666; line-height: 30px;\">Tynk Ceresit CT 137 Dekoracyjny tynk cienkowarstwowy do stosowania na zewn\u0105trz, a tak\u017ce do wewn\u0105trz budynk\u00f3w. S\u0142u\u017cy do wykonywania cienkowarstwowych wypraw tynkarskich w szczeg\u00f3lno\u015bci na pod\u0142o\u017cach betonowych, tradycyjnych tynkach, pod\u0142o\u017cach gipsowych oraz na p\u0142ytach gipsowo-kartonowych, gipsowo-w\u0142\u00f3knowych itp.<\/p>\n<p style=\"margin: 15px; text-align: justify; font-size: 20px; color: #666666; line-height: 30px;\">Tynk CT 137 wytwarzany jest w wersji bia\u0142ej, a tak\u017ce w wersji przeznaczonej do malowania na przyk\u0142ad farb\u0105 silikatow\u0105 CT 54 oraz farb\u0105 silikonow\u0105 Ceresit CT 48 lub Ceresit CT 49 i farbami akrylowymi <a href=\"https:\/\/e-adams.pl\/tag\/ceresit\/\">Ceresit<\/a> CT 42\/ CT 44 (w przypadku stosowania systemu Ceresit Ceretherm z zastosowaniem p\u0142yt styropianowych).<\/p>\n","protected":false},"excerpt":{"rendered":"<p>Tynk Ceresit CT137 Dekoracyjny tynk cienkowarstwowy do stosowania na zewn\u0105trz, a tak\u017ce do wewn\u0105trz budynk\u00f3w.<\/p>\n","protected":false},"featured_media":7182,"comment_status":"closed","ping_status":"closed","template":"","meta":{"_acf_changed":false,"inline_featured_image":false},"product_cat":[258],"product_tag":[158,950,175],"class_list":{"0":"post-11702","1":"product","2":"type-product","3":"status-publish","4":"has-post-thumbnail","6":"product_cat-tynki-ceresit","7":"product_tag-ceresit","8":"product_tag-materialy-budowlane","9":"product_tag-tynk","11":"first","12":"instock","13":"shipping-taxable","14":"purchasable","15":"product-type-simple"},"acf":[],"_links":{"self":[{"href":"https:\/\/e-adams.pl\/de\/wp-json\/wp\/v2\/product\/11702","targetHints":{"allow":["GET"]}}],"collection":[{"href":"https:\/\/e-adams.pl\/de\/wp-json\/wp\/v2\/product"}],"about":[{"href":"https:\/\/e-adams.pl\/de\/wp-json\/wp\/v2\/types\/product"}],"replies":[{"embeddable":true,"href":"https:\/\/e-adams.pl\/de\/wp-json\/wp\/v2\/comments?post=11702"}],"wp:featuredmedia":[{"embeddable":true,"href":"https:\/\/e-adams.pl\/de\/wp-json\/wp\/v2\/media\/7182"}],"wp:attachment":[{"href":"https:\/\/e-adams.pl\/de\/wp-json\/wp\/v2\/media?parent=11702"}],"wp:term":[{"taxonomy":"product_cat","embeddable":true,"href":"https:\/\/e-adams.pl\/de\/wp-json\/wp\/v2\/product_cat?post=11702"},{"taxonomy":"product_tag","embeddable":true,"href":"https:\/\/e-adams.pl\/de\/wp-json\/wp\/v2\/product_tag?post=11702"}],"curies":[{"name":"wp","href":"https:\/\/api.w.org\/{rel}","templated":true}]}}