{"id":11926,"date":"2018-11-26T12:52:10","date_gmt":"2018-11-26T11:52:10","guid":{"rendered":"https:\/\/e-adams.pl\/sklep\/knauf-mp75-lekki-tynk-maszynowy-30kg\/"},"modified":"2024-07-15T11:31:11","modified_gmt":"2024-07-15T09:31:11","slug":"lekki-tynk-maszynowy-knauf-mp75-30kg","status":"publish","type":"product","link":"https:\/\/e-adams.pl\/de\/produkt\/lekki-tynk-maszynowy-knauf-mp75-30kg\/","title":{"rendered":"Lekki tynk maszynowy KNAUF MP75L &#8211; 30kg"},"content":{"rendered":"<h3>Lekki tynk maszynowy KNAUF MP75L &#8211; 30kg<\/h3>\n<p><strong>Sucha zaprawa gipsowa z dodatkiem kruszyw lekkich do wykonania jednowarstwowych tynk\u00f3w gipsowych<\/strong><\/p>\n<p><img loading=\"lazy\" decoding=\"async\" class=\"aligncenter size-full wp-image-12007\" src=\"https:\/\/e-adams.pl\/wp-content\/uploads\/2018\/11\/lekki-tynk-maszynowy-knauf-mp75L.jpg\" alt=\"lekki tynk maszynowy \u017bary, Tynk maszynowy knauf mp75L, tynki maszynowe lubuskie, tynk maszynowy lekki, maszynowy tynk gipsowy \u017cary, maszynowe tynki gipsowe \u017cary\" width=\"400\" height=\"400\" title=\"\"><\/p>\n<p style=\"text-align: justify;\">Fabrycznie przygotowana, lekka, sucha zaprawa gipsowa z dodatkiem kruszyw lekkich. Przeznaczona do maszynowego wykonania jednowarstwowych tynk\u00f3w gipsowych wewn\u0105trz pomieszcze\u0144. Lekka w obr\u00f3bce, pozwala uzyska\u0107 g\u0142adkie powierzchnie \u015bcian i sufit\u00f3w. Mo\u017ce by\u0107 stosowana na wszelkiego rodzaju pod\u0142o\u017cach mineralnych.<\/p>\n<h3>Zastosowanie<\/h3>\n<p>Tworzenie powierzchni g\u0142adkich na \u015bcianach i sufitach wewn\u0105trz budynk\u00f3w. Jako tynk jednowarstwowy do wszystkich rodzaj\u00f3w pod\u0142o\u017ca.<br \/>\n&#8211; Od piwnicy po dach, do wszystkich pomieszcze\u0144 o maksymalnej wilgotno\u015bci powietrza 70%, \u0142\u0105cznie z kuchniami i \u0142azienkami o zwyk\u0142ym wykorzystaniu (np. toalety w szko\u0142ach i \u0142azienki w hotelach, budownictwie mieszkaniowym, szpitalach itp.)<br \/>\n&#8211; Jako pod\u0142o\u017ce pod r\u00f3\u017cnego rodzaju farby i tapety<br \/>\n&#8211; Jako pod\u0142o\u017ce do uk\u0142adania p\u0142ytek ceramicznych o ci\u0119\u017carze do 25kg\/m2<br \/>\n&#8211; Jako pod\u0142o\u017ce pod tynki wyko\u0144czeniowe<br \/>\n&#8211; Jako pod\u0142o\u017ce pod masy szpachlowe<\/p>\n<h3>W\u0142a\u015bciwo\u015bci<\/h3>\n<p>&#8211; produkt mineralny<br \/>\n&#8211; lekki i wydajny<br \/>\n&#8211; tworzy przyjemny i zdrowy klimat w pomieszczeniach<br \/>\n&#8211; reguluje wilgotno\u015b\u0107 i jest paroprzepuszczalny<br \/>\n&#8211; odporny na \u015bcieranie<br \/>\n&#8211; mo\u017cliwo\u015b\u0107 wbijania gwo\u017adzi<br \/>\n&#8211; mo\u017cliwo\u015b\u0107 nak\u0142adania do 50 mm<br \/>\n&#8211; obr\u00f3bka maszynowa<br \/>\n&#8211; reakcja na ogie\u0144 A1 \u2013 materia\u0142 niepalny<\/p>\n","protected":false},"excerpt":{"rendered":"<h3 style=\"color: #0099cc;\">Sprawd\u017a cen\u0119 i aktualny stan w sklepie<br \/>\n<strong>Kontakt:<\/strong> <a href=\"mailto:info@e-adams.pl\"><u><b>info@e-adams.pl<\/b><\/u><\/a><\/h3>\n","protected":false},"featured_media":12007,"comment_status":"open","ping_status":"closed","template":"","meta":{"_acf_changed":false,"inline_featured_image":false},"product_cat":[275],"product_tag":[968,950,980,979],"class_list":{"0":"post-11926","1":"product","2":"type-product","3":"status-publish","4":"has-post-thumbnail","6":"product_cat-gipsy-zaprawy","7":"product_tag-knauf","8":"product_tag-materialy-budowlane","9":"product_tag-tynk-gipsowy","10":"product_tag-tynk-maszynowy","12":"first","13":"instock","14":"shipping-taxable","15":"purchasable","16":"product-type-simple"},"acf":[],"_links":{"self":[{"href":"https:\/\/e-adams.pl\/de\/wp-json\/wp\/v2\/product\/11926","targetHints":{"allow":["GET"]}}],"collection":[{"href":"https:\/\/e-adams.pl\/de\/wp-json\/wp\/v2\/product"}],"about":[{"href":"https:\/\/e-adams.pl\/de\/wp-json\/wp\/v2\/types\/product"}],"replies":[{"embeddable":true,"href":"https:\/\/e-adams.pl\/de\/wp-json\/wp\/v2\/comments?post=11926"}],"wp:featuredmedia":[{"embeddable":true,"href":"https:\/\/e-adams.pl\/de\/wp-json\/wp\/v2\/media\/12007"}],"wp:attachment":[{"href":"https:\/\/e-adams.pl\/de\/wp-json\/wp\/v2\/media?parent=11926"}],"wp:term":[{"taxonomy":"product_cat","embeddable":true,"href":"https:\/\/e-adams.pl\/de\/wp-json\/wp\/v2\/product_cat?post=11926"},{"taxonomy":"product_tag","embeddable":true,"href":"https:\/\/e-adams.pl\/de\/wp-json\/wp\/v2\/product_tag?post=11926"}],"curies":[{"name":"wp","href":"https:\/\/api.w.org\/{rel}","templated":true}]}}