{"id":11927,"date":"2018-11-26T12:52:11","date_gmt":"2018-11-26T11:52:11","guid":{"rendered":"https:\/\/e-adams.pl\/sklep\/knauf-goldband-zaprawa-tynkarska-30-kg\/"},"modified":"2024-07-15T11:31:11","modified_gmt":"2024-07-15T09:31:11","slug":"zaprawa-tynkarska-knauf-goldband-30kg","status":"publish","type":"product","link":"https:\/\/e-adams.pl\/de\/produkt\/zaprawa-tynkarska-knauf-goldband-30kg\/","title":{"rendered":"Zaprawa tynkarska KNAUF GOLDBAND &#8211; 30kg"},"content":{"rendered":"<h3>Zaprawa tynkarska KNAUF GOLDBAND &#8211; 30kg<\/h3>\n<p><strong>R\u0119czny Tynk jednowarstwowy na wszelkie pod\u0142o\u017ca mineralne wewn\u0105trz budynk\u00f3w<\/strong><\/p>\n<p><img loading=\"lazy\" decoding=\"async\" class=\"aligncenter size-full wp-image-11984\" src=\"https:\/\/e-adams.pl\/wp-content\/uploads\/2018\/11\/zaprawa-tynkarska-knauf-goldband-5kg.jpg\" alt=\"zaprawa tynkarska \u017bary, zaprawy knauf uniflott \u017bary, materia\u0142y budowlane \u017cary, Adams \u017bary budowlanka\" width=\"400\" height=\"400\" title=\"\"><\/p>\n<p style=\"text-align: justify;\">Fabrycznie przygotowana, sucha zaprawa gipsowa do r\u0119cznego wykonywania jednowarstwowych tynkow gipsowych wewn\u0105trz pomieszcze\u0144. Lekka w obrobce, pozwala uzyska\u0107 g\u0142adkie powierzchnie. Przeznaczona do tynkowania wszelkiego rodzaju pod\u0142o\u017cy mineralnych. Pozwala na tworzenie powierzchni g\u0142adkich, o dowolnej strukturze lub zatartych na \u015bcianach i sufitach wewn\u0105trz budynk\u00f3w. Jako tynk jednowarstwowy do wszystkich rodzaj\u00f3w pod\u0142o\u017ca:<\/p>\n<p>&#8211; Od piwnicy po dach, do wszystkich pomieszcze\u0144 o maks. wilgotno\u015bci powietrza 70%, \u0142\u0105cznie z kuchniami i \u0142azienkami o zwyk\u0142ym wykorzystaniu (np. toalety w szko\u0142ach i \u0142azienki w hotelach, szpitalach itp.).<br \/>\n&#8211; Jako pod\u0142o\u017ce pod r\u00f3\u017cnego rodzaju farby i tapety<br \/>\n&#8211; Jako pod\u0142o\u017ce do uk\u0142adania p\u0142ytek<br \/>\n&#8211; Jako pod\u0142o\u017ce pod tynki wyko\u0144czeniowe<\/p>\n<h3>W\u0141A\u015aCIWO\u015aCI<\/h3>\n<p>&#8211; produkt mineralny<br \/>\n&#8211; tworzy przyjemny i zdrowy klimat w pomieszczeniach<br \/>\n&#8211; reguluje wilgotno\u015b\u0107 i jest paroprzepuszczalny<br \/>\n&#8211; spe\u0142nia w\u0142a\u015bciwo\u015bci ochrony przeciwpo\u017carowej<br \/>\n&#8211; mo\u017cliwo\u015b\u0107 nak\u0142adania do 50 mm<br \/>\n&#8211; nak\u0142adanie r\u0119czne<\/p>\n","protected":false},"excerpt":{"rendered":"<h3 style=\"color: #0099cc;\">Sprawd\u017a cen\u0119 i aktualny stan w sklepie<br \/>\n<strong>Kontakt:<\/strong> <a href=\"mailto:info@e-adams.pl\"><u><b>info@e-adams.pl<\/b><\/u><\/a><\/h3>\n","protected":false},"featured_media":11984,"comment_status":"open","ping_status":"closed","template":"","meta":{"_acf_changed":false,"inline_featured_image":false},"product_cat":[275],"product_tag":[968,950,972],"class_list":{"0":"post-11927","1":"product","2":"type-product","3":"status-publish","4":"has-post-thumbnail","6":"product_cat-gipsy-zaprawy","7":"product_tag-knauf","8":"product_tag-materialy-budowlane","9":"product_tag-zaprawa-tynkarska","11":"first","12":"instock","13":"shipping-taxable","14":"purchasable","15":"product-type-simple"},"acf":[],"_links":{"self":[{"href":"https:\/\/e-adams.pl\/de\/wp-json\/wp\/v2\/product\/11927","targetHints":{"allow":["GET"]}}],"collection":[{"href":"https:\/\/e-adams.pl\/de\/wp-json\/wp\/v2\/product"}],"about":[{"href":"https:\/\/e-adams.pl\/de\/wp-json\/wp\/v2\/types\/product"}],"replies":[{"embeddable":true,"href":"https:\/\/e-adams.pl\/de\/wp-json\/wp\/v2\/comments?post=11927"}],"wp:featuredmedia":[{"embeddable":true,"href":"https:\/\/e-adams.pl\/de\/wp-json\/wp\/v2\/media\/11984"}],"wp:attachment":[{"href":"https:\/\/e-adams.pl\/de\/wp-json\/wp\/v2\/media?parent=11927"}],"wp:term":[{"taxonomy":"product_cat","embeddable":true,"href":"https:\/\/e-adams.pl\/de\/wp-json\/wp\/v2\/product_cat?post=11927"},{"taxonomy":"product_tag","embeddable":true,"href":"https:\/\/e-adams.pl\/de\/wp-json\/wp\/v2\/product_tag?post=11927"}],"curies":[{"name":"wp","href":"https:\/\/api.w.org\/{rel}","templated":true}]}}