{"id":11928,"date":"2018-11-26T12:52:12","date_gmt":"2018-11-26T11:52:12","guid":{"rendered":"https:\/\/e-adams.pl\/sklep\/knauf-rotband-30-kg\/"},"modified":"2024-07-15T11:31:11","modified_gmt":"2024-07-15T09:31:11","slug":"tynk-gipsowy-knauf-rotband-30kg","status":"publish","type":"product","link":"https:\/\/e-adams.pl\/de\/produkt\/tynk-gipsowy-knauf-rotband-30kg\/","title":{"rendered":"Tynk gipsowy KNAUF ROTBAND &#8211; 30kg"},"content":{"rendered":"<h3>Tynk gipsowy KNAUF ROTBAND &#8211; 30kg<\/h3>\n<p><strong>R\u0119czny tynk gipsowy o zwi\u0119kszonej przyczepno\u015bci<\/strong><\/p>\n<p><img loading=\"lazy\" decoding=\"async\" class=\"aligncenter size-full wp-image-12012\" src=\"https:\/\/e-adams.pl\/wp-content\/uploads\/2018\/11\/tynk-gipsowy-knauf-rotband.jpg\" alt=\"tynk gipsowy knauf rotband, tynki gipsowe \u017cary, r\u0119czny tynk gipsowy knauf, materia\u0142y budowlane \u017cary, Adams \u017bary\" width=\"400\" height=\"400\" title=\"\"><\/p>\n<p style=\"text-align: justify;\">Fabrycznie przygotowana, sucha zaprawa gipsowa do r\u0119cznego wykonania jednowarstwowych tynk\u00f3w gipsowych wewn\u0105trz pomieszcze\u0144. Z uwagi na zwi\u0119kszon\u0105 przyczepno\u015b\u0107 szczeg\u00f3lnie zalecana na trudne pod\u0142o\u017ca, np. g\u0142adkie betony. Lekka w obr\u00f3bce, pozwala uzyska\u0107 g\u0142adkie powierzchnie. Przeznaczona do tynkowania wszelkiego rodzaju pod\u0142o\u017cy mineralnych.<\/p>\n<h3>W\u0142a\u015bciwo\u015bci<\/h3>\n<p>&#8211; produkt mineralny<br \/>\n&#8211; lekki i wydajny<br \/>\n&#8211; odpowiedni na trudne pod\u0142o\u017ca, tj. pod\u0142o\u017ca betonowe<br \/>\n&#8211; tworzy przyjemny i zdrowy klimat w pomieszczeniach<br \/>\n&#8211; reguluje wilgotno\u015b\u0107 i jest paroprzepuszczalny<br \/>\n&#8211; spe\u0142nia w\u0142a\u015bciwo\u015bci ochrony przeciwpo\u017carowej<br \/>\n&#8211; odporny na \u015bcieranie<br \/>\n&#8211; mo\u017cliwo\u015b\u0107 wbijania gwo\u017adzi<br \/>\n&#8211; mo\u017cliwo\u015b\u0107 nak\u0142adania do 50 mm grubo\u015bci<br \/>\n&#8211; obr\u00f3bka r\u0119czna<\/p>\n<h3>Zastosowanie<\/h3>\n<p>Tworzenie powierzchni g\u0142adkich, o dowolnej strukturze lub zatartych na \u015bcianach i sufi tach wewn\u0105trz budynk\u00f3w. Jako tynk jednowarstwowy do wszystkich rodzaj\u00f3w pod\u0142o\u017ca.<br \/>\n&#8211; Od piwnicy po dach, do wszystkich pomieszcze\u0144 o maks. wilgotno\u015bci powietrza 70%, \u0142\u0105cznie z kuchniami i \u0142azienkami o zwyk\u0142ym wykorzystaniu (np. toalety w szko\u0142ach i \u0142azienki w hotelach, szpitalach itp.).<br \/>\n&#8211; Jako pod\u0142o\u017ce pod r\u00f3\u017cnego rodzaju farby i tapety<br \/>\n&#8211; Jako pod\u0142o\u017ce do uk\u0142adania p\u0142ytek<br \/>\n&#8211; Jako pod\u0142o\u017ce pod tynki wyko\u0144czeniowe<\/p>\n","protected":false},"excerpt":{"rendered":"<h3 style=\"color: #0099cc;\">Sprawd\u017a cen\u0119 i aktualny stan w sklepie<br \/>\n<strong>Kontakt:<\/strong> <a href=\"mailto:info@e-adams.pl\"><u><b>info@e-adams.pl<\/b><\/u><\/a><\/h3>\n","protected":false},"featured_media":12012,"comment_status":"open","ping_status":"closed","template":"","meta":{"_acf_changed":false,"inline_featured_image":false},"product_cat":[275],"product_tag":[968,950,980],"class_list":{"0":"post-11928","1":"product","2":"type-product","3":"status-publish","4":"has-post-thumbnail","6":"product_cat-gipsy-zaprawy","7":"product_tag-knauf","8":"product_tag-materialy-budowlane","9":"product_tag-tynk-gipsowy","11":"first","12":"instock","13":"shipping-taxable","14":"purchasable","15":"product-type-simple"},"acf":[],"_links":{"self":[{"href":"https:\/\/e-adams.pl\/de\/wp-json\/wp\/v2\/product\/11928","targetHints":{"allow":["GET"]}}],"collection":[{"href":"https:\/\/e-adams.pl\/de\/wp-json\/wp\/v2\/product"}],"about":[{"href":"https:\/\/e-adams.pl\/de\/wp-json\/wp\/v2\/types\/product"}],"replies":[{"embeddable":true,"href":"https:\/\/e-adams.pl\/de\/wp-json\/wp\/v2\/comments?post=11928"}],"wp:featuredmedia":[{"embeddable":true,"href":"https:\/\/e-adams.pl\/de\/wp-json\/wp\/v2\/media\/12012"}],"wp:attachment":[{"href":"https:\/\/e-adams.pl\/de\/wp-json\/wp\/v2\/media?parent=11928"}],"wp:term":[{"taxonomy":"product_cat","embeddable":true,"href":"https:\/\/e-adams.pl\/de\/wp-json\/wp\/v2\/product_cat?post=11928"},{"taxonomy":"product_tag","embeddable":true,"href":"https:\/\/e-adams.pl\/de\/wp-json\/wp\/v2\/product_tag?post=11928"}],"curies":[{"name":"wp","href":"https:\/\/api.w.org\/{rel}","templated":true}]}}