{"id":11932,"date":"2018-11-26T12:52:19","date_gmt":"2018-11-26T11:52:19","guid":{"rendered":"https:\/\/e-adams.pl\/sklep\/gips-szpachlowy-uniflott-knauf-spoinowy-5kg\/"},"modified":"2024-07-15T11:31:12","modified_gmt":"2024-07-15T09:31:12","slug":"gips-szpachlowy-knauf-uniflott-5kg","status":"publish","type":"product","link":"https:\/\/e-adams.pl\/de\/produkt\/gips-szpachlowy-knauf-uniflott-5kg\/","title":{"rendered":"Gips szpachlowy KNAUF UNIFLOTT &#8211; 5kg"},"content":{"rendered":"<h3>Gips szpachlowy KNAUF UNIFLOTT &#8211; 5kg<\/h3>\n<p><strong>Masa szpachlowa do spoinowania p\u0142yt G-K<\/strong><br \/>\nElastyczny i wytrzyma\u0142y gips szpachlowy KNAUF do po\u0142\u0105cze\u0144 p\u0142yt gipsowo-kartonowych w kategorii Q1 do Q3, do po\u0142\u0105cze\u0144 p\u0142yt gipsowo-w\u0142\u00f3knowych do stosowania wewn\u0105trz budynk\u00f3w.<\/p>\n<p><img loading=\"lazy\" decoding=\"async\" class=\"aligncenter size-full wp-image-11971\" src=\"https:\/\/e-adams.pl\/wp-content\/uploads\/2018\/11\/gips-szpachlowy-knauf-uniflott.jpg\" alt=\"gips szpachlowy knauf uniflott \u017bary, knauf sk\u0142ady budowlane, gips szpachlowy \u017cary, g\u0142ad\u017a szpachlowa \u017cary, materia\u0142y budowlane \u017cary, Centrum Handlowe Adams\" width=\"400\" height=\"400\" title=\"\"><\/p>\n<p style=\"text-align: justify;\">Knauf Uniflott jest sypkim materia\u0142em na bazie specjalnych gips\u00f3w, dostosowanym do zakresu stosowania przez dob\u00f3r odpowiednich dodatk\u00f3w. Zgodny z PN-EN13963 w zakresie wymaga\u0144 w niej okre\u015blonych, maj\u0105cych wp\u0142yw na spe\u0142nienie przez obiekty budowlane wymaga\u0144 podstawowych.<\/p>\n<h3>Stosowanie:<\/h3>\n<p>Masa szpachlowa Knauf Uniflott stosowana jest do r\u0119cznego szpachlowania po\u0142\u0105cze\u0144:<br \/>\n&#8211; p\u0142yt gipsowo-kartonowych lub zespolonych o kraw\u0119dziach typu HRK (p\u00f3\u0142okr\u0105g\u0142ych), HRAK (p\u00f3\u0142okr\u0105g\u0142ych sp\u0142aszczonych), AFK (sp\u0142aszczonych \u015bci\u0119tych) bez ta\u015bmy zbroj\u0105cej na pokrytych kartonem kraw\u0119dziach<br \/>\n&#8211; p\u0142yt akustycznych Knauf (perforowanych p\u0142yt gipsowych) docinanych pod k\u0105tem<br \/>\n&#8211; do p\u0142yt gipsowo-w\u0142\u00f3knowych<br \/>\n&#8211; p\u0142yt suchego jastrychu Knauf Brio<br \/>\n&#8211; p\u0142yt suchego jastrychu Knauf Dual Flor.<\/p>\n<h3>W\u0142a\u015bciwo\u015bci:<\/h3>\n<p>&#8211; sypka, gotowa zaprawa<br \/>\n&#8211; mo\u017cliwo\u015b\u0107 uzyskania jednolitej masy bez grudek<br \/>\n&#8211; bardzo dobra przyczepno\u015b\u0107 do pod\u0142o\u017ca<br \/>\n&#8211; elastyczna zaprawa o konsystencji g\u0119stej \u015bmietany<br \/>\n&#8211; szczeg\u00f3lna \u0142atwo\u015b\u0107 szpachlowania<br \/>\n&#8211; na bazie specjalnych gis\u00f3w (gips alfa)<br \/>\n&#8211; \u0142atwo\u015b\u0107 szlifowania za pomoc\u0105 siatek oraz papier\u00f3w do szlifowania, szlifierkami r\u0119cznymi i mechanicznymi<br \/>\n&#8211; szybki przyrost wytrzyma\u0142o\u015bci<br \/>\n&#8211; szybkie schni\u0119cie<br \/>\n&#8211; wysoka zdolno\u015b\u0107 czasowego zatrzymania wody<br \/>\n&#8211; niewielki skurcz zwi\u0105zany ze schni\u0119ciem<br \/>\n&#8211; \u0142atwo\u015b\u0107 czyszczenia narz\u0119dzi i sprz\u0119tu ze \u015bwie\u017cej zaprawy<br \/>\n&#8211; niepalny, klasa reakcji na ogie\u0144 A1 wg PN-EN13501-1.<\/p>\n","protected":false},"excerpt":{"rendered":"<h3 style=\"color: #0099cc;\">Sprawd\u017a cen\u0119 i aktualny stan w sklepie<br \/>\n<strong>Kontakt:<\/strong> <a href=\"mailto:info@e-adams.pl\"><u><b>info@e-adams.pl<\/b><\/u><\/a><\/h3>\n","protected":false},"featured_media":11971,"comment_status":"open","ping_status":"closed","template":"","meta":{"_acf_changed":false,"inline_featured_image":false},"product_cat":[275],"product_tag":[967,968,950,962],"class_list":{"0":"post-11932","1":"product","2":"type-product","3":"status-publish","4":"has-post-thumbnail","6":"product_cat-gipsy-zaprawy","7":"product_tag-gips-szpachlowy","8":"product_tag-knauf","9":"product_tag-materialy-budowlane","10":"product_tag-szpachla-gipsowa","12":"first","13":"instock","14":"shipping-taxable","15":"purchasable","16":"product-type-simple"},"acf":[],"_links":{"self":[{"href":"https:\/\/e-adams.pl\/de\/wp-json\/wp\/v2\/product\/11932","targetHints":{"allow":["GET"]}}],"collection":[{"href":"https:\/\/e-adams.pl\/de\/wp-json\/wp\/v2\/product"}],"about":[{"href":"https:\/\/e-adams.pl\/de\/wp-json\/wp\/v2\/types\/product"}],"replies":[{"embeddable":true,"href":"https:\/\/e-adams.pl\/de\/wp-json\/wp\/v2\/comments?post=11932"}],"wp:featuredmedia":[{"embeddable":true,"href":"https:\/\/e-adams.pl\/de\/wp-json\/wp\/v2\/media\/11971"}],"wp:attachment":[{"href":"https:\/\/e-adams.pl\/de\/wp-json\/wp\/v2\/media?parent=11932"}],"wp:term":[{"taxonomy":"product_cat","embeddable":true,"href":"https:\/\/e-adams.pl\/de\/wp-json\/wp\/v2\/product_cat?post=11932"},{"taxonomy":"product_tag","embeddable":true,"href":"https:\/\/e-adams.pl\/de\/wp-json\/wp\/v2\/product_tag?post=11932"}],"curies":[{"name":"wp","href":"https:\/\/api.w.org\/{rel}","templated":true}]}}