{"id":11934,"date":"2018-11-26T12:52:21","date_gmt":"2018-11-26T11:52:21","guid":{"rendered":"https:\/\/e-adams.pl\/sklep\/franspol-gips-szpachlowy-gs-5-extra-20-kg\/"},"modified":"2024-07-15T11:31:12","modified_gmt":"2024-07-15T09:31:12","slug":"gips-szpachlowy-franspol-gs-5-extra-20kg","status":"publish","type":"product","link":"https:\/\/e-adams.pl\/de\/produkt\/gips-szpachlowy-franspol-gs-5-extra-20kg\/","title":{"rendered":"Gips szpachlowy FRANSPOL GS-5 EXTRA &#8211; 20kg"},"content":{"rendered":"<h3>Gips szpachlowy FRANSPOL GS-5 EXTRA &#8211; 20kg<\/h3>\n<p><strong>Bia\u0142y po wyschni\u0119ciu, podwy\u017cszona twardo\u015b\u0107.<\/strong><\/p>\n<p style=\"text-align: justify;\">Gips Szpachlowy Extra GS-5 to wysokiej jako\u015bci wolnowi\u0105\u017c\u0105cy materia\u0142 wyko\u0144czeniowy o du\u017cej przyczepno\u015bci do pod\u0142o\u017ca. Jest plastyczny podczas nak\u0142adania i twardszy od g\u0142adzi szpachlowej. Przeznaczony g\u0142\u00f3wnie do prac remontowych, wyko\u0144czeniowych i dekoracyjnych w budownictwie, a w szczeg\u00f3lno\u015bci pozwala doprowadzi\u0107 \u015bciany i sufity do idealnej g\u0142adko\u015bci przed malowaniem. Wykorzystywany do szpachlowania na pod\u0142o\u017cach betonowych, tynkach cementowo-wapiennych i cementowych wewn\u0105trz pomieszcze\u0144.<\/p>\n<p><img loading=\"lazy\" decoding=\"async\" class=\"aligncenter size-full wp-image-11963\" src=\"https:\/\/e-adams.pl\/wp-content\/uploads\/2018\/11\/gips-szpachlowy-franspol-gs-5-extra-5kg.jpg\" alt=\"gips szpachlowy franspol gs 5 extra, gipsy szpachlowe franspol, gipsy \u017cary, szpachle \u017cary, lubsko, zielona g\u00f3ra, lubuskie, franspol gs5\" width=\"400\" height=\"400\" title=\"\"><\/p>\n<p style=\"text-align: justify;\">Gips Szpachlowy Extra GS-5 jest wysokiej jako\u015bci, wolnowi\u0105\u017c\u0105cym materia\u0142em wyko\u0144czeniowym. Przeznaczona jest g\u0142\u00f3wnie do prac remontowych, wyko\u0144czeniowych i dekoracyjnych w budownictwie, a w szczeg\u00f3lno\u015bci pozwala doprowadzi\u0107 \u015bciany i sufity do idealnej g\u0142adko\u015bci przed malowaniem. Jest doskona\u0142ym materia\u0142em s\u0142u\u017c\u0105cym do ostatecznego wype\u0142niania ubytk\u00f3w, bruzd, rys na tynkach. S\u0142u\u017cy do szpachlowania na pod\u0142o\u017cach betonowych, tynkach cementowo-wapiennych i cementowych wewn\u0105trz pomieszcze\u0144. Mo\u017ce s\u0142u\u017cy\u0107 do szpachlowania z\u0142\u0105czy p\u0142yt gipsowo-kartonowych jako ostateczna warstwa. Spoiwa tego nie stosuje si\u0119 na pod\u0142o\u017ca drewniane, metalowe i z tworzyw sztucznych.<\/p>\n<p style=\"text-align: justify;\">Gips Szpachlowy Extra GS-5 jest such\u0105 mieszank\u0105 produkowan\u0105 na bazie wyselekcjonowanych sk\u0142adnik\u00f3w naturalnych, wype\u0142niaczy mineralnych i komponent\u00f3w poprawiaj\u0105cych w\u0142a\u015bciwo\u015bci techniczne i u\u017cytkowe zaprawy. Przygotowana z Gipsu Szpachlowego Extra GS-5 zaprawa ma bardzo dobr\u0105 przyczepno\u015b\u0107 i \u0142atwo rozprowadza si\u0119 po pod\u0142o\u017cu. Po wyschni\u0119ciu bez trudu poddaje si\u0119 szlifowaniu tworz\u0105c doskona\u0142e pod\u0142o\u017ce pod malowanie lub tapetowanie.<\/p>\n","protected":false},"excerpt":{"rendered":"<h3 style=\"color: #0099cc;\">Sprawd\u017a cen\u0119 i aktualny stan w sklepie<br \/>\n<strong>Kontakt:<\/strong> <a href=\"mailto:info@e-adams.pl\"><u><b>info@e-adams.pl<\/b><\/u><\/a><\/h3>\n","protected":false},"featured_media":11963,"comment_status":"open","ping_status":"closed","template":"","meta":{"_acf_changed":false,"inline_featured_image":false},"product_cat":[275],"product_tag":[966,967,950],"class_list":{"0":"post-11934","1":"product","2":"type-product","3":"status-publish","4":"has-post-thumbnail","6":"product_cat-gipsy-zaprawy","7":"product_tag-franspol","8":"product_tag-gips-szpachlowy","9":"product_tag-materialy-budowlane","11":"first","12":"instock","13":"shipping-taxable","14":"purchasable","15":"product-type-simple"},"acf":[],"_links":{"self":[{"href":"https:\/\/e-adams.pl\/de\/wp-json\/wp\/v2\/product\/11934","targetHints":{"allow":["GET"]}}],"collection":[{"href":"https:\/\/e-adams.pl\/de\/wp-json\/wp\/v2\/product"}],"about":[{"href":"https:\/\/e-adams.pl\/de\/wp-json\/wp\/v2\/types\/product"}],"replies":[{"embeddable":true,"href":"https:\/\/e-adams.pl\/de\/wp-json\/wp\/v2\/comments?post=11934"}],"wp:featuredmedia":[{"embeddable":true,"href":"https:\/\/e-adams.pl\/de\/wp-json\/wp\/v2\/media\/11963"}],"wp:attachment":[{"href":"https:\/\/e-adams.pl\/de\/wp-json\/wp\/v2\/media?parent=11934"}],"wp:term":[{"taxonomy":"product_cat","embeddable":true,"href":"https:\/\/e-adams.pl\/de\/wp-json\/wp\/v2\/product_cat?post=11934"},{"taxonomy":"product_tag","embeddable":true,"href":"https:\/\/e-adams.pl\/de\/wp-json\/wp\/v2\/product_tag?post=11934"}],"curies":[{"name":"wp","href":"https:\/\/api.w.org\/{rel}","templated":true}]}}