{"id":11935,"date":"2018-11-26T12:52:22","date_gmt":"2018-11-26T11:52:22","guid":{"rendered":"https:\/\/e-adams.pl\/sklep\/gladz-szpachlowa-super-finisz-megaron-gt-120-20kg\/"},"modified":"2023-08-18T09:41:45","modified_gmt":"2023-08-18T07:41:45","slug":"gladz-szpachlowa-megaron-super-finisz-gt-120-20kg","status":"publish","type":"product","link":"https:\/\/e-adams.pl\/de\/produkt\/gladz-szpachlowa-megaron-super-finisz-gt-120-20kg\/","title":{"rendered":"G\u0142ad\u017a szpachlowa MEGARON SUPER-FINISZ GT-120 &#8211; 20kg"},"content":{"rendered":"<h3>G\u0142ad\u017a szpachlowa MEGARON SUPER-FINISZ GT-120 &#8211; 20kg<\/h3>\n<p><strong>\u0141atwe szlifowanie, kolor bia\u0142y<\/strong><br \/>\nG\u0142ad\u017a gipsowa GT-120 jest such\u0105 mieszank\u0105 gipsow\u0105 do zastosowa\u0144 wewn\u0119trznych przewidzian\u0105 do samodzielnego przygotowania bezpo\u015brednio przed zastosowaniem poprzez wymieszanie z wod\u0105.<\/p>\n<p><img loading=\"lazy\" decoding=\"async\" class=\"aligncenter size-full wp-image-11975\" src=\"https:\/\/e-adams.pl\/wp-content\/uploads\/2018\/11\/gladz-szpachlowa-megaron-super-finisz-gt-120-20kg.jpg\" alt=\"g\u0142ad\u017a szpachlowa \u017cary, g\u0142adzie megaron \u017cary, megaron super finisz gt-120 20kg\" width=\"400\" height=\"400\" title=\"\"><\/p>\n<p style=\"text-align: justify;\">MEGARON Super-Finisz GT-120 s\u0142u\u017cy do wykonywania wewn\u0119trznych g\u0142adzi gipsowych pod pow\u0142oki malarskie i tapety. Przewidziany jest do stosowania w technologii szlifowania nier\u00f3wno\u015bci na sucho. S\u0142u\u017cy r\u00f3wnie\u017c do wype\u0142niania ubytk\u00f3w i p\u0119kni\u0119\u0107 w tynkach. Produktu nie nale\u017cy stosowa\u0107 na metale, szk\u0142o, tworzywa sztuczne, materia\u0142y drewnopochodne, na bardzo g\u0142adkie prefabrykaty betonowe oraz do monta\u017cu i \u0142\u0105czenia p\u0142yt gipsowo-kartonowych. Niewskazane jest r\u00f3wnie\u017c stosowanie go na pod\u0142o\u017ca zawilgocone, obj\u0119te korozj\u0105 biologiczn\u0105 oraz takie, w kt\u00f3rych nie zako\u0144czy\u0142y si\u0119 procesy wi\u0105zania innych spoiw mineralnych. Niezalecane jest stosowanie produktu w miejscach podlegaj\u0105cych sta\u0142emu zawilgoceniu oraz w pomieszczeniach, w kt\u00f3rych wilgotno\u015b\u0107 powietrza na sta\u0142e przekracza 70%. Okresowa zwi\u0119kszona wilgotno\u015b\u0107 w kuchniach i \u0142azienkach nie jest szkodliwa.<\/p>\n<p style=\"text-align: justify;\">Zalecana grubo\u015b\u0107 g\u0142adzi gipsowych wynosi od 1 do 5 mm, jednak w zale\u017cno\u015bci od potrzeb, jednorazowo mo\u017cna nak\u0142ada\u0107 warstw\u0119 o znacznie wi\u0119kszej grubo\u015bci, o ile pozwoli na to konsystencja zaprawy. Przy nak\u0142adaniu warstw cie\u0144szych ni\u017c 1 mm zachodzi ryzyko odparowania wody zanim zako\u0144czy si\u0119 reakcja wi\u0105zania, a co za tym idzie g\u0142ad\u017a nie uzyska w\u0142a\u015bciwo\u015bci no\u015bnych pod pow\u0142oki malarskie lub tapety. Podczas wi\u0105zania i wysychania g\u0142ad\u017a nie kurczy si\u0119.<\/p>\n","protected":false},"excerpt":{"rendered":"<h3 style=\"color: #0099cc;\">Sprawd\u017a cen\u0119 i aktualny stan w sklepie<br \/>\n<strong>Kontakt:<\/strong> <a href=\"mailto:info@e-adams.pl\"><u><b>info@e-adams.pl<\/b><\/u><\/a><\/h3>\n","protected":false},"featured_media":11975,"comment_status":"open","ping_status":"closed","template":"","meta":{"_acf_changed":false,"inline_featured_image":false},"product_cat":[275],"product_tag":[963,950,970,962],"class_list":{"0":"post-11935","1":"product","2":"type-product","3":"status-publish","4":"has-post-thumbnail","6":"product_cat-gipsy-zaprawy","7":"product_tag-gladz-szpachlowa","8":"product_tag-materialy-budowlane","9":"product_tag-megaron","10":"product_tag-szpachla-gipsowa","12":"first","13":"onbackorder","14":"shipping-taxable","15":"product-type-simple"},"acf":[],"_links":{"self":[{"href":"https:\/\/e-adams.pl\/de\/wp-json\/wp\/v2\/product\/11935","targetHints":{"allow":["GET"]}}],"collection":[{"href":"https:\/\/e-adams.pl\/de\/wp-json\/wp\/v2\/product"}],"about":[{"href":"https:\/\/e-adams.pl\/de\/wp-json\/wp\/v2\/types\/product"}],"replies":[{"embeddable":true,"href":"https:\/\/e-adams.pl\/de\/wp-json\/wp\/v2\/comments?post=11935"}],"wp:featuredmedia":[{"embeddable":true,"href":"https:\/\/e-adams.pl\/de\/wp-json\/wp\/v2\/media\/11975"}],"wp:attachment":[{"href":"https:\/\/e-adams.pl\/de\/wp-json\/wp\/v2\/media?parent=11935"}],"wp:term":[{"taxonomy":"product_cat","embeddable":true,"href":"https:\/\/e-adams.pl\/de\/wp-json\/wp\/v2\/product_cat?post=11935"},{"taxonomy":"product_tag","embeddable":true,"href":"https:\/\/e-adams.pl\/de\/wp-json\/wp\/v2\/product_tag?post=11935"}],"curies":[{"name":"wp","href":"https:\/\/api.w.org\/{rel}","templated":true}]}}