{"id":11937,"date":"2018-11-26T12:52:24","date_gmt":"2018-11-26T11:52:24","guid":{"rendered":"https:\/\/e-adams.pl\/sklep\/franspol-gladz-szpachlowa-gs-2-5kg\/"},"modified":"2024-07-15T11:31:15","modified_gmt":"2024-07-15T09:31:15","slug":"gladz-szpachlowa-franspol-gs-2-extra-5kg","status":"publish","type":"product","link":"https:\/\/e-adams.pl\/de\/produkt\/gladz-szpachlowa-franspol-gs-2-extra-5kg\/","title":{"rendered":"G\u0142ad\u017a szpachlowa FRANSPOL GS-2 EXTRA &#8211; 5kg"},"content":{"rendered":"<h3>G\u0142ad\u017a szpachlowa FRANSPOL GS-2 EXTRA &#8211; 5kg<\/h3>\n<p><strong>Plastyczna w nak\u0142adaniu, bia\u0142a.<\/strong><\/p>\n<p><img loading=\"lazy\" decoding=\"async\" class=\"aligncenter size-full wp-image-11967\" src=\"https:\/\/e-adams.pl\/wp-content\/uploads\/2018\/11\/gladz-szpachlowa-franspol-gs-2-extra-20kg.jpg\" alt=\"g\u0142ad\u017a szpachlowa Zary, franspol gs-2 extra 20kg \u017bary, materia\u0142y budowlane \u017cary, g\u0142adzie budowlane lubuskie\" width=\"400\" height=\"400\" title=\"\"><\/p>\n<p style=\"text-align: justify;\">G\u0142ad\u017a Szpachlowa Extra GS-2 jest wolnowi\u0105\u017c\u0105cym materia\u0142em wyko\u0144czeniowym wysokiej jako\u015bci. Doskona\u0142y jako ostateczna warstwa, \u0142atwy do obr\u00f3bki i szlifowania. G\u0142ad\u017a GS-2 przeznaczona jest g\u0142\u00f3wnie do prac remontowych, wyko\u0144czeniowych i dekoracyjnych w budownictwie, a w szczeg\u00f3lno\u015bci pozwala doprowadzi\u0107 \u015bciany i sufity do idealnej g\u0142adko\u015bci przed malowaniem. Jest doskona\u0142ym materia\u0142em s\u0142u\u017c\u0105cym do ostatecznego wype\u0142niania ubytk\u00f3w, bruzd i rys na tynkach. Du\u017c\u0105 zalet\u0105 jest biel produktu, co zmniejsza zu\u017cycie farby podczas malowania.<\/p>\n","protected":false},"excerpt":{"rendered":"<h3 style=\"color: #0099cc;\">Sprawd\u017a cen\u0119 i aktualny stan w sklepie<br \/>\n<strong>Kontakt:<\/strong> <a href=\"mailto:info@e-adams.pl\"><u><b>info@e-adams.pl<\/b><\/u><\/a><\/h3>\n","protected":false},"featured_media":11967,"comment_status":"open","ping_status":"closed","template":"","meta":{"_acf_changed":false,"inline_featured_image":false},"product_cat":[275],"product_tag":[966,963,950,962],"class_list":{"0":"post-11937","1":"product","2":"type-product","3":"status-publish","4":"has-post-thumbnail","6":"product_cat-gipsy-zaprawy","7":"product_tag-franspol","8":"product_tag-gladz-szpachlowa","9":"product_tag-materialy-budowlane","10":"product_tag-szpachla-gipsowa","12":"first","13":"instock","14":"shipping-taxable","15":"purchasable","16":"product-type-simple"},"acf":[],"_links":{"self":[{"href":"https:\/\/e-adams.pl\/de\/wp-json\/wp\/v2\/product\/11937","targetHints":{"allow":["GET"]}}],"collection":[{"href":"https:\/\/e-adams.pl\/de\/wp-json\/wp\/v2\/product"}],"about":[{"href":"https:\/\/e-adams.pl\/de\/wp-json\/wp\/v2\/types\/product"}],"replies":[{"embeddable":true,"href":"https:\/\/e-adams.pl\/de\/wp-json\/wp\/v2\/comments?post=11937"}],"wp:featuredmedia":[{"embeddable":true,"href":"https:\/\/e-adams.pl\/de\/wp-json\/wp\/v2\/media\/11967"}],"wp:attachment":[{"href":"https:\/\/e-adams.pl\/de\/wp-json\/wp\/v2\/media?parent=11937"}],"wp:term":[{"taxonomy":"product_cat","embeddable":true,"href":"https:\/\/e-adams.pl\/de\/wp-json\/wp\/v2\/product_cat?post=11937"},{"taxonomy":"product_tag","embeddable":true,"href":"https:\/\/e-adams.pl\/de\/wp-json\/wp\/v2\/product_tag?post=11937"}],"curies":[{"name":"wp","href":"https:\/\/api.w.org\/{rel}","templated":true}]}}