{"id":11938,"date":"2018-11-26T12:52:25","date_gmt":"2018-11-26T11:52:25","guid":{"rendered":"https:\/\/e-adams.pl\/sklep\/klej-do-plyt-gipsowych-franspol-gk-1-20-kg\/"},"modified":"2024-07-15T11:31:17","modified_gmt":"2024-07-15T09:31:17","slug":"klej-gipsowy-montazowy-franspol-gk-1-20kg","status":"publish","type":"product","link":"https:\/\/e-adams.pl\/de\/produkt\/klej-gipsowy-montazowy-franspol-gk-1-20kg\/","title":{"rendered":"Klej gipsowy monta\u017cowy FRANSPOL GK-1 &#8211; 20kg"},"content":{"rendered":"<h3>Klej gipsowy monta\u017cowy FRANSPOL GK-1 &#8211; 20kg<\/h3>\n<p><strong>Doskonale przyczepny i wysoce kontaktowy, plastyczny<\/strong><\/p>\n<p><img loading=\"lazy\" decoding=\"async\" class=\"aligncenter size-full wp-image-11978\" src=\"https:\/\/e-adams.pl\/wp-content\/uploads\/2018\/11\/klej-gipsowy-montazowy-franspol-gk-1.jpg\" alt=\"klej gipsowy \u017bary, Klej monta\u017cowy \u017cary, kleje franspol gk-1 \u017cary, adams \u017cary\" width=\"400\" height=\"400\" title=\"\"><\/p>\n<p style=\"text-align: justify;\">Klej o optymalnym czasie wi\u0105zania, przeznaczony do przyklejania p\u0142yt gipsowo-kartonowych wewn\u0105trz pomieszcze\u0144. Gotowy do u\u017cycia bezpo\u015brednio po zarobieniu wod\u0105. Klej daje si\u0119 \u0142atwo miesza\u0107, przez co uzyskujemy konsystencj\u0119 pasty gotowej do u\u017cycia, kt\u00f3r\u0105 nale\u017cy wykorzysta\u0107 w ci\u0105gu ok. 0,5 godziny. Po rozpocz\u0119ciu twardnienia nast\u0119puje szybki proces wi\u0105zania.<\/p>\n<p>&#8211; Optymalny czas gotowo\u015bci do pracy 30 minut<br \/>\n&#8211; Doskonale przyczepny i wysoce kontaktowy<br \/>\n&#8211; Konsystencja pasty po rozrobieniu<br \/>\n&#8211; Plastyczny<br \/>\n&#8211; Wysoka wytrzyma\u0142o\u015b\u0107 po\u0142\u0105czenia<\/p>\n","protected":false},"excerpt":{"rendered":"<h3 style=\"color: #0099cc;\">Sprawd\u017a cen\u0119 i aktualny stan w sklepie<br \/>\n<strong>Kontakt:<\/strong> <a href=\"mailto:info@e-adams.pl\"><u><b>info@e-adams.pl<\/b><\/u><\/a><\/h3>\n","protected":false},"featured_media":11978,"comment_status":"open","ping_status":"closed","template":"","meta":{"_acf_changed":false,"inline_featured_image":false},"product_cat":[275],"product_tag":[966,764,950],"class_list":{"0":"post-11938","1":"product","2":"type-product","3":"status-publish","4":"has-post-thumbnail","6":"product_cat-gipsy-zaprawy","7":"product_tag-franspol","8":"product_tag-klej","9":"product_tag-materialy-budowlane","11":"first","12":"instock","13":"shipping-taxable","14":"purchasable","15":"product-type-simple"},"acf":[],"_links":{"self":[{"href":"https:\/\/e-adams.pl\/de\/wp-json\/wp\/v2\/product\/11938","targetHints":{"allow":["GET"]}}],"collection":[{"href":"https:\/\/e-adams.pl\/de\/wp-json\/wp\/v2\/product"}],"about":[{"href":"https:\/\/e-adams.pl\/de\/wp-json\/wp\/v2\/types\/product"}],"replies":[{"embeddable":true,"href":"https:\/\/e-adams.pl\/de\/wp-json\/wp\/v2\/comments?post=11938"}],"wp:featuredmedia":[{"embeddable":true,"href":"https:\/\/e-adams.pl\/de\/wp-json\/wp\/v2\/media\/11978"}],"wp:attachment":[{"href":"https:\/\/e-adams.pl\/de\/wp-json\/wp\/v2\/media?parent=11938"}],"wp:term":[{"taxonomy":"product_cat","embeddable":true,"href":"https:\/\/e-adams.pl\/de\/wp-json\/wp\/v2\/product_cat?post=11938"},{"taxonomy":"product_tag","embeddable":true,"href":"https:\/\/e-adams.pl\/de\/wp-json\/wp\/v2\/product_tag?post=11938"}],"curies":[{"name":"wp","href":"https:\/\/api.w.org\/{rel}","templated":true}]}}