{"id":11941,"date":"2018-11-26T12:52:28","date_gmt":"2018-11-26T11:52:28","guid":{"rendered":"https:\/\/e-adams.pl\/sklep\/acryl-putz-szpachla-gipsowa-start-st10-20kg\/"},"modified":"2023-08-18T09:40:26","modified_gmt":"2023-08-18T07:40:26","slug":"szpachla-gipsowa-acryl-putz-start-st10-20kg","status":"publish","type":"product","link":"https:\/\/e-adams.pl\/de\/produkt\/szpachla-gipsowa-acryl-putz-start-st10-20kg\/","title":{"rendered":"Szpachla gipsowa ACRYL-PUTZ START ST10 &#8211; 20kg"},"content":{"rendered":"<h3>Szpachla gipsowa ACRYL-PUTZ START ST10 &#8211; 20kg<\/h3>\n<p><strong>\u015anie\u017cnobia\u0142a g\u0142ad\u017a szpachlowa doskonale przyczepna do pod\u0142o\u017cy.<\/strong><\/p>\n<p><img loading=\"lazy\" decoding=\"async\" class=\"aligncenter\" src=\"https:\/\/e-adams.pl\/wp-content\/uploads\/2018\/11\/szpachla-gipsowa-acryl-putz-start-st10-20kg.jpg\" alt=\"\u015aNIE\u017bKA ACRYL-PUTZ ST10 START FINISZ\" width=\"400\" height=\"400\" title=\"\"><br \/>\nNie wykazuje skurczu, wysycha w kr\u00f3tkim czasie, nie p\u0119ka nawet w grubych warstwach (do 3 cm \u2013 przy pojedynczych ubytkach), \u0142atwo si\u0119 szlifuje. \u015aciany i sufity po zastosowaniu g\u0142adzi szpachlowej uzyskuj\u0105 idealnie g\u0142adk\u0105, \u0142atw\u0105 do malowania powierzchni\u0119.<br \/>\n&#8211; \u0141atwo si\u0119 nak\u0142ada i szlifuje<br \/>\n&#8211; Pojedyncze ubytki do 3 cm<br \/>\n&#8211; Doskona\u0142y efekt ko\u0144cowy \u2013 idealnie g\u0142adkie \u015bciany!<\/p>\n<h3>Mikrowype\u0142niacze<\/h3>\n<p>Receptury g\u0142adzi szpachlowej ACRYL-PUTZ\u00ae ST10 START oparte s\u0105 na wype\u0142niaczach mikrocz\u0105steczkowych \u2013 ich \u015brednica to zaledwie 63 mikrometry. Dzi\u0119ki temu g\u0142ad\u017a bardzo dok\u0142adnie wype\u0142nia rysy i p\u0119kni\u0119cia, a tak\u017ce tworzy idealnie g\u0142adk\u0105 p\u0142aszczyzn\u0119, gotow\u0105 do malowania.<\/p>\n<p><center>Charakterystyka<\/center>Polecana do prac wyko\u0144czeniowych i remontowych wewn\u0105trz pomieszcze\u0144, a szczeg\u00f3lnie do ca\u0142opowierzchniowego wyg\u0142adzania \u015bcian i sufit\u00f3w, spoinowania p\u0142yt g\/k z ta\u015bm\u0105 zbroj\u0105c\u0105, niwelowania du\u017cych chropowato\u015bci, nier\u00f3wno\u015bci i p\u0119kni\u0119\u0107 na powierzchni tynk\u00f3w, p\u0142yt drewnianych, materia\u0142\u00f3w drewnopochodnych oraz do wyr\u00f3wnywania pod\u0142o\u017cy z ceg\u0142y i betonu. Dzi\u0119ki nowoczesnej formule mo\u017ce by\u0107 stosowana jako warstwa wierzchnia bez konieczno\u015bci u\u017cycia gotowych g\u0142adzi szpachlowych.<\/p>\n<h3>Zwi\u0119kszona wytrzyma\u0142o\u015b\u0107<\/h3>\n<p>ACRYL-PUTZ\u00ae ST10 START wytwarza si\u0119 w oparciu o wysokogatun-kowe gipsy, kt\u00f3re w po\u0142\u0105czeniu z pozosta\u0142ymi, odpowiednio dobranymi sk\u0142adnikami tworz\u0105 wyj\u0105tkowo trwa\u0142e, wysoce wytrzyma\u0142e pow\u0142oki. G\u0142ad\u017a osi\u0105ga bardzo dobre parametry wytrzyma\u0142o\u015bciowe \u2013 w badaniu na zginanie 2,4 Mpa, na \u015bciskanie 5,6 Mpa<\/p>\n<p><center><\/center><\/p>\n","protected":false},"excerpt":{"rendered":"<h3 style=\"color: #0099cc;\">Sprawd\u017a cen\u0119 i aktualny stan w sklepie<br \/>\n<strong>Kontakt:<\/strong> <a href=\"mailto:info@e-adams.pl\"><u><b>info@e-adams.pl<\/b><\/u><\/a><\/h3>\n","protected":false},"featured_media":11951,"comment_status":"open","ping_status":"closed","template":"","meta":{"_acf_changed":false,"inline_featured_image":false},"product_cat":[275],"product_tag":[961,963,950,173,962],"class_list":{"0":"post-11941","1":"product","2":"type-product","3":"status-publish","4":"has-post-thumbnail","6":"product_cat-gipsy-zaprawy","7":"product_tag-acryl-putz","8":"product_tag-gladz-szpachlowa","9":"product_tag-materialy-budowlane","10":"product_tag-sniezka","11":"product_tag-szpachla-gipsowa","13":"first","14":"onbackorder","15":"shipping-taxable","16":"product-type-simple"},"acf":[],"_links":{"self":[{"href":"https:\/\/e-adams.pl\/de\/wp-json\/wp\/v2\/product\/11941","targetHints":{"allow":["GET"]}}],"collection":[{"href":"https:\/\/e-adams.pl\/de\/wp-json\/wp\/v2\/product"}],"about":[{"href":"https:\/\/e-adams.pl\/de\/wp-json\/wp\/v2\/types\/product"}],"replies":[{"embeddable":true,"href":"https:\/\/e-adams.pl\/de\/wp-json\/wp\/v2\/comments?post=11941"}],"wp:featuredmedia":[{"embeddable":true,"href":"https:\/\/e-adams.pl\/de\/wp-json\/wp\/v2\/media\/11951"}],"wp:attachment":[{"href":"https:\/\/e-adams.pl\/de\/wp-json\/wp\/v2\/media?parent=11941"}],"wp:term":[{"taxonomy":"product_cat","embeddable":true,"href":"https:\/\/e-adams.pl\/de\/wp-json\/wp\/v2\/product_cat?post=11941"},{"taxonomy":"product_tag","embeddable":true,"href":"https:\/\/e-adams.pl\/de\/wp-json\/wp\/v2\/product_tag?post=11941"}],"curies":[{"name":"wp","href":"https:\/\/api.w.org\/{rel}","templated":true}]}}