{"id":11942,"date":"2018-11-26T12:52:30","date_gmt":"2018-11-26T11:52:30","guid":{"rendered":"https:\/\/e-adams.pl\/sklep\/gips-szpachlowy-nida-2-kg\/"},"modified":"2024-07-15T11:31:13","modified_gmt":"2024-07-15T09:31:13","slug":"gips-szpachlowy-dolina-nidy-2kg","status":"publish","type":"product","link":"https:\/\/e-adams.pl\/de\/produkt\/gips-szpachlowy-dolina-nidy-2kg\/","title":{"rendered":"Gips szpachlowy DOLINA NIDY &#8211; 2kg"},"content":{"rendered":"<h3>Gips szpachlowy DOLINA NIDY &#8211; 2kg<\/h3>\n<p><strong>Do wykonywania g\u0142adzi gipsowych i napraw powierzchni \u015bcian i sufit\u00f3w wewn\u0105trz budynku<\/strong><\/p>\n<p><img loading=\"lazy\" decoding=\"async\" class=\"aligncenter size-full wp-image-11996\" src=\"https:\/\/e-adams.pl\/wp-content\/uploads\/2018\/11\/gips-szpachlowy-dolina-nidy.jpg\" alt=\"gips szpachlowy dolina nidy \u017bary, Dolina Nidy Materia\u0142y budowlane \u017bary, Adams \u017bary, Gipsy szpachlowe lubsko, \u017caga\u0144, sieniawa, przew\u00f3z, zielona g\u00f3ra\" width=\"400\" height=\"400\" title=\"\"><\/p>\n<p style=\"text-align: justify;\">Gips Szpachlowy jest uniwersalnym spoiwem gipsowym do wykonywania g\u0142adzi na \u015bcianach i sufitach, oraz do prac remontowych polegaj\u0105cych na uzupe\u0142nianiu ubytk\u00f3w oraz wype\u0142nianiu drobnych rys i p\u0119kni\u0119\u0107. Mo\u017ce by\u0107 r\u00f3wnie\u017c stosowany do monta\u017cu prefabrykat\u00f3w gipsowych oraz mocowania naro\u017cnik\u00f3w aluminiowych. Przeznaczony jest na typowe pod\u0142o\u017ca mineralne, takie jak beton, tynk cementowy, cementowo-wapienny i gipsowy oraz p\u0142yty gipsowo-kartonowe. Spoiwa tego nie stosuje si\u0119 na pod\u0142o\u017ca drewniane, metalowe i z tworzyw sztucznych.<\/p>\n<h3>ZASTOSOWANIE<\/h3>\n<p>&#8211; do wykonywani g\u0142adzi gipsowych na \u015bcianach i sufitach,<br \/>\n&#8211; do szpachlowania i prac remontowych polegaj\u0105cych na uzupe\u0142nianiu ubytk\u00f3w oraz wype\u0142nianiu drobnych rys i p\u0119kni\u0119\u0107 pod\u0142o\u017ca<br \/>\n&#8211; do monta\u017cu prefabrykat\u00f3w gipsowych oraz mocowania naro\u017cnik\u00f3w aluminiowych<br \/>\n&#8211; na typowe pod\u0142o\u017ca mineralne, takie jak beton, tynk cementowy, cementowo-wapienny i gipsowy oraz p\u0142yty gipsowo-kartonowe<br \/>\n&#8211; do stosowania wewn\u0105trz budynk\u00f3w<\/p>\n<h3>W\u0141A\u015aCIWO\u015aCI<\/h3>\n<p>&#8211; gips szpachlowy produkowany na bazie naturalnych spoiw gipsowych uzyskiwanych w wyniku pra\u017cenia kamienia gipsowego, zawiera wype\u0142niacze mineralne oraz komponenty powoduj\u0105ce, \u017ce masa gipsowa jest plastyczna i bardzo \u0142atwa w obr\u00f3bce,<br \/>\n&#8211; uniwersalny zakres stosowania, mo\u017ce s\u0142u\u017cy\u0107 do wyr\u00f3wnywania pod\u0142o\u017ca i wykonywania g\u0142adzi, a tak\u017ce monta\u017cu prefabrykat\u00f3w gipsowych<br \/>\n&#8211; wysoka wytrzyma\u0142o\u015b\u0107 mechaniczna warstwy, wynikaj\u0105ca z wysokiej zawarto\u015bci spoiwa gipsowego (\u226550 %)<br \/>\n&#8211; niezast\u0105piony podczas remont\u00f3w, szczeg\u00f3lnie starych budynk\u00f3w \u2013 produkt zapewnia mo\u017cliwo\u015b\u0107 skorygowanie du\u017cych nier\u00f3wno\u015bci pod\u0142o\u017ca oraz dok\u0142adne wyprowadzenie p\u0142aszczyzn i naro\u017cnik\u00f3w \u015bcian,<br \/>\n&#8211; do stosowania w warstwie o grubo\u015bci jednorazowo do 5 mm, znacznie wi\u0119kszej ni\u017c w przypadku wi\u0119kszo\u015bci produkt\u00f3w do wykonywania g\u0142adzi<br \/>\n&#8211; pozwala uzyska\u0107 powierzchnie o wysokim stopniu g\u0142adko\u015bci, stanowi\u0105ce doskona\u0142e pod\u0142o\u017ce pod malowanie lub tapetowanie.<br \/>\n&#8211; warstwa gipsu pozytywnie wp\u0142ywa na zdrowie i samopoczucie u\u017cytkownik\u00f3w budynku, zapewniaj\u0105c korzystny mikroklimat w pomieszczeniach<\/p>\n","protected":false},"excerpt":{"rendered":"<h3 style=\"color: #0099cc;\">Sprawd\u017a cen\u0119 i aktualny stan w sklepie<br \/>\n<strong>Kontakt:<\/strong> <a href=\"mailto:info@e-adams.pl\"><u><b>info@e-adams.pl<\/b><\/u><\/a><\/h3>\n","protected":false},"featured_media":11996,"comment_status":"open","ping_status":"closed","template":"","meta":{"_acf_changed":false,"inline_featured_image":false},"product_cat":[275],"product_tag":[973,967,950],"class_list":{"0":"post-11942","1":"product","2":"type-product","3":"status-publish","4":"has-post-thumbnail","6":"product_cat-gipsy-zaprawy","7":"product_tag-dolina-nidy","8":"product_tag-gips-szpachlowy","9":"product_tag-materialy-budowlane","11":"first","12":"instock","13":"shipping-taxable","14":"purchasable","15":"product-type-simple"},"acf":[],"_links":{"self":[{"href":"https:\/\/e-adams.pl\/de\/wp-json\/wp\/v2\/product\/11942","targetHints":{"allow":["GET"]}}],"collection":[{"href":"https:\/\/e-adams.pl\/de\/wp-json\/wp\/v2\/product"}],"about":[{"href":"https:\/\/e-adams.pl\/de\/wp-json\/wp\/v2\/types\/product"}],"replies":[{"embeddable":true,"href":"https:\/\/e-adams.pl\/de\/wp-json\/wp\/v2\/comments?post=11942"}],"wp:featuredmedia":[{"embeddable":true,"href":"https:\/\/e-adams.pl\/de\/wp-json\/wp\/v2\/media\/11996"}],"wp:attachment":[{"href":"https:\/\/e-adams.pl\/de\/wp-json\/wp\/v2\/media?parent=11942"}],"wp:term":[{"taxonomy":"product_cat","embeddable":true,"href":"https:\/\/e-adams.pl\/de\/wp-json\/wp\/v2\/product_cat?post=11942"},{"taxonomy":"product_tag","embeddable":true,"href":"https:\/\/e-adams.pl\/de\/wp-json\/wp\/v2\/product_tag?post=11942"}],"curies":[{"name":"wp","href":"https:\/\/api.w.org\/{rel}","templated":true}]}}