{"id":11945,"date":"2018-11-26T12:52:33","date_gmt":"2018-11-26T11:52:33","guid":{"rendered":"https:\/\/e-adams.pl\/sklep\/masa-szpachlowa-vario-125-kg\/"},"modified":"2023-08-18T09:39:54","modified_gmt":"2023-08-18T07:39:54","slug":"masa-szpachlowa-rigips-vario-125kg","status":"publish","type":"product","link":"https:\/\/e-adams.pl\/de\/produkt\/masa-szpachlowa-rigips-vario-125kg\/","title":{"rendered":"Masa szpachlowa RIGIPS VARIO &#8211; 12,5kg"},"content":{"rendered":"<h3>Masa szpachlowa RIGIPS VARIO &#8211; 12,5kg<\/h3>\n<p><strong>Konstrukcyjna masa do szpachlowania<\/strong><br \/>\nVARIO jest wysokojako\u015bciow\u0105, superwytrzyma\u0142\u0105 gipsow\u0105 mas\u0105 szpachlow\u0105, ulepszon\u0105 dodatkiem dyspersji tworzyw sztucznych. W po\u0142\u0105czeniu z ta\u015bm\u0105 zbroj\u0105c\u0105, gwarantuje brak p\u0119kni\u0119\u0107 na po\u0142\u0105czeniu p\u0142yt g-k.<\/p>\n<p><img loading=\"lazy\" decoding=\"async\" class=\"aligncenter size-full wp-image-12018\" src=\"https:\/\/e-adams.pl\/wp-content\/uploads\/2018\/11\/masa-szpachlowa-rigips-vario.jpg\" alt=\"masa szpachlowa rigips vario, materia\u0142y budowlane rigips \u017cary, masy szpachlowe lubuskie, masy szpachlowe \u017cary, \u017caga\u0144, nowa s\u00f3l, lubsko, \u0142\u0119knica, konstrukcyjna masa do szpachlowania\" width=\"400\" height=\"400\" title=\"\"><\/p>\n<p style=\"text-align: justify;\">Masa szpachlowa do spoinowania p\u0142yt g-k. Po\u0142\u0105czenie, kt\u00f3re gwarantuje najwy\u017csz\u0105 wytrzyma\u0142o\u015b\u0107 spoin (typ 4B). Rigips Vario to masa szpachlowa nowej generacji &#8211; dzi\u0119ki zastosowaniu gipsu Alfa oraz specjalnych dodatk\u00f3w, nie p\u0119ka. Mas\u0119 Vario bez obawy mo\u017cna stosowa\u0107 wsz\u0119dzie tam, gdzie ryzyko p\u0119kni\u0119\u0107 jest najwi\u0119ksze (konstrukcje drewniane, poddasza, \u0142uki czy \u015bciany wysokie).<\/p>\n<p>&#8211; Bardzo wytrzyma\u0142a masa szpachlowa<br \/>\n&#8211; Idealne, bezgrudkowe i szybkie mieszanie<br \/>\n&#8211; Czas u\u017cycia ok. 40min., czas wi\u0105zania ok. 60min.<br \/>\n&#8211; Na kraw\u0119dziach KPOS mo\u017cna j\u0105 stosowa\u0107 bez ta\u015bmy<\/p>\n","protected":false},"excerpt":{"rendered":"<h3 style=\"color: #0099cc;\">Sprawd\u017a cen\u0119 i aktualny stan w sklepie<br \/>\n<strong>Kontakt:<\/strong> <a href=\"mailto:info@e-adams.pl\"><u><b>info@e-adams.pl<\/b><\/u><\/a><\/h3>\n","protected":false},"featured_media":12018,"comment_status":"open","ping_status":"closed","template":"","meta":{"_acf_changed":false,"inline_featured_image":false},"product_cat":[275],"product_tag":[981,950,349],"class_list":{"0":"post-11945","1":"product","2":"type-product","3":"status-publish","4":"has-post-thumbnail","6":"product_cat-gipsy-zaprawy","7":"product_tag-masa-szpachlowa","8":"product_tag-materialy-budowlane","9":"product_tag-rigips","11":"first","12":"onbackorder","13":"shipping-taxable","14":"product-type-simple"},"acf":[],"_links":{"self":[{"href":"https:\/\/e-adams.pl\/de\/wp-json\/wp\/v2\/product\/11945","targetHints":{"allow":["GET"]}}],"collection":[{"href":"https:\/\/e-adams.pl\/de\/wp-json\/wp\/v2\/product"}],"about":[{"href":"https:\/\/e-adams.pl\/de\/wp-json\/wp\/v2\/types\/product"}],"replies":[{"embeddable":true,"href":"https:\/\/e-adams.pl\/de\/wp-json\/wp\/v2\/comments?post=11945"}],"wp:featuredmedia":[{"embeddable":true,"href":"https:\/\/e-adams.pl\/de\/wp-json\/wp\/v2\/media\/12018"}],"wp:attachment":[{"href":"https:\/\/e-adams.pl\/de\/wp-json\/wp\/v2\/media?parent=11945"}],"wp:term":[{"taxonomy":"product_cat","embeddable":true,"href":"https:\/\/e-adams.pl\/de\/wp-json\/wp\/v2\/product_cat?post=11945"},{"taxonomy":"product_tag","embeddable":true,"href":"https:\/\/e-adams.pl\/de\/wp-json\/wp\/v2\/product_tag?post=11945"}],"curies":[{"name":"wp","href":"https:\/\/api.w.org\/{rel}","templated":true}]}}