{"id":11947,"date":"2018-11-26T12:52:35","date_gmt":"2018-11-26T11:52:35","guid":{"rendered":"https:\/\/e-adams.pl\/sklep\/atlas-gipsar-uni-biala-gladz-szpachlowa-5kg\/"},"modified":"2024-05-10T11:02:11","modified_gmt":"2024-05-10T09:02:11","slug":"gladz-szpachlowa-atlas-gipsar-uni-5kg","status":"publish","type":"product","link":"https:\/\/e-adams.pl\/de\/produkt\/gladz-szpachlowa-atlas-gipsar-uni-5kg\/","title":{"rendered":"G\u0142ad\u017a szpachlowa ATLAS GIPSAR UNI &#8211; 5kg"},"content":{"rendered":"<h3>G\u0142ad\u017a szpachlowa ATLAS GIPSAR UNI &#8211; 5kg<\/h3>\n<p><strong>GIPSAR UNI &#8211; wzmocniony polimerami, \u015bnie\u017cnobia\u0142y kolor.<br \/>\nzu\u017cycie:<\/strong> ok. 1 kg\/1 m2\/1 mm grubo\u015bci<br \/>\n<strong>Rodzaje pod\u0142o\u017cy:<\/strong> beton, gazobeton, gips, tynki cementowe, cementowo-wapienne i gipsowe.<br \/>\nS\u0142u\u017cy do wykonywania wewn\u0119trznych g\u0142adzi gipsowych na \u015bcianach i sufitach. Mo\u017ce by\u0107 r\u00f3wnie\u017c stosowany do wype\u0142niania niewielkich ubytk\u00f3w i p\u0119kni\u0119\u0107 w tynkach, w celu naprawienia powierzchni przed wykonaniem g\u0142adzi.<\/p>\n<p><img loading=\"lazy\" decoding=\"async\" class=\"aligncenter size-full wp-image-11955\" src=\"https:\/\/e-adams.pl\/wp-content\/uploads\/2018\/11\/gladz-szpachlowa-atlas-gipsar-uni.jpg\" alt=\"glad\u017a szpachlowa \u017bary, atlas gipsar uni \u017bary, bia\u0142a g\u0142ad\u017a \u017cary, szpachla\" width=\"400\" height=\"400\" title=\"\"><\/p>\n<p style=\"text-align: justify;\">Atlas Gipsar Uni s\u0142u\u017cy do wykonywania wewn\u0119trznych g\u0142adzi gipsowych na \u015bcianach i sufitach. Produkt zosta\u0142 wzmocniony polimerami &#8211; dodatek nowoczesnych polimer\u00f3w pozwala uzyska\u0107 g\u0142ad\u017a o wysokiej przyczepno\u015bci do pod\u0142o\u017ca i mocnej, zwartej strukturze wewn\u0119trznej. Podw\u00f3jne wi\u0105zanie &#8211; dwa r\u00f3wnolegle przebiegaj\u0105ce procesy &#8211; sieciowania \u017cywicy i tworzenia sieci krystalicznej gipsu \u2013 wzmacniaj\u0105 jednolicie ca\u0142\u0105 warstw\u0119 g\u0142adzi, poprawiaj\u0105 jej parametry wytrzyma\u0142o\u015bciowe oraz zwi\u0119kszaj\u0105 przyczepno\u015b\u0107 do pod\u0142o\u017ca. Produkt posiada wysok\u0105 retencj\u0119 wody, pozwalaj\u0105c\u0105 na utrzymanie w masie w\u0142a\u015bciwej ilo\u015bci wody, niezb\u0119dnej do prawid\u0142owego przebiegu procesu wi\u0105zania. Gipsar Uni jest odporny na sp\u0119kania wynikaj\u0105ce ze skurczu podczas wysychania. Tworzy jednolit\u0105, mocn\u0105 i g\u0142adk\u0105 powierzchni\u0119 pod malowanie i tapetowanie.<\/p>\n","protected":false},"excerpt":{"rendered":"<h3 style=\"color: #0099cc;\">Sprawd\u017a cen\u0119 i aktualny stan w sklepie<br \/>\n<strong>Kontakt:<\/strong> <a href=\"mailto:info@e-adams.pl\"><u><b>info@e-adams.pl<\/b><\/u><\/a><\/h3>\n","protected":false},"featured_media":11955,"comment_status":"open","ping_status":"closed","template":"","meta":{"_acf_changed":false,"inline_featured_image":false},"product_cat":[275],"product_tag":[265,963,950,962],"class_list":{"0":"post-11947","1":"product","2":"type-product","3":"status-publish","4":"has-post-thumbnail","6":"product_cat-gipsy-zaprawy","7":"product_tag-atlas","8":"product_tag-gladz-szpachlowa","9":"product_tag-materialy-budowlane","10":"product_tag-szpachla-gipsowa","12":"first","13":"instock","14":"shipping-taxable","15":"purchasable","16":"product-type-simple"},"acf":[],"_links":{"self":[{"href":"https:\/\/e-adams.pl\/de\/wp-json\/wp\/v2\/product\/11947","targetHints":{"allow":["GET"]}}],"collection":[{"href":"https:\/\/e-adams.pl\/de\/wp-json\/wp\/v2\/product"}],"about":[{"href":"https:\/\/e-adams.pl\/de\/wp-json\/wp\/v2\/types\/product"}],"replies":[{"embeddable":true,"href":"https:\/\/e-adams.pl\/de\/wp-json\/wp\/v2\/comments?post=11947"}],"wp:featuredmedia":[{"embeddable":true,"href":"https:\/\/e-adams.pl\/de\/wp-json\/wp\/v2\/media\/11955"}],"wp:attachment":[{"href":"https:\/\/e-adams.pl\/de\/wp-json\/wp\/v2\/media?parent=11947"}],"wp:term":[{"taxonomy":"product_cat","embeddable":true,"href":"https:\/\/e-adams.pl\/de\/wp-json\/wp\/v2\/product_cat?post=11947"},{"taxonomy":"product_tag","embeddable":true,"href":"https:\/\/e-adams.pl\/de\/wp-json\/wp\/v2\/product_tag?post=11947"}],"curies":[{"name":"wp","href":"https:\/\/api.w.org\/{rel}","templated":true}]}}