{"id":11987,"date":"2018-11-27T08:23:20","date_gmt":"2018-11-27T07:23:20","guid":{"rendered":"https:\/\/e-adams.pl\/sklep\/gips-budowlany-nida-2kg\/"},"modified":"2024-07-15T11:31:13","modified_gmt":"2024-07-15T09:31:13","slug":"gips-budowlany-dolina-nidy-2kg","status":"publish","type":"product","link":"https:\/\/e-adams.pl\/de\/produkt\/gips-budowlany-dolina-nidy-2kg\/","title":{"rendered":"Gips budowlany DOLINA NIDY &#8211; 2kg"},"content":{"rendered":"<h3>Gips budowlany DOLINA NIDY &#8211; 2kg<\/h3>\n<p><strong>Do prac budowlanych, remontowych i wyko\u0144czeniowych, do produkcji zapraw i prefabrykat\u00f3w wewn\u0105trz budynku.<\/strong><\/p>\n<p><img loading=\"lazy\" decoding=\"async\" class=\"aligncenter size-full wp-image-11992\" src=\"https:\/\/e-adams.pl\/wp-content\/uploads\/2018\/11\/gips-budowlany-dolina-nidy.jpg\" alt=\"gips budowlany dolina nidy, gipsy budowlane \u017cary, gips do zapraw, gips do prefabrykat\u00f3w, budowlanka \u017bary\" width=\"400\" height=\"400\" title=\"\"><\/p>\n<p style=\"text-align: justify;\">Gips Budowlany przeznaczony jest do napraw powierzchni \u015bcian i sufit\u00f3w (np. wype\u0142niania ubytk\u00f3w, otwor\u00f3w po ko\u0142kach itp.) oraz wszelkiego rodzaju prac monta\u017cowych i instalacyjnych (osadzanie puszek, wype\u0142nianie bruzd z przewodami elektrycznymi, itp.). Mo\u017ce by\u0107 r\u00f3wnie\u017c wykorzystywany do sporz\u0105dzania zapraw i prefabrykat\u00f3w gipsowych.<\/p>\n<h3>ZASTOSOWANIE<\/h3>\n<p>&#8211; drobne prace naprawcze na powierzchni \u015bcian i sufit\u00f3w wewn\u0105trz budynk\u00f3w np. wype\u0142nianie ubytk\u00f3w, zasklepianie otwor\u00f3w po ko\u0142kach itp.<br \/>\n&#8211; prace monta\u017cowe np. osadzania naro\u017cnik\u00f3w aluminiowych i siateczkowych, przyklejania listew prowadz\u0105cych przed wykonywaniem tynk\u00f3w gipsowych, \u0142\u0105czenie i stabilizowanie element\u00f3w gipsowych<br \/>\n&#8211; prace instalacyjnych np. osadzania puszek podtynkowych, wype\u0142nianie bruzd z przewodami elektrycznymi itp.<br \/>\n&#8211; na pod\u0142o\u017cach nieotynkowanych, wykonanych z element\u00f3w ceramicznych, ceg\u0142y wapienno-piaskowej, betonu zwyk\u0142ego i kom\u00f3rkowego oraz na tynkach cementowych, cementowo-wapiennych i gipsowych oraz na p\u0142ytach wi\u00f3rowo-cementowych.<br \/>\n&#8211; do stosowania wewn\u0105trz budynk\u00f3w<\/p>\n<h3>W\u0141A\u015aCIWO\u015aCI<\/h3>\n<p>&#8211; spoiwo mineralne, uzyskiwane w procesie cz\u0119\u015bciowego odwodnienia naturalnego kamienia gipsowego (dwuwodnego siarczanu wapnia) pochodz\u0105cego z odkrywkowej kopalni gipsu.<br \/>\n&#8211; bardzo szybki przyrost wytrzyma\u0142o\u015bci mechanicznej, zamocowane elementy s\u0105 w kr\u00f3tkim czasie unieruchamiane i stabilnie mocowane<br \/>\n&#8211; kr\u00f3tki czas wi\u0105zania, pozwala na szybkie zastabilizowanie mocowanego elementu, bez konieczno\u015bci stosowania dodatkowych podp\u00f3r<br \/>\n&#8211; produkt bardzo \u0142atwy do nak\u0142adania i profilowania<\/p>\n","protected":false},"excerpt":{"rendered":"<h3 style=\"color: #0099cc;\">Sprawd\u017a cen\u0119 i aktualny stan w sklepie<br \/>\n<strong>Kontakt:<\/strong> <a href=\"mailto:info@e-adams.pl\"><u><b>info@e-adams.pl<\/b><\/u><\/a><\/h3>\n","protected":false},"featured_media":11992,"comment_status":"open","ping_status":"closed","template":"","meta":{"_acf_changed":false,"inline_featured_image":false},"product_cat":[275],"product_tag":[973,974,950],"class_list":{"0":"post-11987","1":"product","2":"type-product","3":"status-publish","4":"has-post-thumbnail","6":"product_cat-gipsy-zaprawy","7":"product_tag-dolina-nidy","8":"product_tag-gips-budowlany","9":"product_tag-materialy-budowlane","11":"first","12":"instock","13":"shipping-taxable","14":"purchasable","15":"product-type-simple"},"acf":[],"_links":{"self":[{"href":"https:\/\/e-adams.pl\/de\/wp-json\/wp\/v2\/product\/11987","targetHints":{"allow":["GET"]}}],"collection":[{"href":"https:\/\/e-adams.pl\/de\/wp-json\/wp\/v2\/product"}],"about":[{"href":"https:\/\/e-adams.pl\/de\/wp-json\/wp\/v2\/types\/product"}],"replies":[{"embeddable":true,"href":"https:\/\/e-adams.pl\/de\/wp-json\/wp\/v2\/comments?post=11987"}],"wp:featuredmedia":[{"embeddable":true,"href":"https:\/\/e-adams.pl\/de\/wp-json\/wp\/v2\/media\/11992"}],"wp:attachment":[{"href":"https:\/\/e-adams.pl\/de\/wp-json\/wp\/v2\/media?parent=11987"}],"wp:term":[{"taxonomy":"product_cat","embeddable":true,"href":"https:\/\/e-adams.pl\/de\/wp-json\/wp\/v2\/product_cat?post=11987"},{"taxonomy":"product_tag","embeddable":true,"href":"https:\/\/e-adams.pl\/de\/wp-json\/wp\/v2\/product_tag?post=11987"}],"curies":[{"name":"wp","href":"https:\/\/api.w.org\/{rel}","templated":true}]}}