{"id":11989,"date":"2018-11-27T08:23:22","date_gmt":"2018-11-27T07:23:22","guid":{"rendered":"https:\/\/e-adams.pl\/sklep\/gladz-szpachlowa-nida-omega-20kg\/"},"modified":"2022-09-05T13:23:19","modified_gmt":"2022-09-05T11:23:19","slug":"gladz-szpachlowa-dolina-nidy-omega-20kg","status":"publish","type":"product","link":"https:\/\/e-adams.pl\/de\/produkt\/gladz-szpachlowa-dolina-nidy-omega-20kg\/","title":{"rendered":"G\u0142ad\u017a szpachlowa DOLINA NIDY OMEGA &#8211; 20kg"},"content":{"rendered":"<h3>G\u0142ad\u017a szpachlowa DOLINA NIDY OMEGA &#8211; 20kg<\/h3>\n<p><strong>Do wykonywania g\u0142adzi na pod\u0142o\u017cach mineralnych wewn\u0105trz budynk\u00f3w<\/strong><\/p>\n<p><img loading=\"lazy\" decoding=\"async\" class=\"aligncenter size-full wp-image-12000\" src=\"https:\/\/e-adams.pl\/wp-content\/uploads\/2018\/11\/gladz-szpachlowa-dolina-nidy-omega.jpg\" alt=\"g\u0142ad\u017a szpachlowa dolina nidy omega, g\u0142adzie szpachlowe \u017bary, bia\u0142a gipsowa g\u0142ad\u017a szpachlowa, szpachla gipsowa omega\" width=\"400\" height=\"400\" title=\"\"><\/p>\n<p style=\"text-align: justify;\">Bia\u0142a gipsowa g\u0142ad\u017a szpachlowa OMEGA jest nowoczesnym materia\u0142em zaprojektowanym do r\u0119cznego lub maszynowego wykonywania g\u0142adzi na \u015bcianach i sufitach wewn\u0105trz budynk\u00f3w. Przeznaczona jest do wyg\u0142adzania r\u00f3wnych powierzchni mineralnych, w szczeg\u00f3lno\u015bci pod\u0142o\u017cy gipsowych (tynki, p\u0142yty gipsowo-kartonowe, p\u0142yty \u015bcienne typu ProMonta), betonowych oraz tynk\u00f3w cementowych i cementowo-wapiennych. Nier\u00f3wne pod\u0142o\u017ca mineralne w szczeg\u00f3lno\u015bci powierzchnie z pustak\u00f3w i ceg\u0142y (ceramicznej, silikatowej, z betonu kom\u00f3rkowego), nale\u017cy wcze\u015bniej wyr\u00f3wna\u0107 tynkiem. Stanowi doskona\u0142e pod\u0142o\u017ce pod malowanie i tapetowanie. Zaprawy tej nie stosuje si\u0119 na pod\u0142o\u017ca drewniane, metalowe i z tworzyw sztucznych.<\/p>\n<h3>W\u0141A\u015aCIWO\u015aCI<\/h3>\n<p style=\"text-align: justify;\">Bia\u0142a gipsowa g\u0142ad\u017a szpachlowa OMEGA produkowana jest na bazie gipsu syntetycznego, wype\u0142niaczy mineralnych oraz dodatk\u00f3w modyfikuj\u0105cych. Dzi\u0119ki odpowiednio zestawionym dodatkom zaprawa ma przede wszystkim bardzo dobr\u0105 urabialno\u015b\u0107, jest plastyczna, \u0142atwa w nak\u0142adaniu, rozprowadzaniu i wyg\u0142adzaniu, bardzo dobrze poddaje si\u0119 r\u00f3wnie\u017c obr\u00f3bce ju\u017c po zwi\u0105zaniu, czyli szlifowaniu. Mo\u017cliwo\u015b\u0107 nak\u0142adania za pomoc\u0105 mechanicznych urz\u0105dze\u0144 natryskowych pozwala na \u0142atwiejsz\u0105 i znacznie szybsz\u0105 aplikacj\u0119 g\u0142adzi w por\u00f3wnaniu z metod\u0105 tradycyjn\u0105. Ostateczny efekt zastosowania g\u0142adzi OMEGA to idealnie g\u0142adka powierzchnia, o bia\u0142ym, jednolitym kolorze. Bia\u0142a gipsowa g\u0142ad\u017a szpachlowa OMEGA jest materia\u0142em ekologicznym i przyjaznym dla \u015brodowiska, zapewnia w pomieszczeniach korzystny mikroklimat, pozytywnie wp\u0142ywaj\u0105cy na zdrowie i samopoczucie cz\u0142owieka.<\/p>\n","protected":false},"excerpt":{"rendered":"<h3 style=\"color: #0099cc;\">Sprawd\u017a cen\u0119 i aktualny stan w sklepie<br \/>\n<strong>Kontakt:<\/strong> <a href=\"mailto:info@e-adams.pl\"><u><b>info@e-adams.pl<\/b><\/u><\/a><\/h3>\n","protected":false},"featured_media":12000,"comment_status":"open","ping_status":"closed","template":"","meta":{"_acf_changed":false,"inline_featured_image":false},"product_cat":[275],"product_tag":[973,963,950,962],"class_list":{"0":"post-11989","1":"product","2":"type-product","3":"status-publish","4":"has-post-thumbnail","6":"product_cat-gipsy-zaprawy","7":"product_tag-dolina-nidy","8":"product_tag-gladz-szpachlowa","9":"product_tag-materialy-budowlane","10":"product_tag-szpachla-gipsowa","12":"first","13":"onbackorder","14":"shipping-taxable","15":"product-type-simple"},"acf":[],"_links":{"self":[{"href":"https:\/\/e-adams.pl\/de\/wp-json\/wp\/v2\/product\/11989","targetHints":{"allow":["GET"]}}],"collection":[{"href":"https:\/\/e-adams.pl\/de\/wp-json\/wp\/v2\/product"}],"about":[{"href":"https:\/\/e-adams.pl\/de\/wp-json\/wp\/v2\/types\/product"}],"replies":[{"embeddable":true,"href":"https:\/\/e-adams.pl\/de\/wp-json\/wp\/v2\/comments?post=11989"}],"wp:featuredmedia":[{"embeddable":true,"href":"https:\/\/e-adams.pl\/de\/wp-json\/wp\/v2\/media\/12000"}],"wp:attachment":[{"href":"https:\/\/e-adams.pl\/de\/wp-json\/wp\/v2\/media?parent=11989"}],"wp:term":[{"taxonomy":"product_cat","embeddable":true,"href":"https:\/\/e-adams.pl\/de\/wp-json\/wp\/v2\/product_cat?post=11989"},{"taxonomy":"product_tag","embeddable":true,"href":"https:\/\/e-adams.pl\/de\/wp-json\/wp\/v2\/product_tag?post=11989"}],"curies":[{"name":"wp","href":"https:\/\/api.w.org\/{rel}","templated":true}]}}