{"id":12023,"date":"2018-11-27T10:05:34","date_gmt":"2018-11-27T09:05:34","guid":{"rendered":"https:\/\/e-adams.pl\/sklep\/klej-do-styropianu-zs-25kg-ceresit\/"},"modified":"2024-07-15T11:31:13","modified_gmt":"2024-07-15T09:31:13","slug":"klej-do-styropianu-ceresit-zs-25kg","status":"publish","type":"product","link":"https:\/\/e-adams.pl\/de\/produkt\/klej-do-styropianu-ceresit-zs-25kg\/","title":{"rendered":"Klej do styropianu CERESIT ZS &#8211; 25kg"},"content":{"rendered":"<h3>Klej do styropianu CERESIT ZS &#8211; 25kg<\/h3>\n<p><strong>Zaprawa klej\u0105ca do mocowania p\u0142yt styropianowych przy ocieplaniu budynk\u00f3w metod\u0105 lekk\u0105-mokr\u0105<\/strong><\/p>\n<p><img loading=\"lazy\" decoding=\"async\" class=\"aligncenter size-full wp-image-12029\" src=\"https:\/\/e-adams.pl\/wp-content\/uploads\/2018\/11\/klej-do-styropianu-ceresit-zs-25kg.jpg\" alt=\"klej do styropianu \u017bary, klej do styropianu ceresit zs, 25kg, Zaprawa klej\u0105ca styropian, klej do mocowania do mocowania p\u0142yt styropianowych, Materia\u0142y budowlane Adams \u017bary\" width=\"400\" height=\"400\" title=\"\"><\/p>\n<p style=\"text-align: justify;\">Zaprawa klej\u0105ca Ceresit ZS s\u0142u\u017cy do przyklejania p\u0142yt styropianowych EPS i XPS w z\u0142o\u017conych systemach ocieplania \u015bcian zewn\u0119trznych (ETICS) budynk\u00f3w metod\u0105 lekk\u0105-mokr\u0105 Ceresit Ceretherm. Jest odpowiednia zar\u00f3wno do obiekt\u00f3w nowo wznoszonych, jak i poddawanych termorenowacji. Przyklejone zapraw\u0105 p\u0142yty wymagaj\u0105 dodatkowego mocowania \u0142\u0105cznikami mechanicznymi tj. odpowiednimi ko\u0142kami rozpr\u0119\u017cnymi z tworzywa sztucznego. Do wykonywania na p\u0142ytach styropianowych warstwy zbrojonej siatk\u0105 z w\u0142\u00f3kna szklanego nale\u017cy stosowa\u0107 zapraw\u0119 Ceresit ZU, CT 85 lub CT 100.<\/p>\n<p><center><\/center><\/p>\n<h3>W\u0141A\u015aCIWO\u015aCI:<\/h3>\n<p>&#8211; ekonomiczna w u\u017cyciu<br \/>\n&#8211; dobra przyczepno\u015b\u0107<br \/>\n&#8211; odporna na warunki atmosferyczne<br \/>\n&#8211; mo\u017cliwo\u015b\u0107 aplikacji maszynowej<\/p>\n","protected":false},"excerpt":{"rendered":"<h3 style=\"color: #0099cc;\">Sprawd\u017a cen\u0119 i aktualny stan w sklepie<br \/>\n<strong>Kontakt:<\/strong> <a href=\"mailto:info@e-adams.pl\"><u><b>info@e-adams.pl<\/b><\/u><\/a><\/h3>\n","protected":false},"featured_media":12029,"comment_status":"open","ping_status":"closed","template":"","meta":{"_acf_changed":false,"inline_featured_image":false},"product_cat":[276],"product_tag":[158,764,950],"class_list":{"0":"post-12023","1":"product","2":"type-product","3":"status-publish","4":"has-post-thumbnail","6":"product_cat-kleje-do-ocieplen","7":"product_tag-ceresit","8":"product_tag-klej","9":"product_tag-materialy-budowlane","11":"first","12":"instock","13":"shipping-taxable","14":"purchasable","15":"product-type-simple"},"acf":[],"_links":{"self":[{"href":"https:\/\/e-adams.pl\/de\/wp-json\/wp\/v2\/product\/12023","targetHints":{"allow":["GET"]}}],"collection":[{"href":"https:\/\/e-adams.pl\/de\/wp-json\/wp\/v2\/product"}],"about":[{"href":"https:\/\/e-adams.pl\/de\/wp-json\/wp\/v2\/types\/product"}],"replies":[{"embeddable":true,"href":"https:\/\/e-adams.pl\/de\/wp-json\/wp\/v2\/comments?post=12023"}],"wp:featuredmedia":[{"embeddable":true,"href":"https:\/\/e-adams.pl\/de\/wp-json\/wp\/v2\/media\/12029"}],"wp:attachment":[{"href":"https:\/\/e-adams.pl\/de\/wp-json\/wp\/v2\/media?parent=12023"}],"wp:term":[{"taxonomy":"product_cat","embeddable":true,"href":"https:\/\/e-adams.pl\/de\/wp-json\/wp\/v2\/product_cat?post=12023"},{"taxonomy":"product_tag","embeddable":true,"href":"https:\/\/e-adams.pl\/de\/wp-json\/wp\/v2\/product_tag?post=12023"}],"curies":[{"name":"wp","href":"https:\/\/api.w.org\/{rel}","templated":true}]}}