{"id":12024,"date":"2018-11-27T10:05:35","date_gmt":"2018-11-27T09:05:35","guid":{"rendered":"https:\/\/e-adams.pl\/sklep\/atlas-hoter-s-25kg-klej-do-styropianu\/"},"modified":"2024-02-15T11:48:54","modified_gmt":"2024-02-15T10:48:54","slug":"klej-do-styropianu-atlas-hoter-s-25kg","status":"publish","type":"product","link":"https:\/\/e-adams.pl\/de\/produkt\/klej-do-styropianu-atlas-hoter-s-25kg\/","title":{"rendered":"Klej do styropianu ATLAS HOTER S &#8211; 25kg"},"content":{"rendered":"<h3>Klej do styropianu ATLAS HOTER S &#8211; 25kg<\/h3>\n<p><strong>Zaprawa klej\u0105ca do styropianu i XPS<\/strong><br \/>\nDo przyklejania p\u0142yt termoizolacyjnych ze styropianu EPS (bia\u0142ego) i p\u0142yt XPS, do trwa\u0142ego mocowania p\u0142yt izolacji termicznej o grubo\u015bci do 25 cm.<\/p>\n<p><img loading=\"lazy\" decoding=\"async\" class=\"aligncenter size-full wp-image-12026\" src=\"https:\/\/e-adams.pl\/wp-content\/uploads\/2018\/11\/klej-do-styropianu-atlas-hoter-s-25kg.jpg\" alt=\"klej do styropianu Zary, Klej do styropianu atlas hoter s, atlas hoter 25kg, Klej do ocieple\u0144, kleje ociepleniowe \u017cary, Adams \u017bary\" width=\"400\" height=\"400\" title=\"\"><\/p>\n<p style=\"text-align: justify;\">Jest zalecany do prac izolacyjnych w budownictwie pasywnym i energooszcz\u0119dnym \u2013 pomaga uzyska\u0107 wymagan\u0105 w budownictwie pasywnym szczelno\u015b\u0107 przegrody budowlanej. Stanowi element system\u00f3w ocieple\u0144 \u2013 mo\u017ce by\u0107 stosowany do wykonywania ocieple\u0144 budynk\u00f3w nowo wznoszonych oraz poddawanych termomodernizacji. Przeznaczony do przyklejania p\u0142yt termoizolacyjnych \u2013 gdy termoizolacj\u0119 stanowi\u0105 p\u0142yty styropianowe (w tym p\u0142yty z dodatkiem grafi tu) lub z polistyrenu ekstrudowanego XPS. Stanowi element system\u00f3w ocieple\u0144 \u2013 wchodzi w sk\u0142ad z\u0142o\u017conych system\u00f3w izolacji cieplnej, posiadaj\u0105cych Aprobaty Techniczne Krajowe (AT) oraz Europejskie (ETA).<\/p>\n<p><center><\/center><\/p>\n<h3>W\u0141A\u015aCIWO\u015aCI<\/h3>\n<p>&#8211; Jest paroprzepuszczalny \u2013 nie ogranicza przep\u0142ywu pary wodnej przez ocieplon\u0105 przegrod\u0119.<br \/>\n&#8211; Posiada zwi\u0119kszon\u0105 przyczepno\u015b\u0107 \u2013 zapewnia trwa\u0142e po\u0142\u0105czenie z pod\u0142o\u017cami mineralnymi oraz p\u0142ytami termoizolacyjnymi.<br \/>\n&#8211; Charakteryzuje si\u0119 szybkim przyrostem wytrzyma\u0142o\u015bci \u2013 wi\u0105\u017ce w kr\u00f3tkim czasie i pozwala szybko rozpocz\u0105\u0107 kolejne etapy technologiczne.<\/p>\n<p><center><\/center><\/p>\n","protected":false},"excerpt":{"rendered":"<h3 style=\"color: #0099cc;\">Sprawd\u017a cen\u0119 i aktualny stan w sklepie<br \/>\n<strong>Kontakt:<\/strong> <a href=\"mailto:info@e-adams.pl\"><u><b>info@e-adams.pl<\/b><\/u><\/a><\/h3>\n","protected":false},"featured_media":12026,"comment_status":"open","ping_status":"closed","template":"","meta":{"_acf_changed":false,"inline_featured_image":false},"product_cat":[276],"product_tag":[265,764,950],"class_list":{"0":"post-12024","1":"product","2":"type-product","3":"status-publish","4":"has-post-thumbnail","6":"product_cat-kleje-do-ocieplen","7":"product_tag-atlas","8":"product_tag-klej","9":"product_tag-materialy-budowlane","11":"first","12":"outofstock","13":"shipping-taxable","14":"purchasable","15":"product-type-simple"},"acf":[],"_links":{"self":[{"href":"https:\/\/e-adams.pl\/de\/wp-json\/wp\/v2\/product\/12024","targetHints":{"allow":["GET"]}}],"collection":[{"href":"https:\/\/e-adams.pl\/de\/wp-json\/wp\/v2\/product"}],"about":[{"href":"https:\/\/e-adams.pl\/de\/wp-json\/wp\/v2\/types\/product"}],"replies":[{"embeddable":true,"href":"https:\/\/e-adams.pl\/de\/wp-json\/wp\/v2\/comments?post=12024"}],"wp:featuredmedia":[{"embeddable":true,"href":"https:\/\/e-adams.pl\/de\/wp-json\/wp\/v2\/media\/12026"}],"wp:attachment":[{"href":"https:\/\/e-adams.pl\/de\/wp-json\/wp\/v2\/media?parent=12024"}],"wp:term":[{"taxonomy":"product_cat","embeddable":true,"href":"https:\/\/e-adams.pl\/de\/wp-json\/wp\/v2\/product_cat?post=12024"},{"taxonomy":"product_tag","embeddable":true,"href":"https:\/\/e-adams.pl\/de\/wp-json\/wp\/v2\/product_tag?post=12024"}],"curies":[{"name":"wp","href":"https:\/\/api.w.org\/{rel}","templated":true}]}}