{"id":12042,"date":"2018-11-28T11:36:17","date_gmt":"2018-11-28T10:36:17","guid":{"rendered":"https:\/\/e-adams.pl\/sklep\/klej-do-glazury-cm11-plus-comfort-gres-25-kg\/"},"modified":"2024-07-15T11:31:11","modified_gmt":"2024-07-15T09:31:11","slug":"klej-do-glazury-ceresit-cm11-plus-25kg","status":"publish","type":"product","link":"https:\/\/e-adams.pl\/de\/produkt\/klej-do-glazury-ceresit-cm11-plus-25kg\/","title":{"rendered":"Klej do glazury CERESIT CM11 PLUS &#8211; 25kg"},"content":{"rendered":"<h3>Klej do glazury CERESIT CM11 PLUS &#8211; 25 kg<\/h3>\n<p><strong>Uelastyczniona zaprawa klej\u0105ca do gresu &#8222;GRES&#8220; CM11 PLUS COMFORT GRES<\/strong><br \/>\nDzi\u0119ki Technologii POWER POLYMERS zaprawa klej\u0105ca CM 11 PLUS posiada nowe w\u0142a\u015bciwo\u015bci:<br \/>\n&#8211; Klejenie p\u0142ytek gresowych w rozmiarze do 50&#215;50 cm lub boku p\u0142ytki do 60 cm<br \/>\n&#8211; Brak sp\u0142ywu nawet dla ci\u0119\u017ckich p\u0142ytek gresowych<br \/>\n&#8211; Spoinowanie na \u015bcianach ju\u017c po 8h<\/p>\n<p><img loading=\"lazy\" decoding=\"async\" class=\"aligncenter size-full wp-image-12112\" src=\"https:\/\/e-adams.pl\/wp-content\/uploads\/2018\/11\/klej-do-glazury-ceresit-cm11-plus-25-kg.jpg\" alt=\"klej do glazury ceresit, Ceresit cm11 plus comfort gres, 25kg, zaprawa klej\u0105ca do glazury, kleje glazurnicze \u017bary, kleje do glazury \u017bary, Adams \u017bary Kleje, Zaprawy klej\u0105ce, uelastyczniony klej do gresu\" width=\"400\" height=\"400\" title=\"\"><\/p>\n<p style=\"text-align: justify;\">Zaprawa CM 11 PLUS s\u0142u\u017cy do mocowania p\u0142ytek gresowych i innych p\u0142ytek ceramicznych, cementowych oraz z kamienia naturalnego (niewra\u017cliwego na przebarwienia), wewn\u0105trz i na zewn\u0105trz budynk\u00f3w. Zapraw\u0105 mo\u017cna mocowa\u0107 p\u0142ytki na tynkach cementowych i cementowo-wapiennych (wiek powy\u017cej 28 dni), jastrychach cementowych (wiek powy\u017cej 28 dni), betonie (wiek powy\u017cej 3 miesi\u0119cy) oraz wewn\u0105trz pomieszcze\u0144 na zagruntowanych pod\u0142o\u017cach: gipsowych, anhydrytowych, materia\u0142ach uszczelniaj\u0105cych CL 51 (klejenie p\u0142ytek po 2 dniach od aplikacji) oraz CR 65 (klejenie p\u0142ytek min. po 2 dniach od aplikacji). Dzi\u0119ki zastosowaniu specjalnej kombinacji wype\u0142niaczy, nowa zaprawa CM 11 PLUS jest znacznie \u0142atwiejsza w aplikacji, dzi\u0119ki czemu umo\u017cliwia szybszy post\u0119p prac. Rekomenduje si\u0119 u\u017cycie kleju CM 11 PLUS w przypadku p\u0142ytek gresowych o wymiarach do ok. 50 x 50 cm.<\/p>\n<p style=\"text-align: justify;\">Na pod\u0142o\u017cach odkszta\u0142calnych takich jak: zagruntowane p\u0142ytygipsowo-kartonowe, p\u0142yty wi\u00f3rowe, ogrzewane pod\u0142ogi, elastyczne materia\u0142y uszczelniaj\u0105ce Ceresit: CL 50, CR 166 nale\u017cy stosowa\u0107 zapraw\u0119 Ceresit CM 12 lub do zaprawy CM 11 PLUS doda\u0107 emulsji elastycznej Ceresit CC 83. W przypadku innych rodzaj\u00f3w p\u0142ytek oraz innych pod\u0142o\u017cy, wi\u0119kszych obci\u0105\u017ce\u0144 i pod\u0142o\u017cy odkszta\u0142calnych np. taras\u00f3w, balkon\u00f3w \u2013 nale\u017cy u\u017cywa\u0107 odpowiednich zapraw i klej\u00f3w Ceresit. W przypadku klejenia p\u0142ytek z kamienia naturalnego wra\u017cliwego na przebarwienia nale\u017cy zastosowa\u0107 zapraw\u0119 Ceresit CM 15 Marble&amp; Mosaic.<\/p>\n<p>&nbsp;<\/p>\n","protected":false},"excerpt":{"rendered":"<h3 style=\"color: #0099cc;\">Sprawd\u017a cen\u0119 i aktualny stan w sklepie<br \/>\n<strong>Kontakt:<\/strong> <a href=\"mailto:info@e-adams.pl\"><u><b>info@e-adams.pl<\/b><\/u><\/a><\/h3>\n","protected":false},"featured_media":12112,"comment_status":"open","ping_status":"closed","template":"","meta":{"_acf_changed":false,"inline_featured_image":false},"product_cat":[982],"product_tag":[158,764,950],"class_list":{"0":"post-12042","1":"product","2":"type-product","3":"status-publish","4":"has-post-thumbnail","6":"product_cat-kleje-do-plytek","7":"product_tag-ceresit","8":"product_tag-klej","9":"product_tag-materialy-budowlane","11":"first","12":"instock","13":"shipping-taxable","14":"purchasable","15":"product-type-simple"},"acf":[],"_links":{"self":[{"href":"https:\/\/e-adams.pl\/de\/wp-json\/wp\/v2\/product\/12042","targetHints":{"allow":["GET"]}}],"collection":[{"href":"https:\/\/e-adams.pl\/de\/wp-json\/wp\/v2\/product"}],"about":[{"href":"https:\/\/e-adams.pl\/de\/wp-json\/wp\/v2\/types\/product"}],"replies":[{"embeddable":true,"href":"https:\/\/e-adams.pl\/de\/wp-json\/wp\/v2\/comments?post=12042"}],"wp:featuredmedia":[{"embeddable":true,"href":"https:\/\/e-adams.pl\/de\/wp-json\/wp\/v2\/media\/12112"}],"wp:attachment":[{"href":"https:\/\/e-adams.pl\/de\/wp-json\/wp\/v2\/media?parent=12042"}],"wp:term":[{"taxonomy":"product_cat","embeddable":true,"href":"https:\/\/e-adams.pl\/de\/wp-json\/wp\/v2\/product_cat?post=12042"},{"taxonomy":"product_tag","embeddable":true,"href":"https:\/\/e-adams.pl\/de\/wp-json\/wp\/v2\/product_tag?post=12042"}],"curies":[{"name":"wp","href":"https:\/\/api.w.org\/{rel}","templated":true}]}}