{"id":12043,"date":"2018-11-28T11:36:20","date_gmt":"2018-11-28T10:36:20","guid":{"rendered":"https:\/\/e-adams.pl\/sklep\/klej-do-glazury-cm17-5kg-ceresit\/"},"modified":"2023-08-18T09:38:44","modified_gmt":"2023-08-18T07:38:44","slug":"klej-do-glazury-ceresit-cm17-super-flexible-5kg","status":"publish","type":"product","link":"https:\/\/e-adams.pl\/de\/produkt\/klej-do-glazury-ceresit-cm17-super-flexible-5kg\/","title":{"rendered":"Klej do glazury CERESIT CM17 SUPER FLEXIBLE &#8211; 5kg"},"content":{"rendered":"<h3>Klej do glazury CERESIT CM17 SUPER FLEXIBLE &#8211; 5kg<\/h3>\n<p><strong>Wysokoelastyczna zaprawa klej\u0105ca do mocowania p\u0142ytek ceramicznych, cementowych oraz z kamienia naturalnego.<\/strong><\/p>\n<p><img loading=\"lazy\" decoding=\"async\" class=\"aligncenter size-full wp-image-12120\" src=\"https:\/\/e-adams.pl\/wp-content\/uploads\/2018\/11\/klej-do-glazury-ceresit-cm17-super-flexible.jpg\" alt=\"klej do glazury ceresit, Ceresti cm 17 super flexible, kleje do glazury lubuskie, Wysokoelastyczna zaprawa klej\u0105ca, wysokoelastyczny klej do p\u0142ytek, klej do kamieni naturalnych\" width=\"400\" height=\"400\" title=\"\"><\/p>\n<p style=\"text-align: justify;\">Zaprawa Ceresit CM 17 s\u0142u\u017cy do mocowania p\u0142ytek ceramicznych, cementowych i kamiennych (opr\u00f3cz marmuru) na pod\u0142o\u017cach odkszta\u0142calnych. W\u0142a\u015bciwo\u015bci spoiny zapewniaj\u0105 elastyczne po\u0142\u0105czenie z pod\u0142o\u017cem, przenosz\u0105ce napr\u0119\u017cenia \u015bcinaj\u0105ce pomi\u0119dzy p\u0142ytk\u0105 a pod\u0142o\u017cem. Dlatego CM 17 polecana jest do mocowania p\u0142ytek na wiotkich \u015bciankach dzia\u0142owych, ogrzewanych pod\u0142ogach, elewacjach, tarasach i balkonach, a tak\u017ce w nieckach basenowych i technologicznych zbiornikach na wod\u0119. Wysoka przyczepno\u015b\u0107 zaprawy sprawia, \u017ce zalecana jest ona do p\u0142ytek o nasi\u0105kliwo\u015bci &lt; 3%, np. gresowych r\u00f3wnie\u017c o bardzo du\u017cych formatach (pow. 1 m2) oraz do mocowania p\u0142ytek na pod\u0142o\u017cach krytycznych: istniej\u0105cych p\u0142ytkach, mocnych i dobrze przyczepnych pow\u0142okach malarskich, pod\u0142o\u017cach gipsowych, anhydrytowych, betonie kom\u00f3rkowym.<\/p>\n<p>&#8211; do p\u0142ytek gresowych, ceramicznych i kamienia naturalnego wewn\u0105trz i na zewn\u0105trz<br \/>\n&#8211; Zaprawa wzmocniona w\u0142\u00f3knami<br \/>\n&#8211; najwy\u017csza przyczepno\u015b\u0107 i elastyczno\u015b\u0107 \u2013 klasa S1!<br \/>\n&#8211; odporna na odkszta\u0142cenia pod\u0142o\u017ca na balkonach, tarasach i ogrzewaniu pod\u0142ogowym<br \/>\n&#8211; do basen\u00f3w i zbiornik\u00f3w z wod\u0105 pitn\u0105 do pod\u0142o\u017cy krytycznych (p\u0142yty g-k, p\u0142ytka na p\u0142ytk\u0119, pow\u0142oki malarskie)<br \/>\n&#8211; na hydroizolacje wewn\u0119trzne i zewn\u0119trzne<br \/>\n&#8211; do p\u0142ytek wielkoformatowych \u2013 pow. 1m2<br \/>\n&#8211; mo\u017cliwo\u015b\u0107 dostosowania konsystencji<\/p>\n","protected":false},"excerpt":{"rendered":"<h3 style=\"color: #0099cc;\">Sprawd\u017a cen\u0119 i aktualny stan w sklepie<br \/>\n<strong>Kontakt:<\/strong> <a href=\"mailto:info@e-adams.pl\"><u><b>info@e-adams.pl<\/b><\/u><\/a><\/h3>\n","protected":false},"featured_media":12120,"comment_status":"open","ping_status":"closed","template":"","meta":{"_acf_changed":false,"inline_featured_image":false},"product_cat":[982],"product_tag":[158,764,950],"class_list":{"0":"post-12043","1":"product","2":"type-product","3":"status-publish","4":"has-post-thumbnail","6":"product_cat-kleje-do-plytek","7":"product_tag-ceresit","8":"product_tag-klej","9":"product_tag-materialy-budowlane","11":"first","12":"onbackorder","13":"shipping-taxable","14":"product-type-simple"},"acf":[],"_links":{"self":[{"href":"https:\/\/e-adams.pl\/de\/wp-json\/wp\/v2\/product\/12043","targetHints":{"allow":["GET"]}}],"collection":[{"href":"https:\/\/e-adams.pl\/de\/wp-json\/wp\/v2\/product"}],"about":[{"href":"https:\/\/e-adams.pl\/de\/wp-json\/wp\/v2\/types\/product"}],"replies":[{"embeddable":true,"href":"https:\/\/e-adams.pl\/de\/wp-json\/wp\/v2\/comments?post=12043"}],"wp:featuredmedia":[{"embeddable":true,"href":"https:\/\/e-adams.pl\/de\/wp-json\/wp\/v2\/media\/12120"}],"wp:attachment":[{"href":"https:\/\/e-adams.pl\/de\/wp-json\/wp\/v2\/media?parent=12043"}],"wp:term":[{"taxonomy":"product_cat","embeddable":true,"href":"https:\/\/e-adams.pl\/de\/wp-json\/wp\/v2\/product_cat?post=12043"},{"taxonomy":"product_tag","embeddable":true,"href":"https:\/\/e-adams.pl\/de\/wp-json\/wp\/v2\/product_tag?post=12043"}],"curies":[{"name":"wp","href":"https:\/\/api.w.org\/{rel}","templated":true}]}}