{"id":12044,"date":"2018-11-28T11:36:21","date_gmt":"2018-11-28T10:36:21","guid":{"rendered":"https:\/\/e-adams.pl\/sklep\/klej-do-glazury-cm22-20kg-flexible\/"},"modified":"2024-07-15T11:31:12","modified_gmt":"2024-07-15T09:31:12","slug":"klej-do-glazury-ceresit-cm22-mega-format-flexible-20kg","status":"publish","type":"product","link":"https:\/\/e-adams.pl\/de\/produkt\/klej-do-glazury-ceresit-cm22-mega-format-flexible-20kg\/","title":{"rendered":"Klej do glazury CERESIT CM22 MEGA FORMAT FLEXIBLE &#8211; 20kg"},"content":{"rendered":"<h3>Klej do glazury CERESIT CM22 MEGA FORMAT FLEXIBLE &#8211; 20kg<\/h3>\n<p><strong>Wysokoelastyczna zaprawa klej\u0105ca do klejenia p\u0142yt wielkoformatowych<\/strong><\/p>\n<p><img loading=\"lazy\" decoding=\"async\" class=\"aligncenter size-full wp-image-12123\" src=\"https:\/\/e-adams.pl\/wp-content\/uploads\/2018\/11\/klej-do-glazury-ceresit-cm22-mega-format-flexible-20kg.jpg\" alt=\"klej do glazury ceresit, Klej Ceresit cm22 mega format flexible, 20kg, kleje glazurnicze \u017bary, Klej do glazury Ceresit \u017bary, Adams \u017bary, Sklep z materia\u0142ami budowlanymi, Wysokoelastyczna zaprawa klej\u0105ca, klej do p\u0142yt wielkoformatowych, p\u0142ytki wielkoformatowe klej\" width=\"400\" height=\"400\" title=\"\"><\/p>\n<p style=\"text-align: justify;\">Zaprawa Ceresit CM 22 s\u0142u\u017cy do mocowania wielkoformatowych p\u0142yt gresowych oraz innych typ\u00f3w p\u0142yt ceramicznych, cementowych i kamiennych (opr\u00f3cz marmuru) na pod\u0142o\u017cach odkszta\u0142calnych. Polecana jest do mocowania p\u0142ytek na ogrzewanych pod\u0142ogach, elewacjach, tarasach i balkonach, a tak\u017ce w nieckach basenowych i technologicznych zbiornikach na wod\u0119. Przeznaczona jest r\u00f3wnie\u017c do monta\u017cu p\u0142ytek ceramicznych i kamiennych (opr\u00f3cz marmuru) w miejscach nara\u017conych na intensywny ruch oraz obci\u0105\u017cenia u\u017cytkowe takich jak: ci\u0105gi komunikacyjne, szko\u0142y, markety, sklepy itp. CM 22 jest odpowiednia do takich pod\u0142o\u017cy jak: istniej\u0105ce p\u0142ytki, mocne i dobrze przyczepne pow\u0142oki malarskie, pod\u0142o\u017ca gipsowe, anhydrytowe (tylko wewn\u0105trz budynk\u00f3w) oraz do mocowania p\u0142yt gresowych r\u00f3wnie\u017c o bardzo du\u017cych formatach (pow. 1 m2).<\/p>\n<p style=\"text-align: justify;\">Dzi\u0119ki specjalnej formule mo\u017cliwe jest bezpieczne stosowanie szerokiego zakresu wody w uzyskaniu odpowiedniej konsystencji w zale\u017cno\u015bci od zastosowania. Zaprawa CM 22 posiada bardzo du\u017c\u0105 odporno\u015b\u0107 na po\u015blizg, dzi\u0119ki czemu mo\u017cliwe jest klejenie du\u017cych, ci\u0119\u017ckich p\u0142yt nawet na powierzchniach pionowych bez konieczno\u015bci ich podpierania \u2013 praktycznie brak sp\u0142ywu, efektu osuwania si\u0119 p\u0142yt. Zaprawa Ceresit CM 22 w bardzo \u0142atwy spos\u00f3b rozrabia si\u0119 (100% homogeniczna), ponadto podczas nak\u0142adania posiada bardzo dobre parametry robocze tzn. po ka\u017cdorazowym przeci\u0105gni\u0119ciu pac\u0105 z\u0119bat\u0105 czynno\u015b\u0107 ta staje si\u0119 \u0142atwiejsza. Charakteryzuje si\u0119 r\u00f3wnie\u017c wysok\u0105 przyczepno\u015bci\u0105, bardzo dobrym i \u0142atwym rozp\u0142ywem pod p\u0142ytk\u0105, co zapewnia elastyczne po\u0142\u0105czenie p\u0142ytek z odkszta\u0142calnym pod\u0142o\u017cem, przenosz\u0105ce napr\u0119\u017cenia \u015bcinaj\u0105ce. Odpowiednia do stosowania na posadzkach ceramicznych, przemys\u0142owych, gdzie wyst\u0119puje du\u017ce obci\u0105\u017cenie eksploatacyjne wy\u0142o\u017cenia ceramicznego. W przypadku klejenia p\u0142ytek z marmuru i innych ska\u0142 grubokrystalicznych nale\u017cy zastosowa\u0107 zapraw\u0119 Ceresit CM 15 Marble&amp;Mosaic.<\/p>\n<p>&#8211; do wielkoformatowych p\u0142yt gresowych, ceramicznych i kamienia naturalnego (opr\u00f3cz marmuru) wewn\u0105trz i na zewn\u0105trz<br \/>\n&#8211; Zaprawa wzmocniona w\u0142\u00f3knami<br \/>\n&#8211; o bardzo du\u017cej tolerancji i zwi\u0119kszonej retencji wody (6,8\u20138,8 litr\u00f3w wody)<br \/>\n&#8211; grubowarstwowy do 20 mm<br \/>\n&#8211; odporna na odkszta\u0142cenia pod\u0142o\u017ca na balkonach, tarasach oraz ogrzewaniu pod\u0142ogowym,<br \/>\n&#8211; do basen\u00f3w i zbiornik\u00f3w z wod\u0105 pitn\u0105<br \/>\n&#8211; na hydroizolacje wewn\u0119trzne i zewn\u0119trzne<br \/>\n&#8211; brak efektu tzw. \u201ezapadania p\u0142ytki\u201d pod w\u0142asnym ci\u0119\u017carem<\/p>\n","protected":false},"excerpt":{"rendered":"<h3 style=\"color: #0099cc;\">Sprawd\u017a cen\u0119 i aktualny stan w sklepie<br \/>\n<strong>Kontakt:<\/strong> <a href=\"mailto:info@e-adams.pl\"><u><b>info@e-adams.pl<\/b><\/u><\/a><\/h3>\n","protected":false},"featured_media":12123,"comment_status":"open","ping_status":"closed","template":"","meta":{"_acf_changed":false,"inline_featured_image":false},"product_cat":[982],"product_tag":[158,764,950],"class_list":{"0":"post-12044","1":"product","2":"type-product","3":"status-publish","4":"has-post-thumbnail","6":"product_cat-kleje-do-plytek","7":"product_tag-ceresit","8":"product_tag-klej","9":"product_tag-materialy-budowlane","11":"first","12":"instock","13":"shipping-taxable","14":"purchasable","15":"product-type-simple"},"acf":[],"_links":{"self":[{"href":"https:\/\/e-adams.pl\/de\/wp-json\/wp\/v2\/product\/12044","targetHints":{"allow":["GET"]}}],"collection":[{"href":"https:\/\/e-adams.pl\/de\/wp-json\/wp\/v2\/product"}],"about":[{"href":"https:\/\/e-adams.pl\/de\/wp-json\/wp\/v2\/types\/product"}],"replies":[{"embeddable":true,"href":"https:\/\/e-adams.pl\/de\/wp-json\/wp\/v2\/comments?post=12044"}],"wp:featuredmedia":[{"embeddable":true,"href":"https:\/\/e-adams.pl\/de\/wp-json\/wp\/v2\/media\/12123"}],"wp:attachment":[{"href":"https:\/\/e-adams.pl\/de\/wp-json\/wp\/v2\/media?parent=12044"}],"wp:term":[{"taxonomy":"product_cat","embeddable":true,"href":"https:\/\/e-adams.pl\/de\/wp-json\/wp\/v2\/product_cat?post=12044"},{"taxonomy":"product_tag","embeddable":true,"href":"https:\/\/e-adams.pl\/de\/wp-json\/wp\/v2\/product_tag?post=12044"}],"curies":[{"name":"wp","href":"https:\/\/api.w.org\/{rel}","templated":true}]}}