{"id":12045,"date":"2018-11-28T11:36:23","date_gmt":"2018-11-28T10:36:23","guid":{"rendered":"https:\/\/e-adams.pl\/sklep\/klej-elastyczny-cm16-25kg\/"},"modified":"2024-07-15T11:31:14","modified_gmt":"2024-07-15T09:31:14","slug":"klej-elastyczny-ceresit-cm16-flexible-25kg","status":"publish","type":"product","link":"https:\/\/e-adams.pl\/de\/produkt\/klej-elastyczny-ceresit-cm16-flexible-25kg\/","title":{"rendered":"Klej elastyczny CERESIT CM16 FLEXIBLE &#8211; 25kg"},"content":{"rendered":"<h3>Klej elastyczny CERESIT CM16 FLEXIBLE &#8211; 25kg<\/h3>\n<p><strong>Elastyczna zaprawa klej\u0105ca do wszystkich typ\u00f3w p\u0142ytek na pod\u0142o\u017cach odkszta\u0142calnych<\/strong><\/p>\n<p><img loading=\"lazy\" decoding=\"async\" class=\"aligncenter size-full wp-image-12117\" src=\"https:\/\/e-adams.pl\/wp-content\/uploads\/2018\/11\/klej-elastyczny-ceresit-cm16-flexible-25kg-1.jpg\" alt=\"klej elastyczny ceresit \u017bary, Ceresit cm16 flexible, 25kg, Elastyczna zaprawa klej\u0105ca ceresit, ceresit cm 16, Adams \u017bary\" width=\"400\" height=\"400\" title=\"\"><\/p>\n<p style=\"text-align: justify;\">Zaprawa Ceresit CM 16 FLEXIBLE s\u0142u\u017cy do mocowania p\u0142ytek ceramicznych (glazura, terakota, gres), cementowych i kamiennych (opr\u00f3cz marmuru) na pod\u0142o\u017cach odkszta\u0142calnych. CM 16 polecana jest do mocowania p\u0142ytek na wiotkich \u015bciankach dzia\u0142owych, ogrzewanych pod\u0142ogach, elewacjach, tarasach i balkonach. Wysoka przyczepno\u015b\u0107 zaprawy sprawia, \u017ce zalecana jest ona do p\u0142ytek o nasi\u0105kliwo\u015bci &lt; 3%, np. gresowych oraz do mocowania p\u0142ytek na pod\u0142o\u017cach krytycznych (tylko wewn\u0105trz budynk\u00f3w): istniej\u0105cych p\u0142ytkach, mocnych i dobrze przyczepnych pow\u0142okach malarskich, pod\u0142o\u017cach gipsowych, anhydrytowych, betonie kom\u00f3rkowym. P\u0142ytki z marmuru i innych ska\u0142 grubokrystalicznych nale\u017cy mocowa\u0107 zapraw\u0105 Ceresit CM 15.<\/p>\n<p>&#8211; dzi\u0119ki zawarto\u015bci w\u0142\u00f3kien posiada lepsz\u0105 przyczepno\u015b\u0107, wy\u017csz\u0105 odkszta\u0142calno\u015b\u0107 i lepsze parametry robocze<br \/>\n&#8211; Zaprawa wzmocniona w\u0142\u00f3knami<br \/>\n&#8211; do p\u0142ytek gresowych, ceramicznych, cementowych i kamiennych, wewn\u0105trz i na zewn\u0105trz<br \/>\n&#8211; wysoka przyczepno\u015b\u0107 i odkszta\u0142calno\u015b\u0107 &#8211; klasa S1<br \/>\n&#8211; na pod\u0142o\u017ca odkszta\u0142calne: ogrzewanie pod\u0142ogowe, balkony i tarasy<br \/>\n&#8211; na trudne pod\u0142o\u017ca: OSB, stare p\u0142ytki<br \/>\n&#8211; na izolacje przeciwwilgociowe i przeciwwodne<br \/>\n&#8211; do du\u017cych p\u0142ytek do rozmiaru 80&#215;80 cm<br \/>\n&#8211; doskona\u0142y rozp\u0142yw pod p\u0142ytk\u0105<\/p>\n","protected":false},"excerpt":{"rendered":"<h3 style=\"color: #0099cc;\">Sprawd\u017a cen\u0119 i aktualny stan w sklepie<br \/>\n<strong>Kontakt:<\/strong> <a href=\"mailto:info@e-adams.pl\"><u><b>info@e-adams.pl<\/b><\/u><\/a><\/h3>\n","protected":false},"featured_media":12117,"comment_status":"open","ping_status":"closed","template":"","meta":{"_acf_changed":false,"inline_featured_image":false},"product_cat":[982],"product_tag":[158,764,950],"class_list":{"0":"post-12045","1":"product","2":"type-product","3":"status-publish","4":"has-post-thumbnail","6":"product_cat-kleje-do-plytek","7":"product_tag-ceresit","8":"product_tag-klej","9":"product_tag-materialy-budowlane","11":"first","12":"instock","13":"shipping-taxable","14":"purchasable","15":"product-type-simple"},"acf":[],"_links":{"self":[{"href":"https:\/\/e-adams.pl\/de\/wp-json\/wp\/v2\/product\/12045","targetHints":{"allow":["GET"]}}],"collection":[{"href":"https:\/\/e-adams.pl\/de\/wp-json\/wp\/v2\/product"}],"about":[{"href":"https:\/\/e-adams.pl\/de\/wp-json\/wp\/v2\/types\/product"}],"replies":[{"embeddable":true,"href":"https:\/\/e-adams.pl\/de\/wp-json\/wp\/v2\/comments?post=12045"}],"wp:featuredmedia":[{"embeddable":true,"href":"https:\/\/e-adams.pl\/de\/wp-json\/wp\/v2\/media\/12117"}],"wp:attachment":[{"href":"https:\/\/e-adams.pl\/de\/wp-json\/wp\/v2\/media?parent=12045"}],"wp:term":[{"taxonomy":"product_cat","embeddable":true,"href":"https:\/\/e-adams.pl\/de\/wp-json\/wp\/v2\/product_cat?post=12045"},{"taxonomy":"product_tag","embeddable":true,"href":"https:\/\/e-adams.pl\/de\/wp-json\/wp\/v2\/product_tag?post=12045"}],"curies":[{"name":"wp","href":"https:\/\/api.w.org\/{rel}","templated":true}]}}