{"id":12046,"date":"2018-11-28T11:36:24","date_gmt":"2018-11-28T10:36:24","guid":{"rendered":"https:\/\/e-adams.pl\/sklep\/klej-do-glazury-cm11-5-kg\/"},"modified":"2023-08-18T09:38:20","modified_gmt":"2023-08-18T07:38:20","slug":"klej-do-glazury-ceresit-cm11-5kg","status":"publish","type":"product","link":"https:\/\/e-adams.pl\/de\/produkt\/klej-do-glazury-ceresit-cm11-5kg\/","title":{"rendered":"Klej do glazury CERESIT CM11 &#8211; 5kg"},"content":{"rendered":"<h3>Klej do glazury CERESIT CM11 &#8211; 5kg<\/h3>\n<p><strong>Cienkowarstwowa zaprawa klej\u0105ca, uniwersalna<\/strong><br \/>\nKlej do p\u0142ytek ceramicznych i gresowych wewn\u0105trz, do pomieszcze\u0144 suchych i wilgotnych. Stabilny na powierzchniach pionowych \u2013 brak sp\u0142ywu, podwy\u017cszone parametry robocze.<\/p>\n<p><img loading=\"lazy\" decoding=\"async\" class=\"aligncenter size-full wp-image-12107\" src=\"https:\/\/e-adams.pl\/wp-content\/uploads\/2018\/11\/klej-do-glazury-ceresit-cm11-5kg.jpg\" alt=\"klej do glazury ceresit, Ceresit cm11 Zary, 5kg, kleje do gresu, kleje do p\u0142ytek \u017bary, \u017baga\u0144, Ceresit budowlanka\" width=\"400\" height=\"400\" title=\"\"><\/p>\n<p style=\"text-align: justify;\"><strong>TERAZ R\u00d3WNIE\u017b DO GRESU!<\/strong> Zaprawa Ceresit CM 11 s\u0142u\u017cy do mocowania p\u0142ytek ceramicznych (glazura, terakota), gresowych, cementowych i kamiennych (opr\u00f3cz marmuru), na nieodkszta\u0142calnych pod\u0142o\u017cach, takich jak: beton, jastrych cementowy, tynk cementowy i cementowo-wapienny. Mo\u017ce by\u0107 stosowana wewn\u0105trz budynk\u00f3w. W przypadku innych powierzchni, na pod\u0142o\u017cach odkszta\u0142calnych takich jak: p\u0142yty gipsowo-kartonowe, p\u0142yty wi\u00f3rowe, ogrzewane pod\u0142ogi, balkony, tarasy, stosowa\u0107 odpowiednie zaprawy klej\u0105ce CM.<\/p>\n","protected":false},"excerpt":{"rendered":"<h3 style=\"color: #0099cc;\">Sprawd\u017a cen\u0119 i aktualny stan w sklepie<br \/>\n<strong>Kontakt:<\/strong> <a href=\"mailto:info@e-adams.pl\"><u><b>info@e-adams.pl<\/b><\/u><\/a><\/h3>\n","protected":false},"featured_media":12109,"comment_status":"open","ping_status":"closed","template":"","meta":{"_acf_changed":false,"inline_featured_image":false},"product_cat":[982],"product_tag":[158,764,950],"class_list":{"0":"post-12046","1":"product","2":"type-product","3":"status-publish","4":"has-post-thumbnail","6":"product_cat-kleje-do-plytek","7":"product_tag-ceresit","8":"product_tag-klej","9":"product_tag-materialy-budowlane","11":"first","12":"onbackorder","13":"shipping-taxable","14":"product-type-simple"},"acf":[],"_links":{"self":[{"href":"https:\/\/e-adams.pl\/de\/wp-json\/wp\/v2\/product\/12046","targetHints":{"allow":["GET"]}}],"collection":[{"href":"https:\/\/e-adams.pl\/de\/wp-json\/wp\/v2\/product"}],"about":[{"href":"https:\/\/e-adams.pl\/de\/wp-json\/wp\/v2\/types\/product"}],"replies":[{"embeddable":true,"href":"https:\/\/e-adams.pl\/de\/wp-json\/wp\/v2\/comments?post=12046"}],"wp:featuredmedia":[{"embeddable":true,"href":"https:\/\/e-adams.pl\/de\/wp-json\/wp\/v2\/media\/12109"}],"wp:attachment":[{"href":"https:\/\/e-adams.pl\/de\/wp-json\/wp\/v2\/media?parent=12046"}],"wp:term":[{"taxonomy":"product_cat","embeddable":true,"href":"https:\/\/e-adams.pl\/de\/wp-json\/wp\/v2\/product_cat?post=12046"},{"taxonomy":"product_tag","embeddable":true,"href":"https:\/\/e-adams.pl\/de\/wp-json\/wp\/v2\/product_tag?post=12046"}],"curies":[{"name":"wp","href":"https:\/\/api.w.org\/{rel}","templated":true}]}}