{"id":12047,"date":"2018-11-28T11:36:25","date_gmt":"2018-11-28T10:36:25","guid":{"rendered":"https:\/\/e-adams.pl\/sklep\/adesilex-p9-klej-elastyczny-szary-25kg-mapei\/"},"modified":"2024-07-15T11:31:10","modified_gmt":"2024-07-15T09:31:10","slug":"klej-elastyczny-mapei-adesilex-p9-25kg","status":"publish","type":"product","link":"https:\/\/e-adams.pl\/de\/produkt\/klej-elastyczny-mapei-adesilex-p9-25kg\/","title":{"rendered":"Klej elastyczny MAPEI ADESILEX P9 &#8211; 25kg"},"content":{"rendered":"<h3>Klej elastyczny MAPEI ADESILEX P9 &#8211; 25kg<\/h3>\n<p><strong>Klej cementowy do wszystkich rodzaj\u00f3w p\u0142ytek ceramicznych oraz kamienia naturalnego<\/strong><br \/>\nKlej cementowy o podwy\u017cszonych parametrach, zmniejszonym sp\u0142ywie i wyd\u0142u\u017conym czasie schni\u0119cia otwartego, do wszystkich rodzaj\u00f3w p\u0142ytek ceramicznych oraz kamienia naturalnego.<\/p>\n<p><img loading=\"lazy\" decoding=\"async\" class=\"aligncenter size-full wp-image-12069\" src=\"https:\/\/e-adams.pl\/wp-content\/uploads\/2018\/11\/klej-elastyczny-mapei-adesilex-p9.jpg\" alt=\"klej elastyczny Adams \u017bary, Kleje elastyczne mapei, Mapei adesilex p9, klej elastyczny szary, sklep budowlany kleje elastyczne\" width=\"400\" height=\"400\" title=\"\"><\/p>\n<p style=\"text-align: justify;\">Klej Adesilex P9 jest przeznaczony do cienkowarstwowego przyklejania p\u0142ytek ceramicznych (glazury, terakoty, gresu, klinkieru, kamionki, p\u0142ytek typu cotto, mozaiki ceramicznej) oraz p\u0142ytek kamiennych i betonowych (pod warunkiem, \u017ce nie s\u0105 wra\u017cliwe na wilgo\u0107) wewn\u0105trz i na zewn\u0105trz zar\u00f3wno na powierzchniach pionowych, jak i poziomych. Adesilex P9 jest rekomendowany w szczeg\u00f3lno\u015bci do monta\u017cu ok\u0142adzin ma\u0142ego i \u015bredniego formatu, na pod\u0142o\u017cach nara\u017conych na intensywne u\u017cytkowanie i oddzia\u0142ywanie niekorzystnych warunk\u00f3w atmosferycznych (klatki schodowe, powierzchnie handlowe, ogrzewanie pod\u0142ogowe, balkony, tarasy, elewacje itp.).<\/p>\n<p style=\"text-align: justify;\">Adesilex P9 nadaje si\u0119 r\u00f3wnie\u017c do klejenia materia\u0142\u00f3w izolacyjnych takich jak p\u0142yty styropianowe, p\u0142yty z we\u0142ny mineralnej i szklanej, Eraclit\u00ae, p\u0142yty d\u017awi\u0119koch\u0142onne, itp. Adesilex P9 w kolorze bia\u0142ym przeznaczony jest w szczeg\u00f3lno\u015bci do stosowania wsz\u0119dzie tam, gdzie ze wzgl\u0119du na rodzaj u\u017cytych materia\u0142\u00f3w oraz konieczno\u015b\u0107 zachowania wysokiej estetyki prac, zalecane jest zastosowanie bia\u0142ego kleju.<\/p>\n<h3>Przyk\u0142ady zastosowania<\/h3>\n<p>Klejenie ww. materia\u0142\u00f3w na nast\u0119puj\u0105cych pod\u0142o\u017cach:<br \/>\n\u2013 tynkach cementowych i cementowo wapiennych;<br \/>\n\u2013 odpowiednio wysezonowanych podk\u0142adach (jastrychach) cementowych;<br \/>\n\u2013 betonie (sezonowanym przez min. 3 miesi\u0105ce, wilgotno\u015b\u0107 poni\u017cej 4%);<br \/>\n\u2013 jednowarstwowych tynkach gipsowych oraz p\u0142ytach gipsowo \u2013 kartonowych i gipsowo w\u0142\u00f3knowych<br \/>\n\u2013 podk\u0142adach anhydrytowych<br \/>\n\u2013 tarasach, balkonach, elewacjach i schodach;<br \/>\n\u2013 pod\u0142ogach ogrzewanych;<br \/>\n\u2013 pow\u0142okach hydroizolacyjnych: Monolastic, Mapelastic, Mapelastic Turbo, Mapelastic Smart, Mapegum WPS;<br \/>\n\u2013 istniej\u0105cych posadzkach ceramicznych, lastrykowych i kamiennych wewn\u0105trz budynk\u00f3w.<br \/>\n\u2013 dobrze przylegaj\u0105cych, starych pow\u0142okach malarskich wewn\u0105trz budynk\u00f3w,<br \/>\n\u2013 jednorodnych, r\u00f3wnych i zaspoinowanych, wewn\u0119trznych murach z ceg\u0142y ceramicznej, bloczk\u00f3w silikatowych i betonu kom\u00f3rkowego.<\/p>\n","protected":false},"excerpt":{"rendered":"<h3 style=\"color: #0099cc;\">Sprawd\u017a cen\u0119 i aktualny stan w sklepie<br \/>\n<strong>Kontakt:<\/strong> <a href=\"mailto:info@e-adams.pl\"><u><b>info@e-adams.pl<\/b><\/u><\/a><\/h3>\n","protected":false},"featured_media":12069,"comment_status":"open","ping_status":"closed","template":"","meta":{"_acf_changed":false,"inline_featured_image":false},"product_cat":[982],"product_tag":[764,984,950],"class_list":{"0":"post-12047","1":"product","2":"type-product","3":"status-publish","4":"has-post-thumbnail","6":"product_cat-kleje-do-plytek","7":"product_tag-klej","8":"product_tag-mapei","9":"product_tag-materialy-budowlane","11":"first","12":"instock","13":"shipping-taxable","14":"purchasable","15":"product-type-simple"},"acf":[],"_links":{"self":[{"href":"https:\/\/e-adams.pl\/de\/wp-json\/wp\/v2\/product\/12047","targetHints":{"allow":["GET"]}}],"collection":[{"href":"https:\/\/e-adams.pl\/de\/wp-json\/wp\/v2\/product"}],"about":[{"href":"https:\/\/e-adams.pl\/de\/wp-json\/wp\/v2\/types\/product"}],"replies":[{"embeddable":true,"href":"https:\/\/e-adams.pl\/de\/wp-json\/wp\/v2\/comments?post=12047"}],"wp:featuredmedia":[{"embeddable":true,"href":"https:\/\/e-adams.pl\/de\/wp-json\/wp\/v2\/media\/12069"}],"wp:attachment":[{"href":"https:\/\/e-adams.pl\/de\/wp-json\/wp\/v2\/media?parent=12047"}],"wp:term":[{"taxonomy":"product_cat","embeddable":true,"href":"https:\/\/e-adams.pl\/de\/wp-json\/wp\/v2\/product_cat?post=12047"},{"taxonomy":"product_tag","embeddable":true,"href":"https:\/\/e-adams.pl\/de\/wp-json\/wp\/v2\/product_tag?post=12047"}],"curies":[{"name":"wp","href":"https:\/\/api.w.org\/{rel}","templated":true}]}}