{"id":12048,"date":"2018-11-28T11:36:27","date_gmt":"2018-11-28T10:36:27","guid":{"rendered":"https:\/\/e-adams.pl\/sklep\/kerabond-t-klej-do-gresu-mapei-25kg\/"},"modified":"2023-08-18T09:38:06","modified_gmt":"2023-08-18T07:38:06","slug":"klej-do-gresu-mapei-kerabond-t-25kg","status":"publish","type":"product","link":"https:\/\/e-adams.pl\/de\/produkt\/klej-do-gresu-mapei-kerabond-t-25kg\/","title":{"rendered":"Klej do gresu MAPEI KERABOND T &#8211; 25kg"},"content":{"rendered":"<h3>Klej do gresu MAPEI KERABOND T &#8211; 25kg<\/h3>\n<p><strong>Cementowa zaprawa klej\u0105ca normalnie wi\u0105\u017c\u0105ca, o zmniejszonym sp\u0142ywie, typu i klasy C1T<\/strong><br \/>\nCementowa zaprawa klej\u0105ca do p\u0142ytek ceramicznych i gresu bez efektu osuwania si\u0119 p\u0142ytek<\/p>\n<p><img loading=\"lazy\" decoding=\"async\" class=\"aligncenter size-full wp-image-12104\" src=\"https:\/\/e-adams.pl\/wp-content\/uploads\/2018\/11\/klej-do-gresu-mapei-kerabond-t-25kg.jpg\" alt=\"klej do gresu mapei, Mapei kerabond t, klej do gresu 25kg, zaprawa klej\u0105ca do gresu, kleje do gres\u00f3w, klej do gres\u00f3w sklep \u017bary\" width=\"400\" height=\"400\" title=\"\"><\/p>\n<p style=\"text-align: justify;\">Mapei Kerabond T s\u0142u\u017cy do klejenia p\u0142ytek ceramicznych, gresu i niewra\u017cliwego na wilgo\u0107 kamienia naturalnego, na zewn\u0105trz i wewn\u0105trz budynku, na posadzkach, \u015bcianach i sufitach pod warunkiem, \u017ce pod\u0142o\u017ce jest stabilne, no\u015bne i ch\u0142onne. Klej mo\u017cna r\u00f3wnie\u017c stosowa\u0107 do klejenia punktowego materia\u0142\u00f3w izolacyjnych, takich jak p\u0142yty styropianowe, p\u0142yty z we\u0142ny mineralnej i szklanej, panele d\u017awi\u0119koch\u0142onne.<\/p>\n<p style=\"text-align: justify;\">Kerabond T jest proszkow\u0105 zapraw\u0105 klej\u0105c\u0105 w kolorze szarym lub bia\u0142ym sk\u0142adaj\u0105c\u0105 si\u0119 z cementu, drobnoziarnistego kruszywa, \u017cywic syntetycznych i specjalnych dodatk\u00f3w opracowanych w laboratoriach badawczych MAPEI. Kerabond T po rozrobieniu z wod\u0105 staje si\u0119 zapraw\u0105 klej\u0105c\u0105 \u0142atw\u0105 w nanoszeniu, o du\u017cej przyczepno\u015bci, kt\u00f3ra mo\u017ce by\u0107 stosowana na powierzchniach pionowych bez efektu osuwania si\u0119 p\u0142ytek pionowych bez efektu osuwania si\u0119 p\u0142ytek. Produkt wysycha bezskurczowo, uzyskuj\u0105c dobr\u0105 wytrzyma\u0142o\u015b\u0107 i dobr\u0105 przyczepno\u015b\u0107 do pod\u0142o\u017ca.<\/p>\n<h3>ZASTOSOWANIE<\/h3>\n<p>Monta\u017c \u015bciennych i pod\u0142ogowych p\u0142ytek ceramicznych, gresu, mozaiki ceramicznej na siatce lub papierze, klinkieru, kamienia naturalnego niewra\u017cliwego na wilgo\u0107, na:<br \/>\n&#8211; tynkach cementowych i cementowo-wapiennych;<br \/>\n&#8211; jednowarstwowych tynkach gipsowych;<br \/>\n&#8211; podk\u0142adach cementowych;<br \/>\n&#8211; podk\u0142adach anhydrytowych przeszlifowanych i zagruntowanych wcze\u015bniej Primer G lub Eco Prim T.<\/p>\n<h3>ZALECENIA<\/h3>\n<p>Stosowa\u0107 Kerabond T z emulsj\u0105 Isolastic<br \/>\nw nast\u0119puj\u0105cych przypadkach:<br \/>\n&#8211; na prefabrykowane p\u0142yty betonowe i konstrukcje \u017celbetowe;<br \/>\n&#8211; na pod\u0142o\u017ca z ogrzewaniem pod\u0142ogowym;<br \/>\n&#8211; do monta\u017cu p\u0142ytek wielkoformatowych;<br \/>\n&#8211; do monta\u017cu mozaiki szklanej;<br \/>\n&#8211; do monta\u017cu ok\u0142adzin ceramicznych na pod\u0142o\u017cach odkszta\u0142calnych;<br \/>\n&#8211; do monta\u017cu p\u0142ytek nasi\u0105kliwych, o ma\u0142ej odporno\u015bci na wilgo\u0107.<\/p>\n<p>Nie stosowa\u0107 Kerabond T w nast\u0119puj\u0105cych przypadkach:<br \/>\n&#8211; na pod\u0142o\u017ca drewniane;<br \/>\n&#8211; na powierzchnie metalowe, gumowe, PVC, linoleum;<br \/>\n&#8211; przy monta\u017cu p\u0142ytek ceramicznych, gdzie warstwa kleju przekracza 5 mm;<br \/>\n&#8211; gdzie wymagana jest szybka mo\u017cliwo\u015b\u0107 obci\u0105\u017cenia ruchem pieszym;<br \/>\n&#8211; przy klejeniu nienasi\u0105kliwych p\u0142ytek na nienasi\u0105kliwych pod\u0142o\u017cach;<br \/>\n&#8211; na pod\u0142o\u017ca odkszta\u0142calne lub nara\u017cone na silne ruchy poprzeczne i wibracje.<\/p>\n","protected":false},"excerpt":{"rendered":"<h3 style=\"color: #0099cc;\">Sprawd\u017a cen\u0119 i aktualny stan w sklepie<br \/>\n<strong>Kontakt:<\/strong> <a href=\"mailto:info@e-adams.pl\"><u><b>info@e-adams.pl<\/b><\/u><\/a><\/h3>\n","protected":false},"featured_media":12104,"comment_status":"open","ping_status":"closed","template":"","meta":{"_acf_changed":false,"inline_featured_image":false},"product_cat":[982],"product_tag":[764,984,950],"class_list":{"0":"post-12048","1":"product","2":"type-product","3":"status-publish","4":"has-post-thumbnail","6":"product_cat-kleje-do-plytek","7":"product_tag-klej","8":"product_tag-mapei","9":"product_tag-materialy-budowlane","11":"first","12":"onbackorder","13":"shipping-taxable","14":"product-type-simple"},"acf":[],"_links":{"self":[{"href":"https:\/\/e-adams.pl\/de\/wp-json\/wp\/v2\/product\/12048","targetHints":{"allow":["GET"]}}],"collection":[{"href":"https:\/\/e-adams.pl\/de\/wp-json\/wp\/v2\/product"}],"about":[{"href":"https:\/\/e-adams.pl\/de\/wp-json\/wp\/v2\/types\/product"}],"replies":[{"embeddable":true,"href":"https:\/\/e-adams.pl\/de\/wp-json\/wp\/v2\/comments?post=12048"}],"wp:featuredmedia":[{"embeddable":true,"href":"https:\/\/e-adams.pl\/de\/wp-json\/wp\/v2\/media\/12104"}],"wp:attachment":[{"href":"https:\/\/e-adams.pl\/de\/wp-json\/wp\/v2\/media?parent=12048"}],"wp:term":[{"taxonomy":"product_cat","embeddable":true,"href":"https:\/\/e-adams.pl\/de\/wp-json\/wp\/v2\/product_cat?post=12048"},{"taxonomy":"product_tag","embeddable":true,"href":"https:\/\/e-adams.pl\/de\/wp-json\/wp\/v2\/product_tag?post=12048"}],"curies":[{"name":"wp","href":"https:\/\/api.w.org\/{rel}","templated":true}]}}