{"id":12051,"date":"2018-11-28T11:36:30","date_gmt":"2018-11-28T10:36:30","guid":{"rendered":"https:\/\/e-adams.pl\/sklep\/atlas-klej-plus-bialy-25kg-klej-odksztalcalny\/"},"modified":"2024-02-15T11:48:54","modified_gmt":"2024-02-15T10:48:54","slug":"klej-wysokoelastyczny-atlas-plus-bialy-25kg","status":"publish","type":"product","link":"https:\/\/e-adams.pl\/de\/produkt\/klej-wysokoelastyczny-atlas-plus-bialy-25kg\/","title":{"rendered":"Klej wysokoelastyczny ATLAS PLUS BIA\u0141Y &#8211; 25kg"},"content":{"rendered":"<h3>Klej wysokoelastyczny ATLAS PLUS BIA\u0141Y &#8211; 25kg<\/h3>\n<p><strong>klej wysokoelastyczny odkszta\u0142calny (2-10 mm), typ C2TE S1,<br \/>\ngrubo\u015b\u0107 stosowanej warstwy:<\/strong> 2 &#8211; 10 mm<br \/>\nDo kamienia naturalnego i jasnych p\u0142ytek, na najtrudniejsze pod\u0142o\u017ca, wielko\u015b\u0107 p\u0142ytek bez ogranicze\u0144.<\/p>\n<p><img loading=\"lazy\" decoding=\"async\" class=\"aligncenter size-full wp-image-12084\" src=\"https:\/\/e-adams.pl\/wp-content\/uploads\/2018\/11\/klej-wysokoelastyczny-atlas-plus-bialy-25kg.jpg\" alt=\"klej wysokoelastyczny \u017bary, Klej wysokoelastyczny atlas plus bia\u0142y, 25kg, klej odkszta\u0142calny do p\u0142ytek, klej elastyczny na trudne pod\u0142o\u017ca, klej elastyczny bia\u0142y\" width=\"400\" height=\"400\" title=\"\"><\/p>\n<p style=\"text-align: justify;\">W recepturze kleju ATLAS PLUS BIA\u0141Y zastosowano technologi\u0119 polimerow\u0105. Dzi\u0119ki wysokiej zawarto\u015bci redyspergowalnych \u017cywic polimerowych, klej cementowy uzyskuje unikalne w\u0142a\u015bciwo\u015bci, czyni\u0105ce go produktem o najwy\u017cszych parametrach technicznych i eksploatacyjnych, gwarantuj\u0105c trwa\u0142o\u015b\u0107 przez d\u0142ugie lata. Obecno\u015b\u0107 polimer\u00f3w zapewnia uzyskanie wysokiej przyczepno\u015bci ka\u017cdej ok\u0142adziny do ka\u017cdego pod\u0142o\u017ca, tak\u017ce do tzw. pod\u0142o\u017cy trudnych i krytycznych. Dzi\u0119ki przeplataniu si\u0119 sieci polimerowej z sieci\u0105 nieorganicznych wi\u0105za\u0144 hydratacyjnych cementu, klej uzyskuje wyj\u0105tkowe parametry. Zastosowanie bia\u0142ego cementu ogranicza wyst\u0105pienie przebarwie\u0144 ok\u0142adziny.<br \/>\nWykorzystanie technologii polimerowej to korzy\u015bci w postaci:<br \/>\n&#8211; mo\u017cliwo\u015bci przyklejenia ok\u0142adzin ka\u017cdego typu, zar\u00f3wno nasi\u0105kliwych jak i nienasi\u0105kliwych<br \/>\n&#8211; mo\u017cliwo\u015b\u0107 przyklejania p\u0142ytek na tzw. trudnych pod\u0142o\u017cach w tym p\u0142yty OSB, g-k, stare p\u0142ytki \u201eok\u0142adzina na ok\u0142adzin\u0119\u201d a tak\u017ce nara\u017conych na du\u017ce i bardzo du\u017ce obci\u0105\u017cenia mechaniczne oraz termiczne, dzi\u0119ki wysokiej odkszta\u0142calno\u015bci<br \/>\n&#8211; wyj\u0105tkowa plastyczno\u015b\u0107 i jednorodno\u015b\u0107 masy \u2013 klej \u0142atwo si\u0119 urabia oraz doskonale rozprowadza po powierzchni<\/p>\n<h3>W\u0141A\u015aCIWO\u015aCI<\/h3>\n<p>&#8211; bia\u0142y<br \/>\n&#8211; chroni przez przebarwieniami<br \/>\n&#8211; zawiera bia\u0142y cement<br \/>\n&#8211; wysoce elastyczny<br \/>\n&#8211; klejenie p\u0142ytek &#8222;od g\u00f3ry&#8220;<br \/>\n&#8211; wyd\u0142u\u017cony czas otwarty<\/p>\n","protected":false},"excerpt":{"rendered":"<h3 style=\"color: #0099cc;\">Sprawd\u017a cen\u0119 i aktualny stan w sklepie<br \/>\n<strong>Kontakt:<\/strong> <a href=\"mailto:info@e-adams.pl\"><u><b>info@e-adams.pl<\/b><\/u><\/a><\/h3>\n","protected":false},"featured_media":12084,"comment_status":"open","ping_status":"closed","template":"","meta":{"_acf_changed":false,"inline_featured_image":false},"product_cat":[982],"product_tag":[265,764,950],"class_list":{"0":"post-12051","1":"product","2":"type-product","3":"status-publish","4":"has-post-thumbnail","6":"product_cat-kleje-do-plytek","7":"product_tag-atlas","8":"product_tag-klej","9":"product_tag-materialy-budowlane","11":"first","12":"outofstock","13":"shipping-taxable","14":"purchasable","15":"product-type-simple"},"acf":[],"_links":{"self":[{"href":"https:\/\/e-adams.pl\/de\/wp-json\/wp\/v2\/product\/12051","targetHints":{"allow":["GET"]}}],"collection":[{"href":"https:\/\/e-adams.pl\/de\/wp-json\/wp\/v2\/product"}],"about":[{"href":"https:\/\/e-adams.pl\/de\/wp-json\/wp\/v2\/types\/product"}],"replies":[{"embeddable":true,"href":"https:\/\/e-adams.pl\/de\/wp-json\/wp\/v2\/comments?post=12051"}],"wp:featuredmedia":[{"embeddable":true,"href":"https:\/\/e-adams.pl\/de\/wp-json\/wp\/v2\/media\/12084"}],"wp:attachment":[{"href":"https:\/\/e-adams.pl\/de\/wp-json\/wp\/v2\/media?parent=12051"}],"wp:term":[{"taxonomy":"product_cat","embeddable":true,"href":"https:\/\/e-adams.pl\/de\/wp-json\/wp\/v2\/product_cat?post=12051"},{"taxonomy":"product_tag","embeddable":true,"href":"https:\/\/e-adams.pl\/de\/wp-json\/wp\/v2\/product_tag?post=12051"}],"curies":[{"name":"wp","href":"https:\/\/api.w.org\/{rel}","templated":true}]}}