{"id":12054,"date":"2018-11-28T11:36:33","date_gmt":"2018-11-28T10:36:33","guid":{"rendered":"https:\/\/e-adams.pl\/sklep\/klej-elastyczny-do-gresow-h40-nolimits-szary-25-kg\/"},"modified":"2024-07-15T11:31:14","modified_gmt":"2024-07-15T09:31:14","slug":"klej-elastyczny-kerakoll-h40-nolimits-szary-25kg","status":"publish","type":"product","link":"https:\/\/e-adams.pl\/de\/produkt\/klej-elastyczny-kerakoll-h40-nolimits-szary-25kg\/","title":{"rendered":"Klej elastyczny KERAKOLL H40 NOLIMITS SZARY &#8211; 25kg"},"content":{"rendered":"<h3>Klej elastyczny KERAKOLL NOLIMITS SZARY &#8211; 25kg<\/h3>\n<p><strong>Uniwersalna elastyczna zaprawa klejowa Kerakoll H40 Bez Limit\u00f3w<\/strong><br \/>\nSuperelastyczny klej \u017celowy, wielofunkcyjny, na bazie wyj\u0105tkowego geospoiwa Kerakoll, przeznaczony do klejenia wszystkich typ\u00f3w materia\u0142\u00f3w na wszelkiego rodzaju pod\u0142o\u017cach, przy ka\u017cdym rodzaju zastosowania, r\u00f3wnie\u017c w warunkach ekstremalnych, mrozoodporny.<\/p>\n<p><img loading=\"lazy\" decoding=\"async\" class=\"aligncenter size-full wp-image-12098\" src=\"https:\/\/e-adams.pl\/wp-content\/uploads\/2018\/11\/klej-elastyczny-kerakoll-nolimits-szary-25kg.jpg\" alt=\"klej elastyczny kerakoll \u017bary, Kerakoll nolimits szary 25kg, Kerakoll H40, Kerakoll bez limit\u00f3w, klej elastyczny, klej \u017celowy, zaprawa klejowa, kleje \u017celowe \u017bary, klej geosynteza mikrokrystaliczna, Adams \u017bary, H40 NO LIMITS\" width=\"400\" height=\"400\" title=\"\"><\/p>\n<p style=\"text-align: justify;\">Ekokompatybilny Klej \u017celowy H40 Bez Limit\u00f3w to produkt do u\u017cytku profesjonalnego &#8211; przestrzega\u0107 wszelkich norm i przepis\u00f3w krajowych &#8211; nie stosowa\u0107 kleju przy nierowno\u015bciach pod\u0142o\u017ca wi\u0119kszych ni\u017c 15 mm &#8211; chroni\u0107 przed opadami deszczu co najmniej przez 24 h &#8211; temperatura, wentylacja, nasi\u0105kliwo\u015b\u0107 pod\u0142o\u017ca i uk\u0142adanego materia\u0142u mog\u0105 zmienia\u0107 czas obrabialno\u015bci i wi\u0105zania kleju &#8211; u\u017cywa\u0107 pacy z\u0119batej odpowiedniej dla danego formatu p\u0142ytek &#8211; zapewni\u0107 ca\u0142kowite pokrycie rewersu p\u0142ytki przy ka\u017cdym uk\u0142adaniu na zewn\u0105trz &#8211; w razie potrzeby za\u017c\u0105da\u0107 karty bezpiecze\u0144stwa.<\/p>\n<h3>MATERIA\u0141Y<\/h3>\n<p style=\"text-align: justify;\">H40 Bez Limit\u00f3w to pewno\u015b\u0107: przykleja wszystkie materia\u0142y, w ka\u017cdym formacie i ka\u017cdej grubo\u015bci. H40 No Limits zawsze daje pewno\u015b\u0107, przy ka\u017cdym materiale, formacie i grubo\u015bci. Produkt przetestowany taki spos\u00f3b, \u017ceby poradzi\u0142 sobie ze wszystkimi materia\u0142ami takimi jak:<\/p>\n<table style=\"border-collapse: collapse; width: 100%;\" border=\"0\">\n<tbody>\n<tr>\n<td style=\"width: 50%;\">&#8211; gres porcelanowy<br \/>\n&#8211; marmury &#8211; kamienie naturalne<br \/>\n&#8211; gres laminowany<br \/>\n&#8211; kompozyty<br \/>\n&#8211; p\u0142yty pocienion<br \/>\n&#8211; mozaika szklana<\/td>\n<td style=\"width: 50%;\">&#8211; p\u0142ytki ceramiczne<br \/>\n&#8211; p\u0142ytki szklane<br \/>\n&#8211; du\u017ce formaty<br \/>\n&#8211; materia\u0142y do izolacji termo-akustycznej<br \/>\n&#8211; p\u0142yty 300 x 150 cm<br \/>\n&#8211; terakota &#8211; klinkier<\/td>\n<\/tr>\n<\/tbody>\n<\/table>\n<h3>POD\u0141O\u017bA<\/h3>\n<p style=\"text-align: justify;\">H40 Bez Limit\u00f3w codziennie mierzy si\u0119 z ekstremalnymi i najtrudniejszymi pod\u0142o\u017cami. Jest najpewniejszym klejem w swojej kategorii, obmy\u015blonym z pasj\u0105 osoby, kt\u00f3ra codziennie jest blisko p\u0142ytkarzy. Mo\u017ce by\u0107 stosowany na pod\u0142o\u017cach takich jak:<\/p>\n<table style=\"border-collapse: collapse; width: 100%;\" border=\"0\">\n<tbody>\n<tr>\n<td style=\"width: 50%;\">&#8211; istniej\u0105ce p\u0142ytki<br \/>\n&#8211; hydroizolacje<br \/>\n&#8211; ogrzewanie pod\u0142ogowe<br \/>\n&#8211; jastrychy cementowe<br \/>\n&#8211; jastrychy asfaltowe<br \/>\n&#8211; beton<br \/>\n&#8211; p\u0142yty gipsowo-kartonowe<br \/>\n&#8211; p\u0142yty cementowo-w\u0142\u00f3knowe<br \/>\n&#8211; gips i anhydryt<\/td>\n<td style=\"width: 50%;\">&#8211; beton kom\u00f3rkowy<br \/>\n&#8211; ceg\u0142y<br \/>\n&#8211; tynki cementowe i wapienne<br \/>\n&#8211; systemy ocieple\u0144<br \/>\n&#8211; p\u0142yty izolacyjne<br \/>\n&#8211; maty d\u017awi\u0119koch\u0142onne<br \/>\n&#8211; drewno<br \/>\n&#8211; metal<br \/>\n&#8211; pcv<\/td>\n<\/tr>\n<\/tbody>\n<\/table>\n<h3>ZASTOSOWANIE<\/h3>\n<p style=\"text-align: justify;\">H40 Bez Limit\u00f3w jest jedyny i niezr\u00f3wnany: si\u0142a i wytrzyma\u0142o\u015b\u0107 to parametry czystej technologii, kt\u00f3re zawsze, nawet w najbardziej ekstremalnych warunkach, daj\u0105 poczucie pewno\u015bci. Z H40 NOLIMITS nie ma limit\u00f3w, s\u0105 tylko wyzwania, kt\u00f3rym mo\u017cna sprosta\u0107. Nie stanowi\u0105 dla niego wyzwania, projekty takie jak:<\/p>\n<table style=\"border-collapse: collapse; width: 100%;\" border=\"0\">\n<tbody>\n<tr>\n<td style=\"width: 50%;\">&#8211; klej i szpachla<br \/>\n&#8211; pod\u0142ogi i \u015bciany<br \/>\n&#8211; wewn\u0105trz &#8211; na zewn\u0105trz<br \/>\n&#8211; &#8222;p\u0142ytka na p\u0142ytk\u0119&#8220;<br \/>\n&#8211; tarasy i balkony<br \/>\n&#8211; elewacje<\/td>\n<td style=\"width: 50%;\">&#8211; baseny i fontanny<br \/>\n&#8211; sauny i spa<br \/>\n&#8211; mieszkalnictwo<br \/>\n&#8211; budownictwo handlowe<br \/>\n&#8211; parkiet przemys\u0142owy<br \/>\n&#8211; infrastruktura miejska<\/td>\n<\/tr>\n<\/tbody>\n<\/table>\n","protected":false},"excerpt":{"rendered":"<h3 style=\"color: #0099cc;\">Sprawd\u017a cen\u0119 i aktualny stan w sklepie<br \/>\n<strong>Kontakt:<\/strong> <a href=\"mailto:info@e-adams.pl\"><u><b>info@e-adams.pl<\/b><\/u><\/a><\/h3>\n","protected":false},"featured_media":12098,"comment_status":"open","ping_status":"closed","template":"","meta":{"_acf_changed":false,"inline_featured_image":false},"product_cat":[982],"product_tag":[986,764,950],"class_list":{"0":"post-12054","1":"product","2":"type-product","3":"status-publish","4":"has-post-thumbnail","6":"product_cat-kleje-do-plytek","7":"product_tag-kerakoll","8":"product_tag-klej","9":"product_tag-materialy-budowlane","11":"first","12":"instock","13":"shipping-taxable","14":"purchasable","15":"product-type-simple"},"acf":[],"_links":{"self":[{"href":"https:\/\/e-adams.pl\/de\/wp-json\/wp\/v2\/product\/12054","targetHints":{"allow":["GET"]}}],"collection":[{"href":"https:\/\/e-adams.pl\/de\/wp-json\/wp\/v2\/product"}],"about":[{"href":"https:\/\/e-adams.pl\/de\/wp-json\/wp\/v2\/types\/product"}],"replies":[{"embeddable":true,"href":"https:\/\/e-adams.pl\/de\/wp-json\/wp\/v2\/comments?post=12054"}],"wp:featuredmedia":[{"embeddable":true,"href":"https:\/\/e-adams.pl\/de\/wp-json\/wp\/v2\/media\/12098"}],"wp:attachment":[{"href":"https:\/\/e-adams.pl\/de\/wp-json\/wp\/v2\/media?parent=12054"}],"wp:term":[{"taxonomy":"product_cat","embeddable":true,"href":"https:\/\/e-adams.pl\/de\/wp-json\/wp\/v2\/product_cat?post=12054"},{"taxonomy":"product_tag","embeddable":true,"href":"https:\/\/e-adams.pl\/de\/wp-json\/wp\/v2\/product_tag?post=12054"}],"curies":[{"name":"wp","href":"https:\/\/api.w.org\/{rel}","templated":true}]}}