{"id":12055,"date":"2018-11-28T11:36:35","date_gmt":"2018-11-28T10:36:35","guid":{"rendered":"https:\/\/e-adams.pl\/sklep\/bioflex-klej-elastyczny-do-gresowbialy-b01-25-kg\/"},"modified":"2023-08-18T09:35:27","modified_gmt":"2023-08-18T07:35:27","slug":"klej-elastyczny-kerakoll-bioflex-bialy-25kg","status":"publish","type":"product","link":"https:\/\/e-adams.pl\/de\/produkt\/klej-elastyczny-kerakoll-bioflex-bialy-25kg\/","title":{"rendered":"Klej elastyczny KERAKOLL BIOFLEX BIA\u0141Y &#8211; 25kg"},"content":{"rendered":"<h3>Klej elastyczny KERAKOLL BIOFLEX BIA\u0141Y &#8211; 25kg<\/h3>\n<p><strong>Elastyczny klej mineralny do gresu porcelanowego, ceramiki i kamieni naturalnych<\/strong><\/p>\n<p><img loading=\"lazy\" decoding=\"async\" class=\"aligncenter size-full wp-image-12091\" src=\"https:\/\/e-adams.pl\/wp-content\/uploads\/2018\/11\/klej-elastyczny-kerakoll-bioflex-bialy-25kg.jpg\" alt=\"klej elastyczny do gres\u00f3w \u017bary, Klej elastyczny kerakoll bioflex bia\u0142y, 25kg, kleje elastyczne do gres\u00f3w, bia\u0142y klej elastyczny\" width=\"400\" height=\"400\" title=\"\"><\/p>\n<p style=\"text-align: justify;\">Elastyczny klej mineralny, do wysokiej klasy klejenia gresu porcelanowego, ceramiki i kamieni naturalnych, przy zerowym sp\u0142ywaniu pionowym i d\u0142ugim czasie otwartym, mrozoodporny, ekokompatybilny o najni\u017cszej zawarto\u015bci dodatk\u00f3w chemicznych.<br \/>\n&#8211; <strong>Z Bentonitem Mineralnym<\/strong>:<br \/>\nbioflex\u00ae zawiera ekskluzywny bentonit mineralny, kt\u00f3ry w kontakcie z wod\u0105 zarobow\u0105 przekszta\u0142ca si\u0119 w wysoce tiksotropowy klej, utrzymuj\u0105cy kszta\u0142t i grubo\u015b\u0107 warstwy pod p\u0142ytk\u0105 oraz gwarantuje niezr\u00f3wnanie \u0142atwe nak\u0142adanie.<br \/>\n&#8211; <strong>Z Wapnem Naturalnym NHL<\/strong>:<br \/>\nbioflex\u00ae zawiera cement mineralny ulepszony naturalnym wapnem hydraulicznym nhl, kt\u00f3re nadaje wi\u0119ksz\u0105 plastyczno\u015b\u0107 i lekko\u015b\u0107 nak\u0142adania. zapobiega g\u0119stnieniu i t\u0119\u017ceniu oraz redukuje konieczno\u015b\u0107 u\u017cycia dodatk\u00f3w chemicznych.<br \/>\n&#8211; <strong>Z Lateksem Ro\u015blinnym<\/strong>:<br \/>\nbioflex\u00ae zawiera sk\u0142adniki pochodzenia ro\u015blinnego, kt\u00f3re poprawiaj\u0105 obrabialno\u015b\u0107 i czas otwarty. bioflex\u00ae z najni\u017csz\u0105 zawarto\u015bci\u0105 dodatk\u00f3w chemicznych nie wydziela niebezpiecznych substancji ani nieprzyjemnych zapach\u00f3w.<\/p>\n<h3>NIE STOSOWA\u0106<\/h3>\n<p style=\"text-align: justify;\">Na pod\u0142o\u017cach drewnianych, metalowych, plastycznych, wyk\u0142adzinach elastycznych, pod\u0142o\u017cach odkszta\u0142calnych b\u0105d\u017a nara\u017conych na wibracje, wymalowaniach \u015bciennych, istniej\u0105cych pod\u0142ogach, w basenach k\u0105pielowych. Na jastrychach, tynkach, jeszcze niewysezonowanych i poddawanych znacz\u0105cym skurczom hydraulicznym. W pozycji &#8222;p\u0142ytka na p\u0142ytk\u0119&#8220;.<\/p>\n","protected":false},"excerpt":{"rendered":"<h3 style=\"color: #0099cc;\">Sprawd\u017a cen\u0119 i aktualny stan w sklepie<br \/>\n<strong>Kontakt:<\/strong> <a href=\"mailto:info@e-adams.pl\"><u><b>info@e-adams.pl<\/b><\/u><\/a><\/h3>\n","protected":false},"featured_media":12091,"comment_status":"open","ping_status":"closed","template":"","meta":{"_acf_changed":false,"inline_featured_image":false},"product_cat":[982],"product_tag":[986,764,950],"class_list":{"0":"post-12055","1":"product","2":"type-product","3":"status-publish","4":"has-post-thumbnail","6":"product_cat-kleje-do-plytek","7":"product_tag-kerakoll","8":"product_tag-klej","9":"product_tag-materialy-budowlane","11":"first","12":"onbackorder","13":"shipping-taxable","14":"product-type-simple"},"acf":[],"_links":{"self":[{"href":"https:\/\/e-adams.pl\/de\/wp-json\/wp\/v2\/product\/12055","targetHints":{"allow":["GET"]}}],"collection":[{"href":"https:\/\/e-adams.pl\/de\/wp-json\/wp\/v2\/product"}],"about":[{"href":"https:\/\/e-adams.pl\/de\/wp-json\/wp\/v2\/types\/product"}],"replies":[{"embeddable":true,"href":"https:\/\/e-adams.pl\/de\/wp-json\/wp\/v2\/comments?post=12055"}],"wp:featuredmedia":[{"embeddable":true,"href":"https:\/\/e-adams.pl\/de\/wp-json\/wp\/v2\/media\/12091"}],"wp:attachment":[{"href":"https:\/\/e-adams.pl\/de\/wp-json\/wp\/v2\/media?parent=12055"}],"wp:term":[{"taxonomy":"product_cat","embeddable":true,"href":"https:\/\/e-adams.pl\/de\/wp-json\/wp\/v2\/product_cat?post=12055"},{"taxonomy":"product_tag","embeddable":true,"href":"https:\/\/e-adams.pl\/de\/wp-json\/wp\/v2\/product_tag?post=12055"}],"curies":[{"name":"wp","href":"https:\/\/api.w.org\/{rel}","templated":true}]}}