{"id":12060,"date":"2018-11-28T11:36:44","date_gmt":"2018-11-28T10:36:44","guid":{"rendered":"https:\/\/e-adams.pl\/sklep\/klej-geoflex-bialy-5kg-%e2%80%a2-atlas\/"},"modified":"2024-05-10T11:02:18","modified_gmt":"2024-05-10T09:02:18","slug":"klej-elastyczny-atlas-geoflex-bialy-5kg","status":"publish","type":"product","link":"https:\/\/e-adams.pl\/de\/produkt\/klej-elastyczny-atlas-geoflex-bialy-5kg\/","title":{"rendered":"Klej elastyczny ATLAS GEOFLEX BIA\u0141Y &#8211; 5kg"},"content":{"rendered":"<h3>Klej elastyczny ATLAS GEOFLEX &#8211; 5kg<\/h3>\n<p><strong>Klej \u017celowy wysokoelastyczny (2-15 mm), typ C2TE, bia\u0142y<br \/>\ngrubo\u015b\u0107 stosowanej warstwy:<\/strong> 2 &#8211; 15 mm<br \/>\nKonsystencja dostosowana do potrzeb, do pracy w wysokich temperaturach, tak\u017ce na du\u017ce p\u0142ytki.<\/p>\n<p><img loading=\"lazy\" decoding=\"async\" class=\"aligncenter size-full wp-image-12072\" src=\"https:\/\/e-adams.pl\/wp-content\/uploads\/2018\/11\/klej-elastyczny-atlas-geoflex-bialy.jpg\" alt=\"klej elastyczny bia\u0142y, klej elastyczny atlas geoflex, klej geoflex bialy, kleje elastyczne bia\u0142e, klej \u017celowy atlas \u017cary, Adams \u017bary\" width=\"400\" height=\"400\" title=\"\"><\/p>\n<p style=\"text-align: justify;\">W recepturze kleju zastosowano innowacyjn\u0105 technologi\u0119 \u017celu krzemianowego. \u017bel krzemianowy posiada wyj\u0105tkow\u0105 zdolno\u015b\u0107 do wi\u0105zania wody. \u017bel wype\u0142nia pory, tworzone na etapie wi\u0105zania kleju przez sie\u0107 wi\u0105za\u0144 nieorganicznych. Akumulacja cz\u0119\u015bci wody zarobowej zapewnia pe\u0142n\u0105 hydratacj\u0119 cementu, niezale\u017cnie od rodzaju przyklejanej ok\u0142adziny. Dzi\u0119ki odpowiedniej gospodarce wod\u0105, kt\u00f3ra jest konieczna do zako\u0144czenia procesu wi\u0105zania, klej \u017celowy gwarantuje pe\u0142n\u0105 przyczepno\u015b\u0107 do pod\u0142o\u017cy o r\u00f3\u017cnym stopniu ch\u0142onno\u015bci. Wykorzystanie technologii \u017celu krzemianowego to korzy\u015bci w postaci:<br \/>\n&#8211; mo\u017cliwo\u015bci przyklejenia ok\u0142adzin ka\u017cdego typu, zar\u00f3wno nasi\u0105kliwych jak i nienasi\u0105kliwych<br \/>\n&#8211; mo\u017cliwo\u015bci optymalnego dostosowania konsystencji kleju do indywidualnych preferencji wykonawcy i potrzeb wynikaj\u0105cych z konkretnego zastosowania, poprzez dozowanie wody w zakresie znacznie szerszym ni\u017c w przypadku klej\u00f3w tradycyjnych<br \/>\n&#8211; uzyskania pe\u0142nego rozp\u0142ywu zaprawy klej\u0105cej pod p\u0142ytami, co poprawia przyczepno\u015b\u0107 i trwa\u0142o\u015b\u0107 zamocowania, szczeg\u00f3lnie w zastosowaniach zewn\u0119trznych<br \/>\n&#8211; bezpiecznego przyklejania ok\u0142adzin na pod\u0142o\u017cach nara\u017conych na bezpo\u015brednie nas\u0142onecznienie, zar\u00f3wno w trakcie prac glazurniczych, jak i podczas wi\u0105zania zaprawy klej\u0105cej.<\/p>\n<h3>W\u0141A\u015aCIWO\u015aCI<\/h3>\n<p>&#8211; bia\u0142y<br \/>\n&#8211; ogranicza wyst\u0105pienie przebarwie\u0144 ok\u0142adzin z kamienia naturalnego i marmuru<br \/>\n&#8211; szeroki zakres grubo\u015bci warstwy kleju (2-15 mm)<br \/>\n&#8211; zerowy sp\u0142yw ok\u0142adziny<br \/>\n&#8211; mo\u017cliwo\u015b\u0107 wchodzenia na ok\u0142adzin\u0119 i spoinowania jej ju\u017c po 12 godzinach<\/p>\n","protected":false},"excerpt":{"rendered":"<h3 style=\"color: #0099cc;\">Sprawd\u017a cen\u0119 i aktualny stan w sklepie<br \/>\n<strong>Kontakt:<\/strong> <a href=\"mailto:info@e-adams.pl\"><u><b>info@e-adams.pl<\/b><\/u><\/a><\/h3>\n","protected":false},"featured_media":12072,"comment_status":"open","ping_status":"closed","template":"","meta":{"_acf_changed":false,"inline_featured_image":false},"product_cat":[982],"product_tag":[265,764,950],"class_list":{"0":"post-12060","1":"product","2":"type-product","3":"status-publish","4":"has-post-thumbnail","6":"product_cat-kleje-do-plytek","7":"product_tag-atlas","8":"product_tag-klej","9":"product_tag-materialy-budowlane","11":"first","12":"instock","13":"shipping-taxable","14":"purchasable","15":"product-type-simple"},"acf":[],"_links":{"self":[{"href":"https:\/\/e-adams.pl\/de\/wp-json\/wp\/v2\/product\/12060","targetHints":{"allow":["GET"]}}],"collection":[{"href":"https:\/\/e-adams.pl\/de\/wp-json\/wp\/v2\/product"}],"about":[{"href":"https:\/\/e-adams.pl\/de\/wp-json\/wp\/v2\/types\/product"}],"replies":[{"embeddable":true,"href":"https:\/\/e-adams.pl\/de\/wp-json\/wp\/v2\/comments?post=12060"}],"wp:featuredmedia":[{"embeddable":true,"href":"https:\/\/e-adams.pl\/de\/wp-json\/wp\/v2\/media\/12072"}],"wp:attachment":[{"href":"https:\/\/e-adams.pl\/de\/wp-json\/wp\/v2\/media?parent=12060"}],"wp:term":[{"taxonomy":"product_cat","embeddable":true,"href":"https:\/\/e-adams.pl\/de\/wp-json\/wp\/v2\/product_cat?post=12060"},{"taxonomy":"product_tag","embeddable":true,"href":"https:\/\/e-adams.pl\/de\/wp-json\/wp\/v2\/product_tag?post=12060"}],"curies":[{"name":"wp","href":"https:\/\/api.w.org\/{rel}","templated":true}]}}