{"id":12126,"date":"2018-11-29T14:52:38","date_gmt":"2018-11-29T13:52:38","guid":{"rendered":"https:\/\/e-adams.pl\/sklep\/podklad-gruntujacy-pa10-8kg\/"},"modified":"2024-05-10T11:02:19","modified_gmt":"2024-05-10T09:02:19","slug":"podklad-gruntujacy-foveo-pa10-8kg","status":"publish","type":"product","link":"https:\/\/e-adams.pl\/de\/produkt\/podklad-gruntujacy-foveo-pa10-8kg\/","title":{"rendered":"Podk\u0142ad Gruntuj\u0105cy FOVEO PA10 &#8211; 8kg"},"content":{"rendered":"<h3>Podk\u0142ad Gruntuj\u0105cy FOVEO PA10 &#8211; 8kg<\/h3>\n<p><strong>Doskona\u0142y grunt akrylowy pod tynki akrylowe i mozaikowe FOVEO.<\/strong><br \/>\n<strong>Wydajno\u015b\u0107:<\/strong> 0,3kg\/m2.<\/p>\n<p><img loading=\"lazy\" decoding=\"async\" class=\"aligncenter size-full wp-image-12128\" src=\"https:\/\/e-adams.pl\/wp-content\/uploads\/2018\/11\/podklad-gruntujacy-foveo-pa10-8kg.jpg\" alt=\"podk\u0142ad gruntuj\u0105cy pod tynk, grunt akrylowy foveo pa10, 8kg, podk\u0142ady pod tynki, grunty pod tynk, mieszalnia tynk\u00f3w \u017bary, tynki foveo barwienie, profesjonalne doradztwo\" width=\"400\" height=\"400\" title=\"\"><\/p>\n<p style=\"text-align: justify;\">Podk\u0142ad Gruntuj\u0105cy stosowany w celu zwi\u0119kszenia przyczepno\u015bci tynk\u00f3w, zmniejszenia ch\u0142onno\u015bci pod\u0142o\u017ca. Umo\u017cliwia poprawne wykonanie struktury tynk\u00f3w cienkowarstwowych. Redukuje mo\u017cliwo\u015b\u0107 powstawania przebarwie\u0144 na ich powierzchni. Wchodzi w sk\u0142ad system\u00f3w FOVEO TECH S i <a href=\"https:\/\/e-adams.pl\/tag\/foveo\/\">FOVEO TECH<\/a> W jako warstwa podk\u0142adowa pod tynki mineralne, akrylowe, akrylowo-silikonowe, silikatowo-silikonowe, a tak\u017ce pod tynki mozaikowe i zwyk\u0142e tynki cementowe lub cementowo-wapienne. Przeznaczony jest do stosowania wewn\u0105trz i na zewn\u0105trz pomieszcze\u0144. Mo\u017cna nim pokrywa\u0107 powierzchnie betonowe, cementowe, cementowo-wapienne, gipsowe, gipsowo-kartonowe, p\u0142yty wi\u00f3rowe itp.<\/p>\n<p>&#8211; zwi\u0119ksza przyczepno\u015b\u0107 tynk\u00f3w<br \/>\n&#8211; redukuje powstawanie przebarwie\u0144<br \/>\n&#8211; zmniejsza ch\u0142onno\u015b\u0107 pod\u0142o\u017ca<br \/>\n&#8211; umo\u017cliwia prawid\u0142owe wykonanie struktury tynku<br \/>\n&#8211; kolor bia\u0142y (mo\u017cliwo\u015b\u0107 zabarwienia)<\/p>\n<p>ZALECENIA<\/p>\n<p>Stosowa\u0107 przy temperaturze pod\u0142o\u017ca i otoczenia +5\u00baC do +25\u00baC. Nie nak\u0142ada\u0107 na nagrzane pod\u0142o\u017ce. W trakcie pracy oraz podczas wysychania nale\u017cy unika\u0107 bezpo\u015bredniego nas\u0142onecznienia, silnego wiatru, dzia\u0142ania deszczu. Chroni\u0107 wymalowan\u0105 powierzchni\u0119 do czasu wyschni\u0119cia za pomoc\u0105 folii lub g\u0119stej siatki os\u0142onowej. Temperatura pod\u0142o\u017ca i otoczenia podczas malowania oraz przez kolejne 24 godzin nie mo\u017ce by\u0107 ni\u017csza od +5\u00baC. Narz\u0119dzia bezpo\u015brednio po u\u017cyciu umy\u0107 wod\u0105. Prace prowadzi\u0107 zgodnie z zasadami sztuki budowlanej, normami i przepisami BHP. W przypadku \u0142\u0105czenia podk\u0142adu z wyrobami innych Producent\u00f3w, nie ponosimy odpowiedzialno\u015bci. Szczeg\u00f3\u0142owe informacje zawarte s\u0105 w karcie technicznej.<\/p>\n","protected":false},"excerpt":{"rendered":"<h3 style=\"color: #0099cc;\">Sprawd\u017a cen\u0119 i aktualny stan w sklepie<br \/>\n<strong>Kontakt:<\/strong> <a href=\"mailto:info@e-adams.pl\"><u><b>info@e-adams.pl<\/b><\/u><\/a><\/h3>\n","protected":false},"featured_media":12128,"comment_status":"open","ping_status":"closed","template":"","meta":{"_acf_changed":false,"inline_featured_image":false},"product_cat":[279],"product_tag":[164,772,950],"class_list":{"0":"post-12126","1":"product","2":"type-product","3":"status-publish","4":"has-post-thumbnail","6":"product_cat-podklady-gruntujace-zaprawy-kleje-cementy","7":"product_tag-foveo","8":"product_tag-grunt","9":"product_tag-materialy-budowlane","11":"first","12":"outofstock","13":"shipping-taxable","14":"purchasable","15":"product-type-simple"},"acf":[],"_links":{"self":[{"href":"https:\/\/e-adams.pl\/de\/wp-json\/wp\/v2\/product\/12126","targetHints":{"allow":["GET"]}}],"collection":[{"href":"https:\/\/e-adams.pl\/de\/wp-json\/wp\/v2\/product"}],"about":[{"href":"https:\/\/e-adams.pl\/de\/wp-json\/wp\/v2\/types\/product"}],"replies":[{"embeddable":true,"href":"https:\/\/e-adams.pl\/de\/wp-json\/wp\/v2\/comments?post=12126"}],"wp:featuredmedia":[{"embeddable":true,"href":"https:\/\/e-adams.pl\/de\/wp-json\/wp\/v2\/media\/12128"}],"wp:attachment":[{"href":"https:\/\/e-adams.pl\/de\/wp-json\/wp\/v2\/media?parent=12126"}],"wp:term":[{"taxonomy":"product_cat","embeddable":true,"href":"https:\/\/e-adams.pl\/de\/wp-json\/wp\/v2\/product_cat?post=12126"},{"taxonomy":"product_tag","embeddable":true,"href":"https:\/\/e-adams.pl\/de\/wp-json\/wp\/v2\/product_tag?post=12126"}],"curies":[{"name":"wp","href":"https:\/\/api.w.org\/{rel}","templated":true}]}}