{"id":12127,"date":"2018-11-29T14:52:39","date_gmt":"2018-11-29T13:52:39","guid":{"rendered":"https:\/\/e-adams.pl\/sklep\/suprabilit-1l-grunt-koncentrat-11\/"},"modified":"2023-08-18T09:35:00","modified_gmt":"2023-08-18T07:35:00","slug":"grunt-tikkurila-suprabilit-1l","status":"publish","type":"product","link":"https:\/\/e-adams.pl\/de\/produkt\/grunt-tikkurila-suprabilit-1l\/","title":{"rendered":"Grunt koncentrat TIKKURILA SUPRABILIT &#8211; 1l"},"content":{"rendered":"<h2>Grunt koncentrat TIKKURILA SUPRABILIT &#8211; 1l<\/h2>\n<p style=\"font-weight: bold;\">Preparat do gruntowania i wzmacniania pod\u0142o\u017ca, koncentrat<\/p>\n<p>\u2013 Koncentrat 1:1<br \/>\n\u2013 Wzmacnia i zmniejsza ch\u0142onno\u015b\u0107 pod\u0142o\u017ca<br \/>\n\u2013 Zwi\u0119ksza przyczepno\u015b\u0107 farb dekoracyjnych.<\/p>\n<p><b>Kolor:<\/b> bezbarwny<br \/>\n<b>Spos\u00f3b nanoszenia:<\/b> wa\u0142ek, p\u0119dzel lub natrysk<\/p>\n<p><b>Wydajno\u015b\u0107:<\/b> 18 m2\/l<\/p>\n<p><img loading=\"lazy\" decoding=\"async\" class=\"aligncenter size-full wp-image-12134\" src=\"https:\/\/e-adams.pl\/wp-content\/uploads\/2018\/11\/grunt-tikkurila-suprabilit-1l.jpg\" alt=\"grunt tikkurila suprabilit, grunt 1l, podk\u0142ad gruntuj\u0105cy, preparat gruntuj\u0105cy tikkurila, grunt pod farby tikkurila, wzmacniacz pod\u0142o\u017ca, Adams \u017bary\" width=\"400\" height=\"400\" title=\"\"><\/p>\n<p style=\"text-align: justify;\">Preparat do gruntowania i wzmacniania pod\u0142o\u017ca, koncentrat. Produkt zawieraj\u0105cy specjaln\u0105 dyspersj\u0119 przeznaczon\u0105 do przygotowania ch\u0142onnych pod\u0142o\u017cy przed malowaniem. Wzmacnia i zmniejsza ch\u0142onno\u015b\u0107 pod\u0142o\u017ca. Zwi\u0119ksza przyczepno\u015b\u0107 farb dekoracyjnych.<\/p>\n<div align=\"center\">\n<table style=\"width: 100%;\">\n<tbody>\n<tr>\n<td><img decoding=\"async\" class=\"aligncenter\" style=\"width: 290px; height: 290px;\" src=\"https:\/\/e-adams.pl\/wp-content\/uploads\/2018\/10\/Grunt-koncentrat-tikkurila-suprabilit-5l.jpg\" alt=\"grunty \u017cary, materia\u0142y budowlane \u017cary, grunt tikkurila, preparat do gruntowania, grunt wzmacnaj\u0105cy, suprabilit \u017cary\" title=\"\"><\/td>\n<td>\n<h2>Tikkurila Suprabilit<\/h2>\n<p>Preparat do gruntowania i wzmacniania pod\u0142o\u017ca.<\/p>\n<p>&nbsp;<\/td>\n<\/tr>\n<tr>\n<td>\n<h2>Doskona\u0142e przygotowanie przed malowaniem<\/h2>\n<p>Tikkurila Suprabilit zawiera specjaln\u0105 dyspersj\u0119 przeznaczon\u0105 do przygotowania ch\u0142onnych pod\u0142o\u017cy przed malowaniem.<\/td>\n<td><\/td>\n<\/tr>\n<tr>\n<td><\/td>\n<td>\n<h2>Zwi\u0119kszona wydajno\u015b\u0107 farb nawierzchniowych<\/h2>\n<p>Produkt doskonale wzmacnia pod\u0142o\u017ce, a tym samym zmniejsza jego ch\u0142onno\u015b\u0107, co wp\u0142ywa na zwi\u0119kszenie przyczepno\u015bci farb dekoracyjnych oraz na wydajno\u015b\u0107 w czasie aplikacji, szczeg\u00f3lnie pierwszej warstwy.<\/td>\n<\/tr>\n<\/tbody>\n<\/table>\n<p>&nbsp;<\/p>\n<h2>Przyk\u0142ady zastosowania<\/h2>\n<p style=\"margin: 25px; font-size: 18px; color: #666666; line-height: 25px; text-align: center;\">Malowanie g\u0142adzi szpachlowych, p\u0142yt kartonowo-gipsowych, tynk\u00f3w gipsowych, cementowo-wapiennych, pod\u0142o\u017cy betonowych.<\/p>\n<h2>Wydajno\u015b\u0107<\/h2>\n<p style=\"margin: 25px; font-size: 18px; color: #666666; line-height: 25px; text-align: center;\">18 m2\/l (dotyczy produktu rozcie\u0144czonego 1:1),wydajno\u015b\u0107 w du\u017cej mierze uzale\u017cniona jest od takich czynnik\u00f3w, jak porowato\u015b\u0107, struktura pod\u0142o\u017ca oraz metoda aplikacji.<\/p>\n<h2>Czas schni\u0119cia<\/h2>\n<p style=\"margin: 25px; font-size: 18px; color: #666666; line-height: 25px; text-align: center;\">Malowanie warstwy nawierzchniowej najkorzystniej przeprowadzi\u0107 po min. 4 godzinach.<\/p>\n<\/div>\n","protected":false},"excerpt":{"rendered":"<h3 style=\"color: #0099cc;\">Sprawd\u017a cen\u0119 i aktualny stan w sklepie<br \/>\n<strong>Kontakt:<\/strong> <a href=\"mailto:info@e-adams.pl\"><u><b>info@e-adams.pl<\/b><\/u><\/a><\/h3>\n","protected":false},"featured_media":12134,"comment_status":"open","ping_status":"closed","template":"","meta":{"_acf_changed":false,"inline_featured_image":false},"product_cat":[279],"product_tag":[772,950,342],"class_list":{"0":"post-12127","1":"product","2":"type-product","3":"status-publish","4":"has-post-thumbnail","6":"product_cat-podklady-gruntujace-zaprawy-kleje-cementy","7":"product_tag-grunt","8":"product_tag-materialy-budowlane","9":"product_tag-tikkurila","11":"first","12":"onbackorder","13":"shipping-taxable","14":"product-type-simple"},"acf":[],"_links":{"self":[{"href":"https:\/\/e-adams.pl\/de\/wp-json\/wp\/v2\/product\/12127","targetHints":{"allow":["GET"]}}],"collection":[{"href":"https:\/\/e-adams.pl\/de\/wp-json\/wp\/v2\/product"}],"about":[{"href":"https:\/\/e-adams.pl\/de\/wp-json\/wp\/v2\/types\/product"}],"replies":[{"embeddable":true,"href":"https:\/\/e-adams.pl\/de\/wp-json\/wp\/v2\/comments?post=12127"}],"wp:featuredmedia":[{"embeddable":true,"href":"https:\/\/e-adams.pl\/de\/wp-json\/wp\/v2\/media\/12134"}],"wp:attachment":[{"href":"https:\/\/e-adams.pl\/de\/wp-json\/wp\/v2\/media?parent=12127"}],"wp:term":[{"taxonomy":"product_cat","embeddable":true,"href":"https:\/\/e-adams.pl\/de\/wp-json\/wp\/v2\/product_cat?post=12127"},{"taxonomy":"product_tag","embeddable":true,"href":"https:\/\/e-adams.pl\/de\/wp-json\/wp\/v2\/product_tag?post=12127"}],"curies":[{"name":"wp","href":"https:\/\/api.w.org\/{rel}","templated":true}]}}