{"id":12137,"date":"2018-11-29T15:29:41","date_gmt":"2018-11-29T14:29:41","guid":{"rendered":"https:\/\/e-adams.pl\/sklep\/grunt-glebokopenetrujacy-ct17-2l\/"},"modified":"2024-07-15T11:31:12","modified_gmt":"2024-07-15T09:31:12","slug":"grunt-gleboko-penetrujacy-ceresit-ct17-2l","status":"publish","type":"product","link":"https:\/\/e-adams.pl\/de\/produkt\/grunt-gleboko-penetrujacy-ceresit-ct17-2l\/","title":{"rendered":"Grunt g\u0142\u0119boko penetruj\u0105cy CERESIT CT17 &#8211; 2l"},"content":{"rendered":"<h3>Grunt g\u0142\u0119boko penetruj\u0105cy CERESIT CT17 &#8211; 2l<\/h3>\n<p style=\"text-align: left;\"><strong>Preparat do powierzchniowego wzmacniania wszelkich nasi\u0105kliwych pod\u0142o\u017cy<\/strong><\/p>\n<p><img loading=\"lazy\" decoding=\"async\" class=\"aligncenter size-full wp-image-12216\" src=\"https:\/\/e-adams.pl\/wp-content\/uploads\/2018\/11\/grunt-gleboko-penetrujacy-ceresit-ct17-2l.jpg\" alt=\"grunt g\u0142\u0119boko penetruj\u0105cy ceresit ct17 5l, Ceresit CT 17, preparat gruntuj\u0105cy ceresit, grunt do nasi\u0105kliwych pod\u0142o\u017cy, nasi\u0105kliwe pod\u0142o\u017ca grunt ceresit, preparaty gruntuj\u0105ce \u017bary\" width=\"400\" height=\"400\" title=\"\"><\/p>\n<p style=\"text-align: justify;\">Preparat Ceresit CT 17 s\u0142u\u017cy do gruntowania pod\u0142o\u017cy (\u015bcian, pod\u0142\u00f3g, sufit\u00f3w) wewn\u0105trz i na zewn\u0105trz budynk\u00f3w przed mocowaniem p\u0142ytek ceramicznych, wylewaniem posadzek, mocowaniem wyk\u0142adzin pod\u0142ogowych, tapetowaniem, szpachlowaniem, malowaniem czy mocowaniem p\u0142yt izolacji termicznej. Grunt nie zawiera rozpuszczalnika. Zagruntowane CT 17 pod\u0142o\u017ca (wszelkiego rodzaju tynki, betony, jastrychy, podk\u0142ady z ogrzewaniem pod\u0142ogowym) maj\u0105 mniejsz\u0105 nasi\u0105kliwo\u015b\u0107, co zapobiega zbyt szybkiemu przesychaniu zapraw klej\u0105cych, posadzek, szpachl\u00f3wek czy farb. Preparat wnika w pod\u0142o\u017ce i wi\u0105\u017ce ziarna kruszywa, nie powoduje jednak zwi\u0119kszania parametr\u00f3w wytrzyma\u0142o\u015bciowych w ca\u0142ym przekroju pod\u0142o\u017ca. Stosowanie CT 17 szczeg\u00f3lnie zalecane jest na pod\u0142o\u017ca gipsowe, anhydrytowe i gazobetonowe. Jest on odpowiedni tak\u017ce do gruntowania p\u0142yt wi\u00f3rowych i nieimpregnowanych p\u0142yt gipsowo-kartonowych. Preparat powoduje \u017c\u00f3\u0142tawe zabarwienie pod\u0142o\u017cy. Do gruntowania pod\u0142o\u017cy pod tynki cienkowarstwowe stosowa\u0107 farb\u0119 gruntuj\u0105c\u0105 Ceresit CT 16 lub CT 15.<\/p>\n<p>&#8211; do wszystkich nasi\u0105kliwych pod\u0142o\u017cy<br \/>\n&#8211; wzmacnia powierzchniowo pod\u0142o\u017ce<br \/>\n&#8211; zmniejsza nasi\u0105kliwo\u015b\u0107 pod\u0142o\u017ca<br \/>\n&#8211; zwi\u0119ksza przyczepno\u015b\u0107 do pod\u0142o\u017ca<br \/>\n&#8211; aplikacja p\u0142ytek na pod\u0142o\u017cach cementowych i cementowo-wapiennych ju\u017c po 15 min<br \/>\n&#8211; \u017c\u00f3\u0142ta barwa \u2013 umo\u017cliwia kontrol\u0119 etapu prac<br \/>\n&#8211; paroprzepuszczalny<br \/>\n&#8211; u\u0142atwia nanoszenie kolejnych warstw np. klej\u00f3w, szpachl\u00f3wek, posadzek<\/p>\n","protected":false},"excerpt":{"rendered":"<h3 style=\"color: #0099cc;\">Sprawd\u017a cen\u0119 i aktualny stan w sklepie<br \/>\n<strong>Kontakt:<\/strong> <a href=\"mailto:info@e-adams.pl\"><u><b>info@e-adams.pl<\/b><\/u><\/a><\/h3>\n","protected":false},"featured_media":12214,"comment_status":"open","ping_status":"closed","template":"","meta":{"_acf_changed":false,"inline_featured_image":false},"product_cat":[279],"product_tag":[158,772,950],"class_list":{"0":"post-12137","1":"product","2":"type-product","3":"status-publish","4":"has-post-thumbnail","6":"product_cat-podklady-gruntujace-zaprawy-kleje-cementy","7":"product_tag-ceresit","8":"product_tag-grunt","9":"product_tag-materialy-budowlane","11":"first","12":"instock","13":"shipping-taxable","14":"purchasable","15":"product-type-simple"},"acf":[],"_links":{"self":[{"href":"https:\/\/e-adams.pl\/de\/wp-json\/wp\/v2\/product\/12137","targetHints":{"allow":["GET"]}}],"collection":[{"href":"https:\/\/e-adams.pl\/de\/wp-json\/wp\/v2\/product"}],"about":[{"href":"https:\/\/e-adams.pl\/de\/wp-json\/wp\/v2\/types\/product"}],"replies":[{"embeddable":true,"href":"https:\/\/e-adams.pl\/de\/wp-json\/wp\/v2\/comments?post=12137"}],"wp:featuredmedia":[{"embeddable":true,"href":"https:\/\/e-adams.pl\/de\/wp-json\/wp\/v2\/media\/12214"}],"wp:attachment":[{"href":"https:\/\/e-adams.pl\/de\/wp-json\/wp\/v2\/media?parent=12137"}],"wp:term":[{"taxonomy":"product_cat","embeddable":true,"href":"https:\/\/e-adams.pl\/de\/wp-json\/wp\/v2\/product_cat?post=12137"},{"taxonomy":"product_tag","embeddable":true,"href":"https:\/\/e-adams.pl\/de\/wp-json\/wp\/v2\/product_tag?post=12137"}],"curies":[{"name":"wp","href":"https:\/\/api.w.org\/{rel}","templated":true}]}}