{"id":12138,"date":"2018-11-29T15:29:42","date_gmt":"2018-11-29T14:29:42","guid":{"rendered":"https:\/\/e-adams.pl\/sklep\/grunt-do-podlozy-niechlonnych-cn94-5l\/"},"modified":"2024-07-15T11:31:17","modified_gmt":"2024-07-15T09:31:17","slug":"grunt-do-podlozy-niechlonnych-ceresit-cn94-5l","status":"publish","type":"product","link":"https:\/\/e-adams.pl\/de\/produkt\/grunt-do-podlozy-niechlonnych-ceresit-cn94-5l\/","title":{"rendered":"Grunt do pod\u0142o\u017cy niech\u0142onnych CERESIT CN94 &#8211; 5l"},"content":{"rendered":"<h3>Grunt do pod\u0142o\u017cy niech\u0142onnych CERESIT CN94 &#8211; 5l<\/h3>\n<p><strong>Grunt specjalny koncentrat do gruntowania pod\u0142o\u017cy nasi\u0105kliwych oraz nienasi\u0105kliwych<\/strong><\/p>\n<p><img loading=\"lazy\" decoding=\"async\" class=\"aligncenter size-full wp-image-12205\" src=\"https:\/\/e-adams.pl\/wp-content\/uploads\/2018\/11\/grunt-do-podlozy-niechlonnych-ceresit-cn94-5l.jpg\" alt=\"grunt do pod\u0142o\u017cy niech\u0142onnych ceresit cn94 5l, Grunt specjalny, grunt na pod\u0142o\u017ca nasi\u0105kliwe, ceresit cn 94, grunt na p\u0142yty OSB, grunt specjalny na p\u0142ytki ceramiczne, trudne pod\u0142o\u017ca grunt \u017bary\" width=\"400\" height=\"400\" title=\"\"><\/p>\n<p style=\"text-align: justify;\">Preparat Ceresit CN 94 s\u0142u\u017cy do gruntowania pod\u0142o\u017cy wewn\u0105trz i na zewn\u0105trz budynk\u00f3w przed zastosowaniem pod\u0142ogowych zapraw wyr\u00f3wnuj\u0105cych, mas szpachlowych, zapraw klej\u0105cych do p\u0142ytek ceramicznych i kamiennych. Mo\u017cna go stosowa\u0107 na powierzchniach poziomych i pionowych, na pod\u0142o\u017cach nasi\u0105kliwych i nienasi\u0105kliwych. Szczeg\u00f3lnie zalecany jest do gruntowania pod\u0142o\u017cy krytycznych (tylko wewn\u0105trz budynk\u00f3w), takich jak: jastrychy z resztkami trudnych do usuni\u0119cia klej\u00f3w, p\u0142ytki ceramiczne, dyspersyjne i epoksydowe pow\u0142oki malarskie. Preparat powierzchniowo wzmacnia pod\u0142o\u017ce i poprawia przyczepno\u015b\u0107 do pod\u0142o\u017ca. Mo\u017ce by\u0107 tak\u017ce nak\u0142adany na jastrychy anhydrytowe, cementowe, jastrychy asfaltowe, prefabrykowane elementy jastrychowe np. pod\u0142ogowe p\u0142yty gipsowo-w\u0142\u00f3knowe, beton, r\u00f3wnie\u017c zag\u0119szczany pr\u00f3\u017cniowo, malowane i niemalowane pod\u0142o\u017ca drewnopochodne (p\u0142yty wi\u00f3rowe, OSB, deski), pod\u0142ogowe zaprawy wyr\u00f3wnuj\u0105ce, istniej\u0105ce p\u0142ytki ceramiczne i kamienne, tynki cementowe, cementowo-wapienne i wapienne, pod\u0142o\u017ca z gipsu i z betonu kom\u00f3rkowego. CN 94 mo\u017cna stosowa\u0107 r\u00f3wnie\u017c na ogrzewanych konstrukcjach pod\u0142ogowych.<\/p>\n<p>&#8211; polecany na p\u0142yty OSB i p\u0142ytki ceramiczne<br \/>\n&#8211; polecany na pod\u0142o\u017ca krytyczne<br \/>\n&#8211; wzmacnia powierzchniowo pod\u0142o\u017ce<br \/>\n&#8211; poprawia przyczepno\u015b\u0107 do pod\u0142o\u017ca<br \/>\n&#8211; znakomity do pionowych aplikacji<br \/>\n&#8211; wydajny \u2013 mo\u017cliwo\u015b\u0107 rozcie\u0144czenia gruntu wod\u0105 w stosunku 1:3<br \/>\n&#8211; szybkoschn\u0105cy<\/p>\n<p>&nbsp;<\/p>\n","protected":false},"excerpt":{"rendered":"<h3 style=\"color: #0099cc;\">Sprawd\u017a cen\u0119 i aktualny stan w sklepie<br \/>\n<strong>Kontakt:<\/strong> <a href=\"mailto:info@e-adams.pl\"><u><b>info@e-adams.pl<\/b><\/u><\/a><\/h3>\n","protected":false},"featured_media":12205,"comment_status":"open","ping_status":"closed","template":"","meta":{"_acf_changed":false,"inline_featured_image":false},"product_cat":[279],"product_tag":[158,772,950],"class_list":{"0":"post-12138","1":"product","2":"type-product","3":"status-publish","4":"has-post-thumbnail","6":"product_cat-podklady-gruntujace-zaprawy-kleje-cementy","7":"product_tag-ceresit","8":"product_tag-grunt","9":"product_tag-materialy-budowlane","11":"first","12":"instock","13":"shipping-taxable","14":"purchasable","15":"product-type-simple"},"acf":[],"_links":{"self":[{"href":"https:\/\/e-adams.pl\/de\/wp-json\/wp\/v2\/product\/12138","targetHints":{"allow":["GET"]}}],"collection":[{"href":"https:\/\/e-adams.pl\/de\/wp-json\/wp\/v2\/product"}],"about":[{"href":"https:\/\/e-adams.pl\/de\/wp-json\/wp\/v2\/types\/product"}],"replies":[{"embeddable":true,"href":"https:\/\/e-adams.pl\/de\/wp-json\/wp\/v2\/comments?post=12138"}],"wp:featuredmedia":[{"embeddable":true,"href":"https:\/\/e-adams.pl\/de\/wp-json\/wp\/v2\/media\/12205"}],"wp:attachment":[{"href":"https:\/\/e-adams.pl\/de\/wp-json\/wp\/v2\/media?parent=12138"}],"wp:term":[{"taxonomy":"product_cat","embeddable":true,"href":"https:\/\/e-adams.pl\/de\/wp-json\/wp\/v2\/product_cat?post=12138"},{"taxonomy":"product_tag","embeddable":true,"href":"https:\/\/e-adams.pl\/de\/wp-json\/wp\/v2\/product_tag?post=12138"}],"curies":[{"name":"wp","href":"https:\/\/api.w.org\/{rel}","templated":true}]}}