{"id":12140,"date":"2018-11-29T15:29:45","date_gmt":"2018-11-29T14:29:45","guid":{"rendered":"https:\/\/e-adams.pl\/sklep\/grunt-uniwersalny-ct7-5l\/"},"modified":"2024-07-15T11:31:13","modified_gmt":"2024-07-15T09:31:13","slug":"grunt-uniwersalny-ceresit-ct7-5l","status":"publish","type":"product","link":"https:\/\/e-adams.pl\/de\/produkt\/grunt-uniwersalny-ceresit-ct7-5l\/","title":{"rendered":"Grunt uniwersalny CERESIT CT7 &#8211; 5l"},"content":{"rendered":"<h3>Grunt uniwersalny CERESIT CT7 &#8211; 5l<\/h3>\n<p><strong>Preparat do gruntowania nasi\u0105kliwych, ch\u0142onnych pod\u0142o\u017cy<br \/>\nZu\u017cycie:<\/strong> od 0,1 do 0,5 l\/m2<br \/>\nDo gruntowania pod\u0142o\u017cy przed: mocowaniem p\u0142ytek ceramicznych oraz p\u0142yt izolacji termicznej, malowaniem, tapetowaniem, szpachlowaniem<\/p>\n<p><img loading=\"lazy\" decoding=\"async\" class=\"aligncenter size-full wp-image-12236\" src=\"https:\/\/e-adams.pl\/wp-content\/uploads\/2018\/12\/grunt-uniwersalny-ceresit-ct7-5l.jpg\" alt=\"grunt uniwersalny ceresit ct7 5l, grunt ceresit ct 7, grunt do p\u0142ytek ceramicznych \u017bary, grunt pod p\u0142yty izolacyjne Adams \u017bary, grunt do tapet, preparat do gruntowania, nasi\u0105kliwe pod\u0142o\u017ca grunt\" width=\"400\" height=\"400\" title=\"\"><\/p>\n<p style=\"text-align: justify;\">Ceresit CT 7 to preparat do gruntowania nasi\u0105kliwych, ch\u0142onnych pod\u0142o\u017cy takich jak: beton, tradycyjne tynki cementowe i cementowo-wapienne, beton kom\u00f3rkowy. Stosowanie CT 7 szczeg\u00f3lnie zalecane jest na pod\u0142o\u017ca gipsowe i gazobetonowe. Jest on odpowiedni tak\u017ce do gruntowania nieimpregnowanych p\u0142yt gipsowo-kartonowych. Ceresit CT 7 mo\u017ce by\u0107 stosowany wewn\u0105trz i na zewn\u0105trz budynk\u00f3w m.in. przed mocowaniem p\u0142ytek ceramicznych, szpachlowaniem, malowaniem, tapetowaniem czy mocowaniem p\u0142yt izolacji termicznej. Grunt nie zawiera rozpuszczalnika. Zagruntowane CT 7 pod\u0142o\u017ca maj\u0105 mniejsz\u0105 nasi\u0105kliwo\u015b\u0107, co zapobiega zbyt szybkiemu przesychaniu zapraw klej\u0105cych, szpachl\u00f3wek czy farb. Preparat wnika w pod\u0142o\u017ce i wi\u0105\u017ce ziarna kruszywa, nie powoduje jednak zwi\u0119kszania parametr\u00f3w wytrzyma\u0142o\u015bciowych w ca\u0142ym przekroju pod\u0142o\u017ca. Do gruntowania pod\u0142o\u017cy pod tynki cienkowarstwowe stosowa\u0107 farb\u0119 gruntuj\u0105c\u0105 Ceresit CT 16 lub CT 15.<\/p>\n<p>&#8211; zmniejsza ch\u0142onno\u015b\u0107 pod\u0142o\u017ca<br \/>\n&#8211; poprawia przyczepno\u015b\u0107 do pod\u0142o\u017cy<br \/>\n&#8211; umo\u017cliwia oddychanie \u015bcian<br \/>\n&#8211; u\u0142atwia nanoszenie kolejnych warstw np. klej\u00f3w, szpachl\u00f3wek, farb<\/p>\n","protected":false},"excerpt":{"rendered":"<h3 style=\"color: #0099cc;\">Sprawd\u017a cen\u0119 i aktualny stan w sklepie<br \/>\n<strong>Kontakt:<\/strong> <a href=\"mailto:info@e-adams.pl\"><u><b>info@e-adams.pl<\/b><\/u><\/a><\/h3>\n","protected":false},"featured_media":12236,"comment_status":"open","ping_status":"closed","template":"","meta":{"_acf_changed":false,"inline_featured_image":false},"product_cat":[279],"product_tag":[158,772,950],"class_list":{"0":"post-12140","1":"product","2":"type-product","3":"status-publish","4":"has-post-thumbnail","6":"product_cat-podklady-gruntujace-zaprawy-kleje-cementy","7":"product_tag-ceresit","8":"product_tag-grunt","9":"product_tag-materialy-budowlane","11":"first","12":"instock","13":"shipping-taxable","14":"purchasable","15":"product-type-simple"},"acf":[],"_links":{"self":[{"href":"https:\/\/e-adams.pl\/de\/wp-json\/wp\/v2\/product\/12140","targetHints":{"allow":["GET"]}}],"collection":[{"href":"https:\/\/e-adams.pl\/de\/wp-json\/wp\/v2\/product"}],"about":[{"href":"https:\/\/e-adams.pl\/de\/wp-json\/wp\/v2\/types\/product"}],"replies":[{"embeddable":true,"href":"https:\/\/e-adams.pl\/de\/wp-json\/wp\/v2\/comments?post=12140"}],"wp:featuredmedia":[{"embeddable":true,"href":"https:\/\/e-adams.pl\/de\/wp-json\/wp\/v2\/media\/12236"}],"wp:attachment":[{"href":"https:\/\/e-adams.pl\/de\/wp-json\/wp\/v2\/media?parent=12140"}],"wp:term":[{"taxonomy":"product_cat","embeddable":true,"href":"https:\/\/e-adams.pl\/de\/wp-json\/wp\/v2\/product_cat?post=12140"},{"taxonomy":"product_tag","embeddable":true,"href":"https:\/\/e-adams.pl\/de\/wp-json\/wp\/v2\/product_tag?post=12140"}],"curies":[{"name":"wp","href":"https:\/\/api.w.org\/{rel}","templated":true}]}}