{"id":12141,"date":"2018-11-29T15:29:46","date_gmt":"2018-11-29T14:29:46","guid":{"rendered":"https:\/\/e-adams.pl\/sklep\/grunt-do-trudnych-podlozy-ct19-1kg\/"},"modified":"2024-07-15T11:31:11","modified_gmt":"2024-07-15T09:31:11","slug":"grunt-do-trudnych-podlozy-ceresit-superkontakt-ct19-1kg","status":"publish","type":"product","link":"https:\/\/e-adams.pl\/de\/produkt\/grunt-do-trudnych-podlozy-ceresit-superkontakt-ct19-1kg\/","title":{"rendered":"Grunt do trudnych pod\u0142o\u017cy CERESIT SUPERKONTAKT CT19 &#8211; 1kg"},"content":{"rendered":"<h3>Grunt do trudnych pod\u0142o\u017cy CERESIT CT19 &#8211; 1kg<\/h3>\n<p><strong>Preparat do gruntowania pod\u0142o\u017cy nasi\u0105kliwych oraz nienasi\u0105kliwych, tworz\u0105cy warstw\u0119 sczepn\u0105, zalecany do trudnych i g\u0142adkich powierzchni<br \/>\nZu\u017cycie:<\/strong> od 0,1 do 0,4 kg\/m2<\/p>\n<p><img loading=\"lazy\" decoding=\"async\" class=\"aligncenter size-full wp-image-12207\" src=\"https:\/\/e-adams.pl\/wp-content\/uploads\/2018\/11\/grunt-do-trudnych-podlozy-ceresit-ct19-1kg.jpg\" alt=\"grunt do trudnych pod\u0142o\u017cy, ceresit ct19 5kg, Ceresit Superkontakt CT 19, grunt na trudne pod\u0142o\u017ca \u017bary, grunty ceresit, budowlanka \u017bary, preparat do gruntowania ceresit, zaprawa gruntuj\u0105ca ceresit\" width=\"400\" height=\"400\" title=\"\"><\/p>\n<p style=\"text-align: justify;\">Grunt bezrozpuszczalnikowy Ceresit CT 19 s\u0142u\u017cy do gruntowania pod\u0142o\u017cy wewn\u0105trz i na zewn\u0105trz budynk\u00f3w przed zastosowaniem pod\u0142ogowych zapraw wyr\u00f3wnuj\u0105cych, mas szpachlowych, zapraw klej\u0105cych do p\u0142ytek ceramicznych i kamiennych. Mo\u017cna go stosowa\u0107 na powierzchniach poziomych i pionowych, na pod\u0142o\u017cach nasi\u0105kliwych i nienasi\u0105kliwych. Preparat tworzy szorstk\u0105 warstw\u0119 i poprawia przyczepno\u015b\u0107 do pod\u0142o\u017ca. Szczeg\u00f3lnie zalecany jest do gruntowania trudnych pod\u0142o\u017cy (tylko wewn\u0105trz budynk\u00f3w), takich jak: jastrychy z resztkami trudnych do usuni\u0119cia klej\u00f3w, istniej\u0105ce p\u0142ytki ceramiczne i kamienne, dyspersyjne, ftalowe i epoksydowe pow\u0142oki malarskie, lastryko, szk\u0142o, malowane i niemalowane pod\u0142o\u017ca drewnopochodne (p\u0142yty wi\u00f3rowe, OSB). Mo\u017ce by\u0107 tak\u017ce nak\u0142adany na jastrychy cementowe, jastrychy anhydrytowe, prefabrykowane elementy jastrychowe np. pod\u0142ogowe p\u0142yty gipsowo-w\u0142\u00f3knowe, beton, w tym beton szalunkowy bez resztek olej\u00f3w i \u015brodk\u00f3w antyadhezyjnych, pod\u0142ogowe zaprawy wyr\u00f3wnuj\u0105ce, tynki cementowe, cementowo-wapienne, wapienne i gipsowe. CT 19 mo\u017cna stosowa\u0107 na ogrzewanych konstrukcjach pod\u0142ogowych.<\/p>\n<p>&#8211; polecany na g\u0142adkie i niech\u0142onne pod\u0142o\u017ca jak beton zatarty na g\u0142adko, p\u0142yty OSB, p\u0142ytki ceramiczne, lastryko<br \/>\n&#8211; polecany na trudne pod\u0142o\u017ca<br \/>\n&#8211; poprawia przyczepno\u015b\u0107 do pod\u0142o\u017ca<br \/>\n&#8211; tworzy szorstk\u0105 warstw\u0119 sczepn\u0105<br \/>\n&#8211; szybkoschn\u0105cy i wysoce wydajny<br \/>\n&#8211; tiksotropowy \u2013 nie sp\u0142ywa z powierzchni pionowych<\/p>\n<h3>ZALECENIA<\/h3>\n<p>Nie stosowa\u0107:<br \/>\n\u2014 na pod\u0142o\u017cach metalowych, drewnianych, z tworzyw sztucznych i sztywnych wyk\u0142adzinach PCW;<br \/>\n\u2014 na pod\u0142o\u017cach niech\u0142onnych na zewn\u0105trz budynk\u00f3w;<br \/>\n\u2014 pod masy samopoziomuj\u0105ce na pod\u0142o\u017cach drewnopochodnych takich jak p\u0142yty wi\u00f3rowe, OSB.<br \/>\nW przypadku aplikacji CT 19 w pomieszczeniach nara\u017conych na zawilgocenie nale\u017cy stosowa\u0107 si\u0119 do systemowych rozwi\u0105za\u0144 dla pomieszcze\u0144 mokrych.<\/p>\n","protected":false},"excerpt":{"rendered":"<h3 style=\"color: #0099cc;\">Sprawd\u017a cen\u0119 i aktualny stan w sklepie<br \/>\n<strong>Kontakt:<\/strong> <a href=\"mailto:info@e-adams.pl\"><u><b>info@e-adams.pl<\/b><\/u><\/a><\/h3>\n","protected":false},"featured_media":12210,"comment_status":"open","ping_status":"closed","template":"","meta":{"_acf_changed":false,"inline_featured_image":false},"product_cat":[279],"product_tag":[158,772,950],"class_list":{"0":"post-12141","1":"product","2":"type-product","3":"status-publish","4":"has-post-thumbnail","6":"product_cat-podklady-gruntujace-zaprawy-kleje-cementy","7":"product_tag-ceresit","8":"product_tag-grunt","9":"product_tag-materialy-budowlane","11":"first","12":"instock","13":"shipping-taxable","14":"purchasable","15":"product-type-simple"},"acf":[],"_links":{"self":[{"href":"https:\/\/e-adams.pl\/de\/wp-json\/wp\/v2\/product\/12141","targetHints":{"allow":["GET"]}}],"collection":[{"href":"https:\/\/e-adams.pl\/de\/wp-json\/wp\/v2\/product"}],"about":[{"href":"https:\/\/e-adams.pl\/de\/wp-json\/wp\/v2\/types\/product"}],"replies":[{"embeddable":true,"href":"https:\/\/e-adams.pl\/de\/wp-json\/wp\/v2\/comments?post=12141"}],"wp:featuredmedia":[{"embeddable":true,"href":"https:\/\/e-adams.pl\/de\/wp-json\/wp\/v2\/media\/12210"}],"wp:attachment":[{"href":"https:\/\/e-adams.pl\/de\/wp-json\/wp\/v2\/media?parent=12141"}],"wp:term":[{"taxonomy":"product_cat","embeddable":true,"href":"https:\/\/e-adams.pl\/de\/wp-json\/wp\/v2\/product_cat?post=12141"},{"taxonomy":"product_tag","embeddable":true,"href":"https:\/\/e-adams.pl\/de\/wp-json\/wp\/v2\/product_tag?post=12141"}],"curies":[{"name":"wp","href":"https:\/\/api.w.org\/{rel}","templated":true}]}}