{"id":12144,"date":"2018-11-29T15:29:51","date_gmt":"2018-11-29T14:29:51","guid":{"rendered":"https:\/\/e-adams.pl\/sklep\/grunt-silikonowy-gn-30-5l\/"},"modified":"2023-08-18T09:33:56","modified_gmt":"2023-08-18T07:33:56","slug":"grunt-silikonowy-foveo-gn-30-5l","status":"publish","type":"product","link":"https:\/\/e-adams.pl\/de\/produkt\/grunt-silikonowy-foveo-gn-30-5l\/","title":{"rendered":"Grunt silikonowy FOVEO GN 30 &#8211; 5l"},"content":{"rendered":"<h3>Grunt silikonowy FOVEO GN 30 &#8211; 5l<\/h3>\n<p><strong>Preparat do gruntowania i wzmacniania porowatych, mocno ch\u0142onnych pod\u0142o\u017cy mineralnych<br \/>\nZu\u017cycie:<\/strong> do 10 m2\/L<\/p>\n<p><img loading=\"lazy\" decoding=\"async\" class=\"aligncenter size-full wp-image-12231\" src=\"https:\/\/e-adams.pl\/wp-content\/uploads\/2018\/12\/grunt-silikonowy-foveo-gn-30-5l.jpg\" alt=\"grunt silikonowy foveo, Foveo gn 30 5l, grunt foveo gn30, preparat do gruntowania, grunt pod tynki mineralne \u017bary, Budowlanka \u017bary\" width=\"400\" height=\"400\" title=\"\"><\/p>\n<p style=\"text-align: justify;\">Grunt Silikonowy GN 30 jest preparatem przeznaczonym do gruntowania i wzmacniania porowatych, mocno ch\u0142onnych pod\u0142o\u017cy mineralnych takich jak tynki cementowe i cementowo-wapienne, beton oraz cienkowarstwowe tynki mineralne b\u0119d\u0105ce ostateczn\u0105 warstw\u0105 w systemach ocieple\u0144. Stosowany jest pod Farb\u0119 Fasadow\u0105 Silikonow\u0105 FN 30 lub do jej rozcie\u0144czania oraz do uregulowania konsystencji roboczej Tynku Silikonowego TN 30. G\u0142\u0119boko wnika w pod\u0142o\u017ce, wyr\u00f3wnuje jego ch\u0142onno\u015b\u0107, zwi\u0119ksza przyczepno\u015b\u0107 farby nawierzchniowej. Ogranicza wnikanie wody w pod\u0142o\u017ce, tworzy pow\u0142oki wysoce przepuszczalne dla pary wodnej, zabezpieczaj\u0105ce przed powstawaniem przebarwie\u0144.<\/p>\n<p>&#8211; zmniejsza ch\u0142onno\u015b\u0107 pod\u0142o\u017ca<br \/>\n&#8211; redukuje powstawanie przebarwie\u0144<br \/>\n&#8211; poprawia przyczepno\u015b\u0107 farby nawierzchniowej do pod\u0142o\u017ca<br \/>\n&#8211; tworzy pow\u0142oki przepuszczalne dla pary wodnej<\/p>\n","protected":false},"excerpt":{"rendered":"<h3 style=\"color: #0099cc;\">Sprawd\u017a cen\u0119 i aktualny stan w sklepie<br \/>\n<strong>Kontakt:<\/strong> <a href=\"mailto:info@e-adams.pl\"><u><b>info@e-adams.pl<\/b><\/u><\/a><\/h3>\n","protected":false},"featured_media":12231,"comment_status":"open","ping_status":"closed","template":"","meta":{"_acf_changed":false,"inline_featured_image":false},"product_cat":[279],"product_tag":[164,772,950],"class_list":{"0":"post-12144","1":"product","2":"type-product","3":"status-publish","4":"has-post-thumbnail","6":"product_cat-podklady-gruntujace-zaprawy-kleje-cementy","7":"product_tag-foveo","8":"product_tag-grunt","9":"product_tag-materialy-budowlane","11":"first","12":"onbackorder","13":"shipping-taxable","14":"product-type-simple"},"acf":[],"_links":{"self":[{"href":"https:\/\/e-adams.pl\/de\/wp-json\/wp\/v2\/product\/12144","targetHints":{"allow":["GET"]}}],"collection":[{"href":"https:\/\/e-adams.pl\/de\/wp-json\/wp\/v2\/product"}],"about":[{"href":"https:\/\/e-adams.pl\/de\/wp-json\/wp\/v2\/types\/product"}],"replies":[{"embeddable":true,"href":"https:\/\/e-adams.pl\/de\/wp-json\/wp\/v2\/comments?post=12144"}],"wp:featuredmedia":[{"embeddable":true,"href":"https:\/\/e-adams.pl\/de\/wp-json\/wp\/v2\/media\/12231"}],"wp:attachment":[{"href":"https:\/\/e-adams.pl\/de\/wp-json\/wp\/v2\/media?parent=12144"}],"wp:term":[{"taxonomy":"product_cat","embeddable":true,"href":"https:\/\/e-adams.pl\/de\/wp-json\/wp\/v2\/product_cat?post=12144"},{"taxonomy":"product_tag","embeddable":true,"href":"https:\/\/e-adams.pl\/de\/wp-json\/wp\/v2\/product_tag?post=12144"}],"curies":[{"name":"wp","href":"https:\/\/api.w.org\/{rel}","templated":true}]}}